{"id":3724,"date":"2022-03-31T08:33:57","date_gmt":"2022-03-31T02:33:57","guid":{"rendered":"https:\/\/r2-toys.com\/?post_type=product&#038;p=3724"},"modified":"2026-01-03T04:04:13","modified_gmt":"2026-01-02T22:04:13","slug":"echo","status":"publish","type":"product","link":"https:\/\/r2-toys.com\/index.php\/product\/echo\/","title":{"rendered":"Echo"},"content":{"rendered":"<p>El ex ARC Trooper Echo se uni\u00f3 a Bad Batch hacia el final de las Guerras Clon despu\u00e9s de su rescate. Durante sus a\u00f1os como soldado en el Gran Ej\u00e9rcito de la Rep\u00fablica, Echo demostr\u00f3 ser uno de los clones m\u00e1s valientes, integral en la defensa de la Estaci\u00f3n Rishi y la Ciudad Tipoca. Como parte de Clone Force 99, el conocimiento de Echo de las t\u00e1cticas y estrategias militares adecuadas proporciona informaci\u00f3n valiosa, mientras que sus implantes cibern\u00e9ticos y de brazo encajado le otorgan la capacidad \u00fanica de interactuar con sistemas inform\u00e1ticos.<\/p>\n<p>Esta figura de 15cm presenta m\u00faltiples puntos de articulaci\u00f3n y dise\u00f1o incre\u00edble. Incluye accesorios.<\/p>\n<p>Edad recomendada: 4 a\u00f1os en adelante<\/p>\n<p>\u26a0\ufe0fADVERTENCIA: PELIGRO DE ASFIXIA &#8211; Piezas peque\u00f1as. No apto para ni\u00f1os menores de 4 a\u00f1os.<\/p>\n<p>Los productos Star Wars son producidos por Hasbro bajo licencia de Lucasfilm Ltd.<\/p>\n<p>Hasbro y todos los t\u00e9rminos relacionados son marcas registradas de Hasbro.<\/p>\n","protected":false},"excerpt":{"rendered":"<p>El ex ARC Trooper Echo se uni\u00f3 a Bad Batch hacia el final de las Guerras Clon despu\u00e9s de su rescate. Durante sus a\u00f1os como soldado en el Gran Ej\u00e9rcito de la Rep\u00fablica, Echo demostr\u00f3 ser uno de los clones m\u00e1s valientes, integral en la defensa de la Estaci\u00f3n Rishi y la Ciudad Tipoca.<\/p>\n","protected":false},"featured_media":4566,"comment_status":"open","ping_status":"closed","template":"","meta":[],"product_brand":[],"product_cat":[28],"product_tag":[],"class_list":{"0":"post-3724","1":"product","2":"type-product","3":"status-publish","4":"has-post-thumbnail","6":"product_cat-black-series","8":"first","9":"instock","10":"taxable","11":"shipping-taxable","12":"purchasable","13":"product-type-simple"},"_links":{"self":[{"href":"https:\/\/r2-toys.com\/index.php\/wp-json\/wp\/v2\/product\/3724","targetHints":{"allow":["GET"]}}],"collection":[{"href":"https:\/\/r2-toys.com\/index.php\/wp-json\/wp\/v2\/product"}],"about":[{"href":"https:\/\/r2-toys.com\/index.php\/wp-json\/wp\/v2\/types\/product"}],"replies":[{"embeddable":true,"href":"https:\/\/r2-toys.com\/index.php\/wp-json\/wp\/v2\/comments?post=3724"}],"wp:featuredmedia":[{"embeddable":true,"href":"https:\/\/r2-toys.com\/index.php\/wp-json\/wp\/v2\/media\/4566"}],"wp:attachment":[{"href":"https:\/\/r2-toys.com\/index.php\/wp-json\/wp\/v2\/media?parent=3724"}],"wp:term":[{"taxonomy":"product_brand","embeddable":true,"href":"https:\/\/r2-toys.com\/index.php\/wp-json\/wp\/v2\/product_brand?post=3724"},{"taxonomy":"product_cat","embeddable":true,"href":"https:\/\/r2-toys.com\/index.php\/wp-json\/wp\/v2\/product_cat?post=3724"},{"taxonomy":"product_tag","embeddable":true,"href":"https:\/\/r2-toys.com\/index.php\/wp-json\/wp\/v2\/product_tag?post=3724"}],"curies":[{"name":"wp","href":"https:\/\/api.w.org\/{rel}","templated":true}]}}