{"id":3735,"date":"2022-03-31T09:43:29","date_gmt":"2022-03-31T03:43:29","guid":{"rendered":"https:\/\/r2-toys.com\/?post_type=product&#038;p=3735"},"modified":"2026-03-27T07:33:37","modified_gmt":"2026-03-27T01:33:37","slug":"axe-woves","status":"publish","type":"product","link":"https:\/\/r2-toys.com\/index.php\/product\/axe-woves\/","title":{"rendered":"Axe Woves"},"content":{"rendered":"<p>Mandaloriano que sirvi\u00f3 con la resistencia mandaloriana durante el reinado de la Nueva Rep\u00fablica. Alrededor del 9 DBY, Woves estaba en la luna de Trask junto a los combatientes de la resistencia Lady Bo-Katan Kryze y Koska Reeves, cuando rescataron a otro mandaloriano llamado Din Djarin de un grupo de quarren.<\/p>\n<p>Esta figura de 9,5 cm cuenta con un excelente<span class=\"Apple-converted-space\">\u00a0 <\/span>dise\u00f1o, en empaques inspirados en la l\u00ednea original e incluye 1 accesorio.<\/p>\n<p>Edad recomendada: 4 a\u00f1os en adelante<\/p>\n<p>\u26a0\ufe0fADVERTENCIA: PELIGRO DE ASFIXIA &#8211; Piezas peque\u00f1as. No apto para ni\u00f1os menores de 4 a\u00f1os.<\/p>\n<p>Los productos Star Wars son producidos por Hasbro bajo licencia de Lucasfilm Ltd.<\/p>\n<p>Hasbro y todos los t\u00e9rminos relacionados son marcas registradas de Hasbro.<\/p>\n","protected":false},"excerpt":{"rendered":"<p>Mandaloriano que sirvi\u00f3 con la resistencia mandaloriana durante el reinado de la Nueva Rep\u00fablica. Alrededor del 9 DBY, Woves estaba en la luna de Trask junto a los combatientes de la resistencia Lady Bo-Katan Kryze y Koska Reeves, cuando rescataron a otro mandaloriano llamado Din Djarin de un grupo de quarren.<\/p>\n","protected":false},"featured_media":5024,"comment_status":"open","ping_status":"closed","template":"","meta":[],"product_brand":[],"product_cat":[29],"product_tag":[],"class_list":{"0":"post-3735","1":"product","2":"type-product","3":"status-publish","4":"has-post-thumbnail","6":"product_cat-vintage","8":"first","9":"instock","10":"taxable","11":"shipping-taxable","12":"purchasable","13":"product-type-simple"},"_links":{"self":[{"href":"https:\/\/r2-toys.com\/index.php\/wp-json\/wp\/v2\/product\/3735","targetHints":{"allow":["GET"]}}],"collection":[{"href":"https:\/\/r2-toys.com\/index.php\/wp-json\/wp\/v2\/product"}],"about":[{"href":"https:\/\/r2-toys.com\/index.php\/wp-json\/wp\/v2\/types\/product"}],"replies":[{"embeddable":true,"href":"https:\/\/r2-toys.com\/index.php\/wp-json\/wp\/v2\/comments?post=3735"}],"wp:featuredmedia":[{"embeddable":true,"href":"https:\/\/r2-toys.com\/index.php\/wp-json\/wp\/v2\/media\/5024"}],"wp:attachment":[{"href":"https:\/\/r2-toys.com\/index.php\/wp-json\/wp\/v2\/media?parent=3735"}],"wp:term":[{"taxonomy":"product_brand","embeddable":true,"href":"https:\/\/r2-toys.com\/index.php\/wp-json\/wp\/v2\/product_brand?post=3735"},{"taxonomy":"product_cat","embeddable":true,"href":"https:\/\/r2-toys.com\/index.php\/wp-json\/wp\/v2\/product_cat?post=3735"},{"taxonomy":"product_tag","embeddable":true,"href":"https:\/\/r2-toys.com\/index.php\/wp-json\/wp\/v2\/product_tag?post=3735"}],"curies":[{"name":"wp","href":"https:\/\/api.w.org\/{rel}","templated":true}]}}