{"id":3741,"date":"2022-03-31T10:25:15","date_gmt":"2022-03-31T04:25:15","guid":{"rendered":"https:\/\/r2-toys.com\/?post_type=product&#038;p=3741"},"modified":"2023-10-02T18:48:38","modified_gmt":"2023-10-02T12:48:38","slug":"koska-reeves-2","status":"publish","type":"product","link":"https:\/\/r2-toys.com\/index.php\/product\/koska-reeves-2\/","title":{"rendered":"Koska Reeves"},"content":{"rendered":"<p>Fue una mandaloriana humana que era miembro de los B\u00fahos Nocturnos. Varios a\u00f1os despu\u00e9s de la Gran Purga de Mandalore, Reeves estaba en la luna de Trask, donde ayud\u00f3 a robar un crucero clase Gozanti Imperial junto a Lady Bo-Katan Kryze, Axe Woves y Din Djarin.<\/p>\n<p>Esta figura de 9,5 cm cuenta con un excelente<span class=\"Apple-converted-space\">\u00a0 <\/span>dise\u00f1o, en empaques inspirados en la l\u00ednea original e incluye 1 accesorio.<\/p>\n<p>Edad recomendada: 4 a\u00f1os en adelante<\/p>\n<p>\u26a0\ufe0fADVERTENCIA: PELIGRO DE ASFIXIA &#8211; Piezas peque\u00f1as. No apto para ni\u00f1os menores de 4 a\u00f1os.<\/p>\n<p>Los productos Star Wars son producidos por Hasbro bajo licencia de Lucasfilm Ltd.<\/p>\n<p>Hasbro y todos los t\u00e9rminos relacionados son marcas registradas de Hasbro.<\/p>\n","protected":false},"excerpt":{"rendered":"<p>Fue una mandaloriana humana que era miembro de los B\u00fahos Nocturnos. Varios a\u00f1os despu\u00e9s de la Gran Purga de Mandalore, Reeves estaba en la luna de Trask, donde ayud\u00f3 a robar un crucero clase Gozanti Imperial junto a Lady Bo-Katan Kryze, Axe Woves y Din Djarin.<\/p>\n","protected":false},"featured_media":4657,"comment_status":"open","ping_status":"closed","template":"","meta":[],"product_brand":[],"product_cat":[29],"product_tag":[],"class_list":{"0":"post-3741","1":"product","2":"type-product","3":"status-publish","4":"has-post-thumbnail","6":"product_cat-vintage","8":"first","9":"instock","10":"taxable","11":"shipping-taxable","12":"purchasable","13":"product-type-simple"},"_links":{"self":[{"href":"https:\/\/r2-toys.com\/index.php\/wp-json\/wp\/v2\/product\/3741","targetHints":{"allow":["GET"]}}],"collection":[{"href":"https:\/\/r2-toys.com\/index.php\/wp-json\/wp\/v2\/product"}],"about":[{"href":"https:\/\/r2-toys.com\/index.php\/wp-json\/wp\/v2\/types\/product"}],"replies":[{"embeddable":true,"href":"https:\/\/r2-toys.com\/index.php\/wp-json\/wp\/v2\/comments?post=3741"}],"wp:featuredmedia":[{"embeddable":true,"href":"https:\/\/r2-toys.com\/index.php\/wp-json\/wp\/v2\/media\/4657"}],"wp:attachment":[{"href":"https:\/\/r2-toys.com\/index.php\/wp-json\/wp\/v2\/media?parent=3741"}],"wp:term":[{"taxonomy":"product_brand","embeddable":true,"href":"https:\/\/r2-toys.com\/index.php\/wp-json\/wp\/v2\/product_brand?post=3741"},{"taxonomy":"product_cat","embeddable":true,"href":"https:\/\/r2-toys.com\/index.php\/wp-json\/wp\/v2\/product_cat?post=3741"},{"taxonomy":"product_tag","embeddable":true,"href":"https:\/\/r2-toys.com\/index.php\/wp-json\/wp\/v2\/product_tag?post=3741"}],"curies":[{"name":"wp","href":"https:\/\/api.w.org\/{rel}","templated":true}]}}