{"id":3747,"date":"2022-03-31T10:47:44","date_gmt":"2022-03-31T04:47:44","guid":{"rendered":"https:\/\/r2-toys.com\/?post_type=product&#038;p=3747"},"modified":"2025-12-13T06:53:48","modified_gmt":"2025-12-13T00:53:48","slug":"karre-visions","status":"publish","type":"product","link":"https:\/\/r2-toys.com\/index.php\/product\/karre-visions\/","title":{"rendered":"Karre Visions 504"},"content":{"rendered":"<p>Criado por el Imperio Gal\u00e1ctico con su hermana gemela, Am. Karre y Am fueron creados usando el lado oscuro de la Fuerza y \u200b\u200bcriados para destruir la Nueva Rep\u00fablica. Karre empu\u00f1aba un sable de luz azul como arma. Queriendo salvar a su hermana de la muerte despu\u00e9s de la activaci\u00f3n de su Destructor Estelar clase G\u00e9minis, Karre rob\u00f3 su cristal kyber y escap\u00f3.<\/p>\n<p>Desde 1977 la saga de Star Wars ha sido un movimiento revolucionario de la cultura pop generaci\u00f3n tras generaci\u00f3n, reclutando fans y seguidores, creando para ellos diversas producciones del amplio universo. Gracias a FunkoPop podemos tener incre\u00edbles figuras de tus personajes favoritos con incre\u00edbles dise\u00f1os.<\/p>\n<p>Altura aproximada de 11 cm<\/p>\n<p>Empaque con ventana para su exhibici\u00f3n<\/p>\n<p>Fabricados en Vinyl<\/p>\n<p>Edad recomendada: 4 a\u00f1os en adelante<\/p>\n","protected":false},"excerpt":{"rendered":"<p>Criado por el Imperio Gal\u00e1ctico con su hermana gemela, Am. Karre y Am fueron creados usando el lado oscuro de la Fuerza y \u200b\u200bcriados para destruir la Nueva Rep\u00fablica. Karre empu\u00f1aba un sable de luz azul como arma. Queriendo salvar a su hermana de la muerte despu\u00e9s de la activaci\u00f3n de su Destructor Estelar clase G\u00e9minis, Karre rob\u00f3 su cristal kyber y escap\u00f3.<\/p>\n","protected":false},"featured_media":4288,"comment_status":"open","ping_status":"closed","template":"","meta":[],"product_brand":[],"product_cat":[20],"product_tag":[],"class_list":{"0":"post-3747","1":"product","2":"type-product","3":"status-publish","4":"has-post-thumbnail","6":"product_cat-funko1","8":"first","9":"instock","10":"taxable","11":"shipping-taxable","12":"purchasable","13":"product-type-simple"},"_links":{"self":[{"href":"https:\/\/r2-toys.com\/index.php\/wp-json\/wp\/v2\/product\/3747","targetHints":{"allow":["GET"]}}],"collection":[{"href":"https:\/\/r2-toys.com\/index.php\/wp-json\/wp\/v2\/product"}],"about":[{"href":"https:\/\/r2-toys.com\/index.php\/wp-json\/wp\/v2\/types\/product"}],"replies":[{"embeddable":true,"href":"https:\/\/r2-toys.com\/index.php\/wp-json\/wp\/v2\/comments?post=3747"}],"wp:featuredmedia":[{"embeddable":true,"href":"https:\/\/r2-toys.com\/index.php\/wp-json\/wp\/v2\/media\/4288"}],"wp:attachment":[{"href":"https:\/\/r2-toys.com\/index.php\/wp-json\/wp\/v2\/media?parent=3747"}],"wp:term":[{"taxonomy":"product_brand","embeddable":true,"href":"https:\/\/r2-toys.com\/index.php\/wp-json\/wp\/v2\/product_brand?post=3747"},{"taxonomy":"product_cat","embeddable":true,"href":"https:\/\/r2-toys.com\/index.php\/wp-json\/wp\/v2\/product_cat?post=3747"},{"taxonomy":"product_tag","embeddable":true,"href":"https:\/\/r2-toys.com\/index.php\/wp-json\/wp\/v2\/product_tag?post=3747"}],"curies":[{"name":"wp","href":"https:\/\/api.w.org\/{rel}","templated":true}]}}