{"id":3749,"date":"2022-04-29T13:41:42","date_gmt":"2022-04-29T07:41:42","guid":{"rendered":"https:\/\/r2-toys.com\/?post_type=product&#038;p=3749"},"modified":"2022-09-26T04:33:21","modified_gmt":"2022-09-25T22:33:21","slug":"the-yamdalorian-and-the-tot","status":"publish","type":"product","link":"https:\/\/r2-toys.com\/index.php\/product\/the-yamdalorian-and-the-tot\/","title":{"rendered":"The Yamdalorian and the Tot"},"content":{"rendered":"<p>\u00a1Las papas son el camino! Conoce las versiones Yamdalorian y Tot, Potato Head de los personajes de la serie Star Wars, The Mandalorian. Este juguete creativo para ni\u00f1os en edad preescolar cuenta con un cuerpo de patata, una base con pies, casco, armadura, capa, ojos, 2 brazos, 2 orejas, nariz y bigote. Adem\u00e1s, la adorable figura de Tot inspirada en Grogu cabe dentro de la bolsa incluida de Yamdalorian. Los accesorios est\u00e1n dise\u00f1ados para manos peque\u00f1as, por lo que a los ni\u00f1os les encantar\u00e1 imaginar aventuras intergal\u00e1cticas con este d\u00fao din\u00e1mico de papas. Este juguete Potato Head es un gran regalo de cumplea\u00f1os y regalo de vacaciones para cualquier fan de Star Wars de 2 a\u00f1os en adelante. La mayor\u00eda de las piezas son compatibles con otros juguetes Mr. Potato Head, Mrs. Potato Head y Potato Head.<span class=\"Apple-converted-space\">\u00a0<\/span><\/p>\n<p>Incluye 1 cuerpo de patata grande y 13 accesorios.<\/p>\n<p>Edad recomendada: 3 a\u00f1os en adelante<\/p>\n<p>\u26a0\ufe0fADVERTENCIA: PELIGRO DE ASFIXIA &#8211; Piezas peque\u00f1as. No apto para ni\u00f1os menores de 3 a\u00f1os.<\/p>\n<p>Los productos Star Wars son producidos por Hasbro bajo licencia de Lucasfilm Ltd.<\/p>\n<p>Hasbro y todos los t\u00e9rminos relacionados son marcas registradas de Hasbro.<\/p>\n","protected":false},"excerpt":{"rendered":"<p>\u00a1Las papas son el camino! Conoce las versiones Yamdalorian y Tot, Potato Head de los personajes de la serie Star Wars, The Mandalorian. Este juguete creativo para ni\u00f1os en edad preescolar cuenta con un cuerpo de patata, una base con pies, casco, armadura, capa, ojos, 2 brazos, 2 orejas, nariz y bigote.<\/p>\n","protected":false},"featured_media":4269,"comment_status":"open","ping_status":"closed","template":"","meta":[],"product_brand":[],"product_cat":[33],"product_tag":[],"class_list":{"0":"post-3749","1":"product","2":"type-product","3":"status-publish","4":"has-post-thumbnail","6":"product_cat-otros","8":"first","9":"instock","10":"taxable","11":"shipping-taxable","12":"purchasable","13":"product-type-simple"},"_links":{"self":[{"href":"https:\/\/r2-toys.com\/index.php\/wp-json\/wp\/v2\/product\/3749","targetHints":{"allow":["GET"]}}],"collection":[{"href":"https:\/\/r2-toys.com\/index.php\/wp-json\/wp\/v2\/product"}],"about":[{"href":"https:\/\/r2-toys.com\/index.php\/wp-json\/wp\/v2\/types\/product"}],"replies":[{"embeddable":true,"href":"https:\/\/r2-toys.com\/index.php\/wp-json\/wp\/v2\/comments?post=3749"}],"wp:featuredmedia":[{"embeddable":true,"href":"https:\/\/r2-toys.com\/index.php\/wp-json\/wp\/v2\/media\/4269"}],"wp:attachment":[{"href":"https:\/\/r2-toys.com\/index.php\/wp-json\/wp\/v2\/media?parent=3749"}],"wp:term":[{"taxonomy":"product_brand","embeddable":true,"href":"https:\/\/r2-toys.com\/index.php\/wp-json\/wp\/v2\/product_brand?post=3749"},{"taxonomy":"product_cat","embeddable":true,"href":"https:\/\/r2-toys.com\/index.php\/wp-json\/wp\/v2\/product_cat?post=3749"},{"taxonomy":"product_tag","embeddable":true,"href":"https:\/\/r2-toys.com\/index.php\/wp-json\/wp\/v2\/product_tag?post=3749"}],"curies":[{"name":"wp","href":"https:\/\/api.w.org\/{rel}","templated":true}]}}