{"id":378,"date":"2021-08-06T13:48:09","date_gmt":"2021-08-06T07:48:09","guid":{"rendered":"https:\/\/r2-toys.com\/?post_type=product&#038;p=378"},"modified":"2026-01-03T06:46:58","modified_gmt":"2026-01-03T00:46:58","slug":"han-solo-endor-2","status":"publish","type":"product","link":"https:\/\/r2-toys.com\/index.php\/product\/han-solo-endor-2\/","title":{"rendered":"Han Solo Endor"},"content":{"rendered":"<p>Han Solo se ofreci\u00f3 como voluntario para liderar la misi\u00f3n de destruir el generador de escudo de la nueva Estrella de la Muerte en la luna forestal de Endor, donde \u00e9l y su equipo de ataque se encontraron con Scout Troopers y Ewoks.<\/p>\n<p>La figura de la serie Black a escala de 15 cm se detalla para parecerse al personaje de Han Solo (Endor) de Star Wars: Return of the Jedi, con detalles premium y m\u00faltiples puntos de articulaci\u00f3n (4 extremidades completamente articuladas).<\/p>\n<p>Incluye: figura y accesorio.<\/p>\n<p>Los fan\u00e1ticos y coleccionistas pueden imaginar escenas de Star Wars Galaxy con este juguete premium de Han Solo (Endor), inspirado en la pel\u00edcula Star Wars: El retorno del Jedi.<\/p>\n<p>Esta figura de acci\u00f3n de Star Wars The Black Series viene con un accesorio bl\u00e1ster inspirado en Han Solo (Endor) que es una gran adici\u00f3n a cualquier colecci\u00f3n de Star Wars.<\/p>\n<p>\u26a0\ufe0f ADVERTENCIA: PELIGRO DE ASFIXIA &#8211; Piezas peque\u00f1as. No apto para ni\u00f1os menores de 4 a\u00f1os.<\/p>\n<p>Los productos Star Wars son producidos por Hasbro bajo licencia de Lucasfilm Ltd.<\/p>\n<p>Hasbro y todos los t\u00e9rminos relacionados son marcas registradas de Hasbro.<\/p>\n<p>&nbsp;<\/p>\n<p>&nbsp;<\/p>\n","protected":false},"excerpt":{"rendered":"<p>Han Solo se ofreci\u00f3 como voluntario para liderar la misi\u00f3n de destruir el generador de escudo de la nueva Estrella de la Muerte en la luna forestal de Endor, donde \u00e9l y su equipo de ataque se encontraron con Scout Troopers y Ewoks.<\/p>\n","protected":false},"featured_media":4156,"comment_status":"open","ping_status":"closed","template":"","meta":[],"product_brand":[],"product_cat":[28],"product_tag":[],"class_list":{"0":"post-378","1":"product","2":"type-product","3":"status-publish","4":"has-post-thumbnail","6":"product_cat-black-series","8":"first","9":"instock","10":"taxable","11":"shipping-taxable","12":"purchasable","13":"product-type-simple"},"_links":{"self":[{"href":"https:\/\/r2-toys.com\/index.php\/wp-json\/wp\/v2\/product\/378","targetHints":{"allow":["GET"]}}],"collection":[{"href":"https:\/\/r2-toys.com\/index.php\/wp-json\/wp\/v2\/product"}],"about":[{"href":"https:\/\/r2-toys.com\/index.php\/wp-json\/wp\/v2\/types\/product"}],"replies":[{"embeddable":true,"href":"https:\/\/r2-toys.com\/index.php\/wp-json\/wp\/v2\/comments?post=378"}],"wp:featuredmedia":[{"embeddable":true,"href":"https:\/\/r2-toys.com\/index.php\/wp-json\/wp\/v2\/media\/4156"}],"wp:attachment":[{"href":"https:\/\/r2-toys.com\/index.php\/wp-json\/wp\/v2\/media?parent=378"}],"wp:term":[{"taxonomy":"product_brand","embeddable":true,"href":"https:\/\/r2-toys.com\/index.php\/wp-json\/wp\/v2\/product_brand?post=378"},{"taxonomy":"product_cat","embeddable":true,"href":"https:\/\/r2-toys.com\/index.php\/wp-json\/wp\/v2\/product_cat?post=378"},{"taxonomy":"product_tag","embeddable":true,"href":"https:\/\/r2-toys.com\/index.php\/wp-json\/wp\/v2\/product_tag?post=378"}],"curies":[{"name":"wp","href":"https:\/\/api.w.org\/{rel}","templated":true}]}}