{"id":398,"date":"2021-08-06T14:06:52","date_gmt":"2021-08-06T08:06:52","guid":{"rendered":"https:\/\/r2-toys.com\/?post_type=product&#038;p=398"},"modified":"2026-01-05T02:06:30","modified_gmt":"2026-01-04T20:06:30","slug":"hunter-bad-batch","status":"publish","type":"product","link":"https:\/\/r2-toys.com\/index.php\/product\/hunter-bad-batch\/","title":{"rendered":"Hunter Bad Batch"},"content":{"rendered":"<p>El Bad Batch, t\u00e9cnicamente conocido como Clone Force 99, es el resultado de experimentos kaminoanos para crear comandos clon especializados. Hunter, su l\u00edder, es un soldado fuerte y estoico.<\/p>\n<p>La figura de la serie Black a escala de 6 pulgadas se detalla para parecerse al personaje de Bad Batch Hunter inspirado en Star Wars: The Clone Wars, con detalles premium y m\u00faltiples puntos de articulaci\u00f3n.<\/p>\n<p>Incluye: figura y 5 accesorios.<\/p>\n<p>Hunter, l\u00edder de Bad Batch, es un soldado fuerte y estoico con agudos sentidos que le dan una ventaja al rastrear objetivos.<\/p>\n<p>Los fan\u00e1ticos y coleccionistas pueden imaginar escenas de Star Wars Galaxy con este juguete premium Bad Batch Hunter, inspirado en la serie animada Star Wars: The Clone Wars.<\/p>\n<p>Esta figura de acci\u00f3n de Star Wars The Black Series viene con 5 accesorios inspirados en el entretenimiento que son excelentes adiciones a cualquier colecci\u00f3n de Star Wars.<\/p>\n<p>Los fan\u00e1ticos y coleccionistas de Star Wars pueden exhibir esta figura totalmente articulada y altamente articulada, con decoraci\u00f3n premium, en su figura de acci\u00f3n y colecci\u00f3n de veh\u00edculos.<\/p>\n<p>Busque figuras de Star Wars The Black Series inspiradas en pel\u00edculas y entretenimiento para construir una galaxia de Star Wars (cada una se vende por separado. Sujeto a disponibilidad)<\/p>\n<p>&nbsp;<\/p>\n","protected":false},"excerpt":{"rendered":"<p>El Bad Batch, t\u00e9cnicamente conocido como Clone Force 99, es el resultado de experimentos kaminoanos para crear comandos clon especializados. Hunter, su l\u00edder, es un soldado fuerte y estoico.<\/p>\n","protected":false},"featured_media":2494,"comment_status":"open","ping_status":"closed","template":"","meta":[],"product_brand":[],"product_cat":[28],"product_tag":[],"class_list":{"0":"post-398","1":"product","2":"type-product","3":"status-publish","4":"has-post-thumbnail","6":"product_cat-black-series","8":"first","9":"instock","10":"taxable","11":"shipping-taxable","12":"purchasable","13":"product-type-simple"},"_links":{"self":[{"href":"https:\/\/r2-toys.com\/index.php\/wp-json\/wp\/v2\/product\/398","targetHints":{"allow":["GET"]}}],"collection":[{"href":"https:\/\/r2-toys.com\/index.php\/wp-json\/wp\/v2\/product"}],"about":[{"href":"https:\/\/r2-toys.com\/index.php\/wp-json\/wp\/v2\/types\/product"}],"replies":[{"embeddable":true,"href":"https:\/\/r2-toys.com\/index.php\/wp-json\/wp\/v2\/comments?post=398"}],"wp:featuredmedia":[{"embeddable":true,"href":"https:\/\/r2-toys.com\/index.php\/wp-json\/wp\/v2\/media\/2494"}],"wp:attachment":[{"href":"https:\/\/r2-toys.com\/index.php\/wp-json\/wp\/v2\/media?parent=398"}],"wp:term":[{"taxonomy":"product_brand","embeddable":true,"href":"https:\/\/r2-toys.com\/index.php\/wp-json\/wp\/v2\/product_brand?post=398"},{"taxonomy":"product_cat","embeddable":true,"href":"https:\/\/r2-toys.com\/index.php\/wp-json\/wp\/v2\/product_cat?post=398"},{"taxonomy":"product_tag","embeddable":true,"href":"https:\/\/r2-toys.com\/index.php\/wp-json\/wp\/v2\/product_tag?post=398"}],"curies":[{"name":"wp","href":"https:\/\/api.w.org\/{rel}","templated":true}]}}