{"id":404,"date":"2021-08-06T14:20:54","date_gmt":"2021-08-06T08:20:54","guid":{"rendered":"https:\/\/r2-toys.com\/?post_type=product&#038;p=404"},"modified":"2025-09-06T08:01:34","modified_gmt":"2025-09-06T02:01:34","slug":"imperial-stormtrooper","status":"publish","type":"product","link":"https:\/\/r2-toys.com\/index.php\/product\/imperial-stormtrooper\/","title":{"rendered":"Imperial stormtrooper"},"content":{"rendered":"<p>Los Stormtroopers son tropas de choque de \u00e9lite fan\u00e1ticamente leales al Imperio e imposibles de influir en la causa imperial.<\/p>\n<p>La figura de la serie Black a escala de 15 cm se detalla para parecerse al personaje Imperial Stormtrooper de la serie de televisi\u00f3n de acci\u00f3n en vivo The Mandalorian, con detalles premium y m\u00faltiples puntos de articulaci\u00f3n.<\/p>\n<p>Incluye: figura y accesorio.<\/p>\n<p>Los fan\u00e1ticos y coleccionistas pueden imaginar escenas de Star Wars Galaxy con esta figura Imperial Stormtrooper, inspirada en la serie The Mandalorian en Disney Plus.<\/p>\n<p>Los fan\u00e1ticos y coleccionistas de Star Wars pueden exhibir esta figura altamente articulada (4 extremidades completamente articuladas), con decoraci\u00f3n premium, en su colecci\u00f3n de figuras de acci\u00f3n y veh\u00edculos.<\/p>\n<div>\n<p>\u26a0\ufe0f ADVERTENCIA: PELIGRO DE ASFIXIA &#8211; Piezas peque\u00f1as. No apto para ni\u00f1os menores de 4 a\u00f1os.<\/p>\n<\/div>\n<div>\n<p>Los productos Star Wars son producidos por Hasbro bajo licencia de Lucasfilm Ltd.<\/p>\n<\/div>\n<div>\n<p>Hasbro y todos los t\u00e9rminos relacionados son marcas registradas de Hasbro.<\/p>\n<\/div>\n","protected":false},"excerpt":{"rendered":"<p>Los Stormtroopers son tropas de choque de \u00e9lite fan\u00e1ticamente leales al Imperio e imposibles de influir en la causa imperial.<\/p>\n","protected":false},"featured_media":2503,"comment_status":"open","ping_status":"closed","template":"","meta":[],"product_brand":[],"product_cat":[28],"product_tag":[],"class_list":{"0":"post-404","1":"product","2":"type-product","3":"status-publish","4":"has-post-thumbnail","6":"product_cat-black-series","8":"first","9":"instock","10":"taxable","11":"shipping-taxable","12":"purchasable","13":"product-type-simple"},"_links":{"self":[{"href":"https:\/\/r2-toys.com\/index.php\/wp-json\/wp\/v2\/product\/404","targetHints":{"allow":["GET"]}}],"collection":[{"href":"https:\/\/r2-toys.com\/index.php\/wp-json\/wp\/v2\/product"}],"about":[{"href":"https:\/\/r2-toys.com\/index.php\/wp-json\/wp\/v2\/types\/product"}],"replies":[{"embeddable":true,"href":"https:\/\/r2-toys.com\/index.php\/wp-json\/wp\/v2\/comments?post=404"}],"wp:featuredmedia":[{"embeddable":true,"href":"https:\/\/r2-toys.com\/index.php\/wp-json\/wp\/v2\/media\/2503"}],"wp:attachment":[{"href":"https:\/\/r2-toys.com\/index.php\/wp-json\/wp\/v2\/media?parent=404"}],"wp:term":[{"taxonomy":"product_brand","embeddable":true,"href":"https:\/\/r2-toys.com\/index.php\/wp-json\/wp\/v2\/product_brand?post=404"},{"taxonomy":"product_cat","embeddable":true,"href":"https:\/\/r2-toys.com\/index.php\/wp-json\/wp\/v2\/product_cat?post=404"},{"taxonomy":"product_tag","embeddable":true,"href":"https:\/\/r2-toys.com\/index.php\/wp-json\/wp\/v2\/product_tag?post=404"}],"curies":[{"name":"wp","href":"https:\/\/api.w.org\/{rel}","templated":true}]}}