{"id":408,"date":"2021-08-06T14:25:30","date_gmt":"2021-08-06T08:25:30","guid":{"rendered":"https:\/\/r2-toys.com\/?post_type=product&#038;p=408"},"modified":"2025-12-30T05:15:42","modified_gmt":"2025-12-29T23:15:42","slug":"jar-jar-binks","status":"publish","type":"product","link":"https:\/\/r2-toys.com\/index.php\/product\/jar-jar-binks\/","title":{"rendered":"JAR JAR BINKS"},"content":{"rendered":"<p>Jar Jar pasa gran parte de su tiempo en el pantano de Naboo. All\u00ed es donde el infortunado Gungan se encuentra con un par de Jedi mientras eluden a las fuerzas enemigas.<\/p>\n<p>Jar Jar Binks, un torpe y bien intencionado marginado de Gungan en Naboo, luch\u00f3 por demostrar su val\u00eda a lo largo de su vida.<\/p>\n<p>La figura de lujo de The Black Series Jar Jar Binks de escala de 15 cm, est\u00e1 cuidadosamente detallada para parecerse al personaje de The Phantom Menace, con detalles premium y m\u00faltiples puntos de articulaci\u00f3n.<\/p>\n<p>Incluye: figura y 3 accesorios.<\/p>\n<div>\n<p>\u26a0\ufe0f ADVERTENCIA: PELIGRO DE ASFIXIA &#8211; Piezas peque\u00f1as. No apto para ni\u00f1os menores de 4 a\u00f1os.<\/p>\n<\/div>\n<div>\n<p>Los productos Star Wars son producidos por Hasbro bajo licencia de Lucasfilm Ltd.<\/p>\n<\/div>\n<div>\n<p>Hasbro y todos los t\u00e9rminos relacionados son marcas registradas de Hasbro.<\/p>\n<\/div>\n","protected":false},"excerpt":{"rendered":"<p>Jar Jar pasa gran parte de su tiempo en el pantano de Naboo. All\u00ed es donde el infortunado Gungan se encuentra con un par de Jedi mientras eluden a las fuerzas enemigas.<\/p>\n<p>Jar Jar Binks, un torpe y bien intencionado marginado de Gungan en Naboo, luch\u00f3 por demostrar su val\u00eda a lo largo de su vida.<\/p>\n","protected":false},"featured_media":2507,"comment_status":"open","ping_status":"closed","template":"","meta":[],"product_brand":[],"product_cat":[28],"product_tag":[],"class_list":{"0":"post-408","1":"product","2":"type-product","3":"status-publish","4":"has-post-thumbnail","6":"product_cat-black-series","8":"first","9":"instock","10":"taxable","11":"shipping-taxable","12":"purchasable","13":"product-type-simple"},"_links":{"self":[{"href":"https:\/\/r2-toys.com\/index.php\/wp-json\/wp\/v2\/product\/408","targetHints":{"allow":["GET"]}}],"collection":[{"href":"https:\/\/r2-toys.com\/index.php\/wp-json\/wp\/v2\/product"}],"about":[{"href":"https:\/\/r2-toys.com\/index.php\/wp-json\/wp\/v2\/types\/product"}],"replies":[{"embeddable":true,"href":"https:\/\/r2-toys.com\/index.php\/wp-json\/wp\/v2\/comments?post=408"}],"wp:featuredmedia":[{"embeddable":true,"href":"https:\/\/r2-toys.com\/index.php\/wp-json\/wp\/v2\/media\/2507"}],"wp:attachment":[{"href":"https:\/\/r2-toys.com\/index.php\/wp-json\/wp\/v2\/media?parent=408"}],"wp:term":[{"taxonomy":"product_brand","embeddable":true,"href":"https:\/\/r2-toys.com\/index.php\/wp-json\/wp\/v2\/product_brand?post=408"},{"taxonomy":"product_cat","embeddable":true,"href":"https:\/\/r2-toys.com\/index.php\/wp-json\/wp\/v2\/product_cat?post=408"},{"taxonomy":"product_tag","embeddable":true,"href":"https:\/\/r2-toys.com\/index.php\/wp-json\/wp\/v2\/product_tag?post=408"}],"curies":[{"name":"wp","href":"https:\/\/api.w.org\/{rel}","templated":true}]}}