{"id":4205,"date":"2022-04-06T08:04:15","date_gmt":"2022-04-06T02:04:15","guid":{"rendered":"https:\/\/r2-toys.com\/?post_type=product&#038;p=4205"},"modified":"2022-09-17T20:25:28","modified_gmt":"2022-09-17T14:25:28","slug":"boba-fett-490-exclusivo","status":"publish","type":"product","link":"https:\/\/r2-toys.com\/index.php\/product\/boba-fett-490-exclusivo\/","title":{"rendered":"Boba Fett (490) Exclusivo"},"content":{"rendered":"<p>Fue uno de varios cazarrecompensas reclutados por Darth Vader para rastrear el Halc\u00f3n Milenario despu\u00e9s de la Batalla de Hoth, y fue el \u00fanico que tuvo \u00e9xito.<\/p>\n<p>Cinco a\u00f1os despu\u00e9s de la ca\u00edda del Imperio, Boba Fett reaparece de las sombras en Tatoine para reclamar su lugar en la galaxia.<\/p>\n<p>Desde 1977 la saga de Star Wars ha sido un movimiento revolucionario de la cultura pop generaci\u00f3n tras generaci\u00f3n, reclutando fans y seguidores, creando para ellos diversas producciones del amplio universo. Gracias a FunkoPop podemos tener incre\u00edbles figuras de tus personajes favoritos con incre\u00edbles dise\u00f1os.<\/p>\n<p>Empaque con ventana para su exhibici\u00f3n<\/p>\n<p>Fabricados en Vinyl<\/p>\n<p>Edad recomendada: 4 a\u00f1os en adelante<\/p>\n<p>\u26a0\ufe0fADVERTENCIA: PELIGRO DE ASFIXIA &#8211; Piezas peque\u00f1as. No apto para ni\u00f1os menores de 4 a\u00f1os.<\/p>\n<p>Los productos Star Wars son producidos por FUNKO bajo licencia de Lucasfilm Ltd. y Disney<\/p>\n<p>FUNKO, Walmart y todos los t\u00e9rminos relacionados son marcas registradas Funko y Walmart.<\/p>\n","protected":false},"excerpt":{"rendered":"<p>Fue uno de varios cazarrecompensas reclutados por Darth Vader para rastrear el Halc\u00f3n Milenario despu\u00e9s de la Batalla de Hoth, y fue el \u00fanico que tuvo \u00e9xito.<\/p>\n","protected":false},"featured_media":4209,"comment_status":"open","ping_status":"closed","template":"","meta":[],"product_brand":[],"product_cat":[20],"product_tag":[],"class_list":{"0":"post-4205","1":"product","2":"type-product","3":"status-publish","4":"has-post-thumbnail","6":"product_cat-funko1","8":"first","9":"instock","10":"taxable","11":"shipping-taxable","12":"purchasable","13":"product-type-simple"},"_links":{"self":[{"href":"https:\/\/r2-toys.com\/index.php\/wp-json\/wp\/v2\/product\/4205","targetHints":{"allow":["GET"]}}],"collection":[{"href":"https:\/\/r2-toys.com\/index.php\/wp-json\/wp\/v2\/product"}],"about":[{"href":"https:\/\/r2-toys.com\/index.php\/wp-json\/wp\/v2\/types\/product"}],"replies":[{"embeddable":true,"href":"https:\/\/r2-toys.com\/index.php\/wp-json\/wp\/v2\/comments?post=4205"}],"wp:featuredmedia":[{"embeddable":true,"href":"https:\/\/r2-toys.com\/index.php\/wp-json\/wp\/v2\/media\/4209"}],"wp:attachment":[{"href":"https:\/\/r2-toys.com\/index.php\/wp-json\/wp\/v2\/media?parent=4205"}],"wp:term":[{"taxonomy":"product_brand","embeddable":true,"href":"https:\/\/r2-toys.com\/index.php\/wp-json\/wp\/v2\/product_brand?post=4205"},{"taxonomy":"product_cat","embeddable":true,"href":"https:\/\/r2-toys.com\/index.php\/wp-json\/wp\/v2\/product_cat?post=4205"},{"taxonomy":"product_tag","embeddable":true,"href":"https:\/\/r2-toys.com\/index.php\/wp-json\/wp\/v2\/product_tag?post=4205"}],"curies":[{"name":"wp","href":"https:\/\/api.w.org\/{rel}","templated":true}]}}