{"id":4233,"date":"2022-04-22T01:30:51","date_gmt":"2022-04-21T19:30:51","guid":{"rendered":"https:\/\/r2-toys.com\/?post_type=product&#038;p=4233"},"modified":"2025-12-31T23:49:25","modified_gmt":"2025-12-31T17:49:25","slug":"star-wars-the-vintage-collection-imperial-death-trooper-4-pack","status":"publish","type":"product","link":"https:\/\/r2-toys.com\/index.php\/product\/star-wars-the-vintage-collection-imperial-death-trooper-4-pack\/","title":{"rendered":"Star Wars The Vintage Collection Imperial Death Trooper 4-Pack"},"content":{"rendered":"<p>Soldados imperiales de \u00e9lite, visten una armadura de soldado de asalto especializada con un brillo oscuro y siniestro. Sirven como guardaespaldas y ejecutores de altos mandos imperiales.<\/p>\n<p>Esta figura de 9,5 cm cuenta con un excelente<span class=\"Apple-converted-space\">\u00a0 <\/span>dise\u00f1o, en empaques inspirados en la l\u00ednea original, incluye 4 figuras y 6 accesorios.<\/p>\n<p>Edad recomendada: 4 a\u00f1os en adelante<\/p>\n<p>\u26a0\ufe0fADVERTENCIA: PELIGRO DE ASFIXIA &#8211; Piezas peque\u00f1as. No apto para ni\u00f1os menores de 4 a\u00f1os.<\/p>\n<p>Los productos Star Wars son producidos por Hasbro bajo licencia de Lucasfilm Ltd.<\/p>\n<p>Hasbro y todos los t\u00e9rminos relacionados son marcas registradas de Hasbro<\/p>\n","protected":false},"excerpt":{"rendered":"<p>Soldados imperiales de \u00e9lite, visten una armadura de soldado de asalto especializada con un brillo oscuro y siniestro. Sirven como guardaespaldas y ejecutores de altos mandos imperiales.<\/p>\n","protected":false},"featured_media":4751,"comment_status":"open","ping_status":"closed","template":"","meta":[],"product_brand":[],"product_cat":[29],"product_tag":[],"class_list":{"0":"post-4233","1":"product","2":"type-product","3":"status-publish","4":"has-post-thumbnail","6":"product_cat-vintage","8":"first","9":"outofstock","10":"taxable","11":"shipping-taxable","12":"purchasable","13":"product-type-simple"},"_links":{"self":[{"href":"https:\/\/r2-toys.com\/index.php\/wp-json\/wp\/v2\/product\/4233","targetHints":{"allow":["GET"]}}],"collection":[{"href":"https:\/\/r2-toys.com\/index.php\/wp-json\/wp\/v2\/product"}],"about":[{"href":"https:\/\/r2-toys.com\/index.php\/wp-json\/wp\/v2\/types\/product"}],"replies":[{"embeddable":true,"href":"https:\/\/r2-toys.com\/index.php\/wp-json\/wp\/v2\/comments?post=4233"}],"wp:featuredmedia":[{"embeddable":true,"href":"https:\/\/r2-toys.com\/index.php\/wp-json\/wp\/v2\/media\/4751"}],"wp:attachment":[{"href":"https:\/\/r2-toys.com\/index.php\/wp-json\/wp\/v2\/media?parent=4233"}],"wp:term":[{"taxonomy":"product_brand","embeddable":true,"href":"https:\/\/r2-toys.com\/index.php\/wp-json\/wp\/v2\/product_brand?post=4233"},{"taxonomy":"product_cat","embeddable":true,"href":"https:\/\/r2-toys.com\/index.php\/wp-json\/wp\/v2\/product_cat?post=4233"},{"taxonomy":"product_tag","embeddable":true,"href":"https:\/\/r2-toys.com\/index.php\/wp-json\/wp\/v2\/product_tag?post=4233"}],"curies":[{"name":"wp","href":"https:\/\/api.w.org\/{rel}","templated":true}]}}