{"id":4242,"date":"2022-04-29T13:38:47","date_gmt":"2022-04-29T07:38:47","guid":{"rendered":"https:\/\/r2-toys.com\/?post_type=product&#038;p=4242"},"modified":"2023-06-04T10:22:29","modified_gmt":"2023-06-04T04:22:29","slug":"clone-captain-rex","status":"publish","type":"product","link":"https:\/\/r2-toys.com\/index.php\/product\/clone-captain-rex\/","title":{"rendered":"Clone Captain REX"},"content":{"rendered":"<p>El Capit\u00e1n Clon Rex sirvi\u00f3 a la Rep\u00fablica durante las Guerras Clon. Consideraba el servicio militar como un honor y siempre completaba su misi\u00f3n.<\/p>\n<p>Esta figura de 15cm presenta m\u00faltiples puntos de articulaci\u00f3n y dise\u00f1o incre\u00edble. Incluye accesorios.<\/p>\n<p>Edad recomendada: 4 a\u00f1os en adelante<\/p>\n<p>\u26a0\ufe0fADVERTENCIA: PELIGRO DE ASFIXIA &#8211; Piezas peque\u00f1as. No apto para ni\u00f1os menores de 4 a\u00f1os.<\/p>\n<p>Los productos Star Wars son producidos por Hasbro bajo licencia de Lucasfilm Ltd.<\/p>\n<p>Hasbro y todos los t\u00e9rminos relacionados son marcas registradas de Hasbro.<\/p>\n","protected":false},"excerpt":{"rendered":"<p>El Capit\u00e1n Clon Rex sirvi\u00f3 a la Rep\u00fablica durante las Guerras Clon. Consideraba el servicio militar como un honor y siempre completaba su misi\u00f3n.<\/p>\n","protected":false},"featured_media":4258,"comment_status":"open","ping_status":"closed","template":"","meta":[],"product_brand":[],"product_cat":[28],"product_tag":[],"class_list":{"0":"post-4242","1":"product","2":"type-product","3":"status-publish","4":"has-post-thumbnail","6":"product_cat-black-series","8":"first","9":"outofstock","10":"taxable","11":"shipping-taxable","12":"purchasable","13":"product-type-simple"},"_links":{"self":[{"href":"https:\/\/r2-toys.com\/index.php\/wp-json\/wp\/v2\/product\/4242","targetHints":{"allow":["GET"]}}],"collection":[{"href":"https:\/\/r2-toys.com\/index.php\/wp-json\/wp\/v2\/product"}],"about":[{"href":"https:\/\/r2-toys.com\/index.php\/wp-json\/wp\/v2\/types\/product"}],"replies":[{"embeddable":true,"href":"https:\/\/r2-toys.com\/index.php\/wp-json\/wp\/v2\/comments?post=4242"}],"wp:featuredmedia":[{"embeddable":true,"href":"https:\/\/r2-toys.com\/index.php\/wp-json\/wp\/v2\/media\/4258"}],"wp:attachment":[{"href":"https:\/\/r2-toys.com\/index.php\/wp-json\/wp\/v2\/media?parent=4242"}],"wp:term":[{"taxonomy":"product_brand","embeddable":true,"href":"https:\/\/r2-toys.com\/index.php\/wp-json\/wp\/v2\/product_brand?post=4242"},{"taxonomy":"product_cat","embeddable":true,"href":"https:\/\/r2-toys.com\/index.php\/wp-json\/wp\/v2\/product_cat?post=4242"},{"taxonomy":"product_tag","embeddable":true,"href":"https:\/\/r2-toys.com\/index.php\/wp-json\/wp\/v2\/product_tag?post=4242"}],"curies":[{"name":"wp","href":"https:\/\/api.w.org\/{rel}","templated":true}]}}