{"id":4245,"date":"2022-04-22T03:21:22","date_gmt":"2022-04-21T21:21:22","guid":{"rendered":"https:\/\/r2-toys.com\/?post_type=product&#038;p=4245"},"modified":"2025-12-10T14:19:30","modified_gmt":"2025-12-10T08:19:30","slug":"arc-trooper-exclusivo","status":"publish","type":"product","link":"https:\/\/r2-toys.com\/index.php\/product\/arc-trooper-exclusivo\/","title":{"rendered":"ARC Trooper EXCLUSIVO"},"content":{"rendered":"<p>Los comandos de reconocimiento avanzados, tambi\u00e9n conocidos como soldados ARC, eran una variante de \u00e9lite de los soldados clon que serv\u00edan en la Rep\u00fablica Gal\u00e1ctica. Elegido de las filas del Gran Ej\u00e9rcito de la Rep\u00fablica, el estado de soldado ARC se otorg\u00f3 a los clones que sirvieron con distinci\u00f3n en el campo de batalla.<\/p>\n<p>Esta figura de 9,5 cm cuenta con un excelente<span class=\"Apple-converted-space\">\u00a0 <\/span>dise\u00f1o, en empaques inspirados en la l\u00ednea original e incluye 5 accesorios.<\/p>\n<p>Edad recomendada: 4 a\u00f1os en adelante<\/p>\n<p>\u26a0\ufe0fADVERTENCIA: PELIGRO DE ASFIXIA &#8211; Piezas peque\u00f1as. No apto para ni\u00f1os menores de 4 a\u00f1os.<\/p>\n<p>Los productos Star Wars son producidos por Hasbro bajo licencia de Lucasfilm Ltd.<\/p>\n<p>Hasbro y todos los t\u00e9rminos relacionados son marcas registradas de Hasbro.<\/p>\n","protected":false},"excerpt":{"rendered":"<p>Los comandos de reconocimiento avanzados, tambi\u00e9n conocidos como soldados ARC, eran una variante de \u00e9lite de los soldados clon que serv\u00edan en la Rep\u00fablica Gal\u00e1ctica. Elegido de las filas del Gran Ej\u00e9rcito de la Rep\u00fablica, el estado de soldado ARC se otorg\u00f3 a los clones que sirvieron con distinci\u00f3n en el campo de batalla.<\/p>\n<p>&nbsp;<\/p>\n","protected":false},"featured_media":4545,"comment_status":"open","ping_status":"closed","template":"","meta":[],"product_brand":[],"product_cat":[29],"product_tag":[],"class_list":{"0":"post-4245","1":"product","2":"type-product","3":"status-publish","4":"has-post-thumbnail","6":"product_cat-vintage","8":"first","9":"instock","10":"taxable","11":"shipping-taxable","12":"purchasable","13":"product-type-simple"},"_links":{"self":[{"href":"https:\/\/r2-toys.com\/index.php\/wp-json\/wp\/v2\/product\/4245","targetHints":{"allow":["GET"]}}],"collection":[{"href":"https:\/\/r2-toys.com\/index.php\/wp-json\/wp\/v2\/product"}],"about":[{"href":"https:\/\/r2-toys.com\/index.php\/wp-json\/wp\/v2\/types\/product"}],"replies":[{"embeddable":true,"href":"https:\/\/r2-toys.com\/index.php\/wp-json\/wp\/v2\/comments?post=4245"}],"wp:featuredmedia":[{"embeddable":true,"href":"https:\/\/r2-toys.com\/index.php\/wp-json\/wp\/v2\/media\/4545"}],"wp:attachment":[{"href":"https:\/\/r2-toys.com\/index.php\/wp-json\/wp\/v2\/media?parent=4245"}],"wp:term":[{"taxonomy":"product_brand","embeddable":true,"href":"https:\/\/r2-toys.com\/index.php\/wp-json\/wp\/v2\/product_brand?post=4245"},{"taxonomy":"product_cat","embeddable":true,"href":"https:\/\/r2-toys.com\/index.php\/wp-json\/wp\/v2\/product_cat?post=4245"},{"taxonomy":"product_tag","embeddable":true,"href":"https:\/\/r2-toys.com\/index.php\/wp-json\/wp\/v2\/product_tag?post=4245"}],"curies":[{"name":"wp","href":"https:\/\/api.w.org\/{rel}","templated":true}]}}