{"id":4247,"date":"2022-04-22T22:59:43","date_gmt":"2022-04-22T16:59:43","guid":{"rendered":"https:\/\/r2-toys.com\/?post_type=product&#038;p=4247"},"modified":"2023-01-19T22:22:38","modified_gmt":"2023-01-19T16:22:38","slug":"trapper-wolf-premium-electronic-helmet","status":"publish","type":"product","link":"https:\/\/r2-toys.com\/index.php\/product\/trapper-wolf-premium-electronic-helmet\/","title":{"rendered":"Trapper Wolf Premium Electronic Helmet"},"content":{"rendered":"<p>Un veterano de la Rebeli\u00f3n contra el Imperio, Trapper Wolf ahora sirve como piloto en la Nueva Rep\u00fablica. Vuela su X-wing como parte de un escuadr\u00f3n que patrulla los confines de la galaxia.<\/p>\n<p>Las luces LED sincronizadas dentro del visor simulan las explosiones de los veh\u00edculos enemigos y las 3 bocinas crean una experiencia de simulaci\u00f3n de batalla de sonido envolvente, con efectos especiales de disparo de energ\u00eda y comunicaci\u00f3n, ya sea atacando la estaci\u00f3n espacial de Ranzar Malk o persiguiendo a Razor Crest de Din Djarin, Trapper Wolf us\u00f3 su ic\u00f3nico casco para patrullar el Borde Exterior con Carson Teva.<\/p>\n<p>Con una decoraci\u00f3n muy detallada y acolchado interior.<\/p>\n<p>REQUIERE BATER\u00cdAS ALCALINAS AAA DE 1.5v. No incluidas.<\/p>\n<p>Edad recomendada: 14 a\u00f1os en adelante<\/p>\n<p>\u26a0\ufe0fADVERTENCIA: PELIGRO DE ASFIXIA &#8211; Piezas peque\u00f1as. No apto para ni\u00f1os menores de 14 a\u00f1os.<\/p>\n<p>Los productos Star Wars son producidos por Hasbro bajo licencia de Lucasfilm Ltd.<\/p>\n<p>Hasbro y todos los t\u00e9rminos relacionados son marcas registradas de Hasbro.<\/p>\n","protected":false},"excerpt":{"rendered":"<p>Un veterano de la Rebeli\u00f3n contra el Imperio, Trapper Wolf ahora sirve como piloto en la Nueva Rep\u00fablica. Vuela su X-wing como parte de un escuadr\u00f3n que patrulla los confines de la galaxia.<\/p>\n","protected":false},"featured_media":5312,"comment_status":"open","ping_status":"closed","template":"","meta":[],"product_brand":[],"product_cat":[26],"product_tag":[],"class_list":{"0":"post-4247","1":"product","2":"type-product","3":"status-publish","4":"has-post-thumbnail","6":"product_cat-cascos","8":"first","9":"instock","10":"taxable","11":"shipping-taxable","12":"purchasable","13":"product-type-simple"},"_links":{"self":[{"href":"https:\/\/r2-toys.com\/index.php\/wp-json\/wp\/v2\/product\/4247","targetHints":{"allow":["GET"]}}],"collection":[{"href":"https:\/\/r2-toys.com\/index.php\/wp-json\/wp\/v2\/product"}],"about":[{"href":"https:\/\/r2-toys.com\/index.php\/wp-json\/wp\/v2\/types\/product"}],"replies":[{"embeddable":true,"href":"https:\/\/r2-toys.com\/index.php\/wp-json\/wp\/v2\/comments?post=4247"}],"wp:featuredmedia":[{"embeddable":true,"href":"https:\/\/r2-toys.com\/index.php\/wp-json\/wp\/v2\/media\/5312"}],"wp:attachment":[{"href":"https:\/\/r2-toys.com\/index.php\/wp-json\/wp\/v2\/media?parent=4247"}],"wp:term":[{"taxonomy":"product_brand","embeddable":true,"href":"https:\/\/r2-toys.com\/index.php\/wp-json\/wp\/v2\/product_brand?post=4247"},{"taxonomy":"product_cat","embeddable":true,"href":"https:\/\/r2-toys.com\/index.php\/wp-json\/wp\/v2\/product_cat?post=4247"},{"taxonomy":"product_tag","embeddable":true,"href":"https:\/\/r2-toys.com\/index.php\/wp-json\/wp\/v2\/product_tag?post=4247"}],"curies":[{"name":"wp","href":"https:\/\/api.w.org\/{rel}","templated":true}]}}