{"id":4304,"date":"2022-04-29T14:04:56","date_gmt":"2022-04-29T08:04:56","guid":{"rendered":"https:\/\/r2-toys.com\/?post_type=product&#038;p=4304"},"modified":"2022-06-10T20:57:13","modified_gmt":"2022-06-10T14:57:13","slug":"c-3po-13","status":"publish","type":"product","link":"https:\/\/r2-toys.com\/index.php\/product\/c-3po-13\/","title":{"rendered":"C-3PO (13)"},"content":{"rendered":"<p>C-3PO fue creado por el heroico Jedi Anakin Skywalker para la etiqueta y el protocolo, y ha sido un constante compa\u00f1ero del droide astromec\u00e1nico R2-D2.<\/p>\n<p>Esta l\u00ednea de Funko de Star Wars Retro Series Pop! Vinyl Rinde homenaje a los c\u00f3mics originales que se lanzaron en 1977, y cada personaje cuenta con un dise\u00f1o impresionante que muestra su apariencia en el c\u00f3mic.<\/p>\n<div>\n<p>Desde 1977 la saga de Star Wars ha sido un movimiento revolucionario de la cultura pop generaci\u00f3n tras generaci\u00f3n, reclutando fans y seguidores, creando para ellos diversas producciones del amplio universo. Gracias a FunkoPop podemos tener incre\u00edbles figuras de tus personajes favoritos con incre\u00edbles dise\u00f1os.<\/p>\n<\/div>\n<div>\n<p>Esta figura de vinilo mide aproximadamente 11 cent\u00edmetros.<\/p>\n<\/div>\n<div>\n<p>Edad recomendada: 4 a\u00f1os en adelante<\/p>\n<\/div>\n<div>\n<p>\u26a0\ufe0f ADVERTENCIA: PELIGRO DE ASFIXIA &#8211; Piezas peque\u00f1as. No apto para ni\u00f1os menores de 4 a\u00f1os.<\/p>\n<\/div>\n<div>\n<p>Los productos Star Wars son producidos por FUNKO bajo licencia de Lucasfilm Ltd. y Disney<\/p>\n<\/div>\n<div>\n<p>FUNKO , Target y todos los t\u00e9rminos relacionados son marcas registradas Funko y Target.<\/p>\n<\/div>\n","protected":false},"excerpt":{"rendered":"<p>C-3PO fue creado por el heroico Jedi Anakin Skywalker para la etiqueta y el protocolo, y ha sido un constante compa\u00f1ero del droide astromec\u00e1nico R2-D2.<\/p>\n","protected":false},"featured_media":4292,"comment_status":"open","ping_status":"closed","template":"","meta":[],"product_brand":[],"product_cat":[20],"product_tag":[],"class_list":{"0":"post-4304","1":"product","2":"type-product","3":"status-publish","4":"has-post-thumbnail","6":"product_cat-funko1","8":"first","9":"instock","10":"taxable","11":"shipping-taxable","12":"purchasable","13":"product-type-simple"},"_links":{"self":[{"href":"https:\/\/r2-toys.com\/index.php\/wp-json\/wp\/v2\/product\/4304","targetHints":{"allow":["GET"]}}],"collection":[{"href":"https:\/\/r2-toys.com\/index.php\/wp-json\/wp\/v2\/product"}],"about":[{"href":"https:\/\/r2-toys.com\/index.php\/wp-json\/wp\/v2\/types\/product"}],"replies":[{"embeddable":true,"href":"https:\/\/r2-toys.com\/index.php\/wp-json\/wp\/v2\/comments?post=4304"}],"wp:featuredmedia":[{"embeddable":true,"href":"https:\/\/r2-toys.com\/index.php\/wp-json\/wp\/v2\/media\/4292"}],"wp:attachment":[{"href":"https:\/\/r2-toys.com\/index.php\/wp-json\/wp\/v2\/media?parent=4304"}],"wp:term":[{"taxonomy":"product_brand","embeddable":true,"href":"https:\/\/r2-toys.com\/index.php\/wp-json\/wp\/v2\/product_brand?post=4304"},{"taxonomy":"product_cat","embeddable":true,"href":"https:\/\/r2-toys.com\/index.php\/wp-json\/wp\/v2\/product_cat?post=4304"},{"taxonomy":"product_tag","embeddable":true,"href":"https:\/\/r2-toys.com\/index.php\/wp-json\/wp\/v2\/product_tag?post=4304"}],"curies":[{"name":"wp","href":"https:\/\/api.w.org\/{rel}","templated":true}]}}