{"id":4315,"date":"2022-04-30T00:07:05","date_gmt":"2022-04-29T18:07:05","guid":{"rendered":"https:\/\/r2-toys.com\/?post_type=product&#038;p=4315"},"modified":"2025-12-10T14:18:36","modified_gmt":"2025-12-10T08:18:36","slug":"death-watch-mandalorian","status":"publish","type":"product","link":"https:\/\/r2-toys.com\/index.php\/product\/death-watch-mandalorian\/","title":{"rendered":"Death Watch Mandalorian"},"content":{"rendered":"<p>Se cre\u00eda que los clanes guerreros de Mandalore hab\u00edan sido aniquilados hace siglos, sus restos destrozados exiliados a la luna Concordia. Pero a medida que las Guerras Clon barrieron la galaxia, el traicionero gobernador Pre Vizsla resucit\u00f3 a los mandalorianos, y con ellos, su legendaria armadura de combate que se tem\u00eda en toda la galaxia.<\/p>\n<p>Esta figura de 9,5 cm cuenta con un excelente<span class=\"Apple-converted-space\">\u00a0 <\/span>dise\u00f1o, en empaques inspirados en la l\u00ednea original e incluye 2 accesorio.<\/p>\n<p>Edad recomendada: 4 a\u00f1os en adelante<\/p>\n<p>\u26a0\ufe0fADVERTENCIA: PELIGRO DE ASFIXIA &#8211; Piezas peque\u00f1as. No apto para ni\u00f1os menores de 4 a\u00f1os.<\/p>\n<p>Los productos Star Wars son producidos por Hasbro bajo licencia de Lucasfilm Ltd.<\/p>\n<p>Hasbro y todos los t\u00e9rminos relacionados son marcas registradas de Hasbro.<\/p>\n","protected":false},"excerpt":{"rendered":"<p>Se cre\u00eda que los clanes guerreros de Mandalore hab\u00edan sido aniquilados hace siglos, sus restos destrozados exiliados a la luna Concordia. Pero a medida que las Guerras Clon barrieron la galaxia, el traicionero gobernador Pre Vizsla resucit\u00f3 a los mandalorianos, y con ellos, su legendaria armadura de combate que se tem\u00eda en toda la galaxia.<\/p>\n","protected":false},"featured_media":4505,"comment_status":"open","ping_status":"closed","template":"","meta":[],"product_brand":[],"product_cat":[29],"product_tag":[],"class_list":{"0":"post-4315","1":"product","2":"type-product","3":"status-publish","4":"has-post-thumbnail","6":"product_cat-vintage","8":"first","9":"instock","10":"taxable","11":"shipping-taxable","12":"purchasable","13":"product-type-simple"},"_links":{"self":[{"href":"https:\/\/r2-toys.com\/index.php\/wp-json\/wp\/v2\/product\/4315","targetHints":{"allow":["GET"]}}],"collection":[{"href":"https:\/\/r2-toys.com\/index.php\/wp-json\/wp\/v2\/product"}],"about":[{"href":"https:\/\/r2-toys.com\/index.php\/wp-json\/wp\/v2\/types\/product"}],"replies":[{"embeddable":true,"href":"https:\/\/r2-toys.com\/index.php\/wp-json\/wp\/v2\/comments?post=4315"}],"wp:featuredmedia":[{"embeddable":true,"href":"https:\/\/r2-toys.com\/index.php\/wp-json\/wp\/v2\/media\/4505"}],"wp:attachment":[{"href":"https:\/\/r2-toys.com\/index.php\/wp-json\/wp\/v2\/media?parent=4315"}],"wp:term":[{"taxonomy":"product_brand","embeddable":true,"href":"https:\/\/r2-toys.com\/index.php\/wp-json\/wp\/v2\/product_brand?post=4315"},{"taxonomy":"product_cat","embeddable":true,"href":"https:\/\/r2-toys.com\/index.php\/wp-json\/wp\/v2\/product_cat?post=4315"},{"taxonomy":"product_tag","embeddable":true,"href":"https:\/\/r2-toys.com\/index.php\/wp-json\/wp\/v2\/product_tag?post=4315"}],"curies":[{"name":"wp","href":"https:\/\/api.w.org\/{rel}","templated":true}]}}