{"id":4318,"date":"2022-06-13T05:13:32","date_gmt":"2022-06-12T23:13:32","guid":{"rendered":"https:\/\/r2-toys.com\/?post_type=product&#038;p=4318"},"modified":"2022-09-17T20:34:04","modified_gmt":"2022-09-17T14:34:04","slug":"bb-8-se-make-a-wish","status":"publish","type":"product","link":"https:\/\/r2-toys.com\/index.php\/product\/bb-8-se-make-a-wish\/","title":{"rendered":"BB-8 (SE) MAKE-A-WISH"},"content":{"rendered":"<p>Un astromec\u00e1nico asustadizo pero leal, acompa\u00f1\u00f3 a Poe Dameron en muchas misiones para la Resistencia.<\/p>\n<p>\u00a1En honor y celebraci\u00f3n del D\u00eda Mundial del Deseo 2022 y como parte de Funko&#8217;s Pops! con el programa Purpose, Funko ha donado $150,000 (independientemente de las ventas) a Make-A-Wish; una organizaci\u00f3n que crea deseos que cambian la vida de los ni\u00f1os con enfermedades cr\u00edticas. Presentado en 2021, Pops! .<\/p>\n<p>Desde 1977 la saga de Star Wars ha sido un movimiento revolucionario de la cultura pop generaci\u00f3n tras generaci\u00f3n, reclutando fans y seguidores, creando para ellos diversas producciones del amplio universo. Gracias a FunkoPop podemos tener incre\u00edbles figuras de tus personajes favoritos con incre\u00edbles dise\u00f1os.<\/p>\n<p>Altura aproximada de 11 cm<\/p>\n<p>Empaque con ventana para su exhibici\u00f3n<\/p>\n<p>Fabricados en Vinyl<\/p>\n<p>Edad recomendada: 4 a\u00f1os en adelante<\/p>\n<p>\u26a0\ufe0fADVERTENCIA: PELIGRO DE ASFIXIA &#8211; Piezas peque\u00f1as. No apto para ni\u00f1os menores de 4 a\u00f1os.<\/p>\n<p>Los productos Star Wars son producidos por FUNKO bajo licencia de Lucasfilm Ltd. y Disney<\/p>\n<p>FUNKO, Make-A-Wish, y todos los t\u00e9rminos relacionados son marcas registradas Funko y Make-A-Wish<span class=\"Apple-converted-space\">\u00a0<\/span><\/p>\n","protected":false},"excerpt":{"rendered":"<p>Un astromec\u00e1nico asustadizo pero leal, acompa\u00f1\u00f3 a Poe Dameron en muchas misiones para la Resistencia.<\/p>\n<p>&nbsp;<\/p>\n","protected":false},"featured_media":4496,"comment_status":"open","ping_status":"closed","template":"","meta":[],"product_brand":[],"product_cat":[20],"product_tag":[],"class_list":{"0":"post-4318","1":"product","2":"type-product","3":"status-publish","4":"has-post-thumbnail","6":"product_cat-funko1","8":"first","9":"instock","10":"taxable","11":"shipping-taxable","12":"purchasable","13":"product-type-simple"},"_links":{"self":[{"href":"https:\/\/r2-toys.com\/index.php\/wp-json\/wp\/v2\/product\/4318","targetHints":{"allow":["GET"]}}],"collection":[{"href":"https:\/\/r2-toys.com\/index.php\/wp-json\/wp\/v2\/product"}],"about":[{"href":"https:\/\/r2-toys.com\/index.php\/wp-json\/wp\/v2\/types\/product"}],"replies":[{"embeddable":true,"href":"https:\/\/r2-toys.com\/index.php\/wp-json\/wp\/v2\/comments?post=4318"}],"wp:featuredmedia":[{"embeddable":true,"href":"https:\/\/r2-toys.com\/index.php\/wp-json\/wp\/v2\/media\/4496"}],"wp:attachment":[{"href":"https:\/\/r2-toys.com\/index.php\/wp-json\/wp\/v2\/media?parent=4318"}],"wp:term":[{"taxonomy":"product_brand","embeddable":true,"href":"https:\/\/r2-toys.com\/index.php\/wp-json\/wp\/v2\/product_brand?post=4318"},{"taxonomy":"product_cat","embeddable":true,"href":"https:\/\/r2-toys.com\/index.php\/wp-json\/wp\/v2\/product_cat?post=4318"},{"taxonomy":"product_tag","embeddable":true,"href":"https:\/\/r2-toys.com\/index.php\/wp-json\/wp\/v2\/product_tag?post=4318"}],"curies":[{"name":"wp","href":"https:\/\/api.w.org\/{rel}","templated":true}]}}