{"id":4350,"date":"2022-05-12T07:45:25","date_gmt":"2022-05-12T01:45:25","guid":{"rendered":"https:\/\/r2-toys.com\/?post_type=product&#038;p=4350"},"modified":"2026-03-02T05:41:34","modified_gmt":"2026-03-01T23:41:34","slug":"332nd-ahsokas-clone-trooper","status":"publish","type":"product","link":"https:\/\/r2-toys.com\/index.php\/product\/332nd-ahsokas-clone-trooper\/","title":{"rendered":"332nd Ahsoka\u2019s Clone Trooper"},"content":{"rendered":"<p>Los soldados clon de la Rep\u00fablica representaban el futuro de la guerra gal\u00e1ctica. Formaron la columna vertebral de las nuevas fuerzas armadas de la Rep\u00fablica. El conflicto de toda la galaxia que vio su debut incluso tom\u00f3 su nombre de sus filas.<\/p>\n<p>Esta figura de 9,5 cm cuenta con un excelente<span class=\"Apple-converted-space\">\u00a0 <\/span>dise\u00f1o, en empaques inspirados en la l\u00ednea original e incluye 3 accesorios.<\/p>\n<p>Edad recomendada: 4 a\u00f1os en adelante<\/p>\n<p>\u26a0\ufe0fADVERTENCIA: PELIGRO DE ASFIXIA &#8211; Piezas peque\u00f1as. No apto para ni\u00f1os menores de 4 a\u00f1os.<\/p>\n<p>Los productos Star Wars son producidos por Hasbro bajo licencia de Lucasfilm Ltd.<\/p>\n<p>Hasbro y todos los t\u00e9rminos relacionados son marcas registradas de Hasbro.<\/p>\n","protected":false},"excerpt":{"rendered":"<p>Los soldados clon de la Rep\u00fablica representaban el futuro de la guerra gal\u00e1ctica. Formaron la columna vertebral de las nuevas fuerzas armadas de la Rep\u00fablica. El conflicto de toda la galaxia que vio su debut incluso tom\u00f3 su nombre de sus filas.<\/p>\n<p>&nbsp;<\/p>\n","protected":false},"featured_media":7059,"comment_status":"open","ping_status":"closed","template":"","meta":[],"product_brand":[],"product_cat":[29],"product_tag":[],"class_list":{"0":"post-4350","1":"product","2":"type-product","3":"status-publish","4":"has-post-thumbnail","6":"product_cat-vintage","8":"first","9":"instock","10":"taxable","11":"shipping-taxable","12":"purchasable","13":"product-type-simple"},"_links":{"self":[{"href":"https:\/\/r2-toys.com\/index.php\/wp-json\/wp\/v2\/product\/4350","targetHints":{"allow":["GET"]}}],"collection":[{"href":"https:\/\/r2-toys.com\/index.php\/wp-json\/wp\/v2\/product"}],"about":[{"href":"https:\/\/r2-toys.com\/index.php\/wp-json\/wp\/v2\/types\/product"}],"replies":[{"embeddable":true,"href":"https:\/\/r2-toys.com\/index.php\/wp-json\/wp\/v2\/comments?post=4350"}],"wp:featuredmedia":[{"embeddable":true,"href":"https:\/\/r2-toys.com\/index.php\/wp-json\/wp\/v2\/media\/7059"}],"wp:attachment":[{"href":"https:\/\/r2-toys.com\/index.php\/wp-json\/wp\/v2\/media?parent=4350"}],"wp:term":[{"taxonomy":"product_brand","embeddable":true,"href":"https:\/\/r2-toys.com\/index.php\/wp-json\/wp\/v2\/product_brand?post=4350"},{"taxonomy":"product_cat","embeddable":true,"href":"https:\/\/r2-toys.com\/index.php\/wp-json\/wp\/v2\/product_cat?post=4350"},{"taxonomy":"product_tag","embeddable":true,"href":"https:\/\/r2-toys.com\/index.php\/wp-json\/wp\/v2\/product_tag?post=4350"}],"curies":[{"name":"wp","href":"https:\/\/api.w.org\/{rel}","templated":true}]}}