{"id":4357,"date":"2022-05-12T08:03:10","date_gmt":"2022-05-12T02:03:10","guid":{"rendered":"https:\/\/r2-toys.com\/?post_type=product&#038;p=4357"},"modified":"2024-05-12T23:36:58","modified_gmt":"2024-05-12T17:36:58","slug":"darth-vader-premium-electronic-helmet","status":"publish","type":"product","link":"https:\/\/r2-toys.com\/index.php\/product\/darth-vader-premium-electronic-helmet\/","title":{"rendered":"Darth Vader Premium Electronic Helmet"},"content":{"rendered":"<p>Obi-Wan Kenobi se desarrolla a\u00f1os despu\u00e9s de los dram\u00e1ticos eventos de Star Wars: La venganza de los Sith, donde Kenobi enfrent\u00f3 la corrupci\u00f3n de su amigo y aprendiz de Jedi, Anakin Skywalker, convertido en el Lord Sith Darth Vader.<\/p>\n<p>Reproducci\u00f3n actualizada del interior y el exterior, modificador de voz y efectos de respirador. Incluye soporte para exposici\u00f3n.<\/p>\n<p>REQUIERE BATER\u00cdAS ALCALINAS AAA DE 1.5v. No incluidas.<\/p>\n<p>Edad recomendada: 14 a\u00f1os en adelante<\/p>\n<p>\u26a0\ufe0fADVERTENCIA: PELIGRO DE ASFIXIA &#8211; Piezas peque\u00f1as. No apto para ni\u00f1os menores de 14 a\u00f1os.<\/p>\n<p>Los productos Star Wars son producidos por Hasbro bajo licencia de Lucasfilm Ltd.<\/p>\n<p>Hasbro y todos los t\u00e9rminos relacionados son marcas registradas de Hasbro.<\/p>\n","protected":false},"excerpt":{"rendered":"<p>Obi-Wan Kenobi se desarrolla a\u00f1os despu\u00e9s de los dram\u00e1ticos eventos de Star Wars: La venganza de los Sith, donde Kenobi enfrent\u00f3 la corrupci\u00f3n de su amigo y aprendiz de Jedi, Anakin Skywalker, convertido en el Lord Sith Darth Vader.<\/p>\n","protected":false},"featured_media":5372,"comment_status":"open","ping_status":"closed","template":"","meta":[],"product_brand":[],"product_cat":[26],"product_tag":[],"class_list":{"0":"post-4357","1":"product","2":"type-product","3":"status-publish","4":"has-post-thumbnail","6":"product_cat-cascos","8":"first","9":"outofstock","10":"taxable","11":"shipping-taxable","12":"purchasable","13":"product-type-simple"},"_links":{"self":[{"href":"https:\/\/r2-toys.com\/index.php\/wp-json\/wp\/v2\/product\/4357","targetHints":{"allow":["GET"]}}],"collection":[{"href":"https:\/\/r2-toys.com\/index.php\/wp-json\/wp\/v2\/product"}],"about":[{"href":"https:\/\/r2-toys.com\/index.php\/wp-json\/wp\/v2\/types\/product"}],"replies":[{"embeddable":true,"href":"https:\/\/r2-toys.com\/index.php\/wp-json\/wp\/v2\/comments?post=4357"}],"wp:featuredmedia":[{"embeddable":true,"href":"https:\/\/r2-toys.com\/index.php\/wp-json\/wp\/v2\/media\/5372"}],"wp:attachment":[{"href":"https:\/\/r2-toys.com\/index.php\/wp-json\/wp\/v2\/media?parent=4357"}],"wp:term":[{"taxonomy":"product_brand","embeddable":true,"href":"https:\/\/r2-toys.com\/index.php\/wp-json\/wp\/v2\/product_brand?post=4357"},{"taxonomy":"product_cat","embeddable":true,"href":"https:\/\/r2-toys.com\/index.php\/wp-json\/wp\/v2\/product_cat?post=4357"},{"taxonomy":"product_tag","embeddable":true,"href":"https:\/\/r2-toys.com\/index.php\/wp-json\/wp\/v2\/product_tag?post=4357"}],"curies":[{"name":"wp","href":"https:\/\/api.w.org\/{rel}","templated":true}]}}