{"id":4409,"date":"2022-05-18T07:17:26","date_gmt":"2022-05-18T01:17:26","guid":{"rendered":"https:\/\/r2-toys.com\/?post_type=product&#038;p=4409"},"modified":"2024-10-30T01:01:12","modified_gmt":"2024-10-29T19:01:12","slug":"darth-maul-caido","status":"publish","type":"product","link":"https:\/\/r2-toys.com\/index.php\/product\/darth-maul-caido\/","title":{"rendered":"DARTH MAUL (CA\u00cdDO)"},"content":{"rendered":"<p>Darth Maul, un letal y \u00e1gil Lord Sith entrenado por el malvado Darth Sidious, es un formidable guerrero y maestro estratega.<\/p>\n<p>Las figuras y veh\u00edculos cl\u00e1sicos a escala de 9,5 cm de la colecci\u00f3n Vintage de Star Wars vienen en empaques identificados con el logo original de Kenner<\/p>\n<p>Esta figura de Darth Maul inspirada en el personaje de Star Wars: La amenaza fantasma, es un regalo fant\u00e1stico para todo coleccionista o fan de Star Wars de 4 a\u00f1os en adelante. Con sus m\u00faltiples puntos de articulaci\u00f3n y detalles realistas, la figura de Darth Maul de Star Wars es perfecta para ser exhibida en colecciones de figuras de acci\u00f3n y veh\u00edculos.<\/p>\n<div>\n<p>Edad recomendada: 4 a\u00f1os en adelante<\/p>\n<\/div>\n<div>\n<p>\u26a0\ufe0f ADVERTENCIA: PELIGRO DE ASFIXIA &#8211; Piezas peque\u00f1as. No apto para ni\u00f1os menores de 4 a\u00f1os.<\/p>\n<\/div>\n<div>\n<p>Los productos Star Wars son producidos por Hasbro bajo licencia de Lucasfilm Ltd.<\/p>\n<\/div>\n<div>\n<p>Hasbro y todos los t\u00e9rminos relacionados son marcas de comercio de Hasbro.<\/p>\n<\/div>\n<p>Este producto tiene detalles en la \u00a0empaque visible en las fotos (blister roto), podr\u00eda contener alguno otro detalle no descrito visualmente o en esta misma. Por lo que aplica lo descrito en la pol\u00edtica de garant\u00eda.<\/p>\n<p>TODOS LOS PRODUCTOS CONTENIDOS EN ESTA CATEGORIA TIENEN DETALLES Y\/O DA\u00d1OS FISICOS PRINCIPALMENTE EN EL EMPAQUE ORIGINAL, PUDIENDO SER EL CASO DE ALGUNA IMPERFECCI\u00d3N EN EL ARTICULO CONTENIDO, SIENDO ESPECIFICADO EN LA DESCRIPCION PARTICULAR, POR LO CUAL EL CLIENTE ASUME\u00a0\u00a0LA RESPONSABILIDAD DE LAS CONDICIONES DESCRITAS Y GRAFICAS DE DICHO ARTICULO ASI COMO LO EXPRESO\u00a0EN LA POLITICA DE DEVOLUCION Y GARANTIA.<\/p>\n","protected":false},"excerpt":{"rendered":"<p>Darth Maul, un letal y \u00e1gil Lord Sith entrenado por el malvado Darth Sidious, es un formidable guerrero y maestro estratega.<\/p>\n","protected":false},"featured_media":4401,"comment_status":"open","ping_status":"closed","template":"","meta":[],"product_brand":[],"product_cat":[23],"product_tag":[],"class_list":{"0":"post-4409","1":"product","2":"type-product","3":"status-publish","4":"has-post-thumbnail","6":"product_cat-los-caidos","8":"first","9":"outofstock","10":"sale","11":"taxable","12":"shipping-taxable","13":"purchasable","14":"product-type-simple"},"_links":{"self":[{"href":"https:\/\/r2-toys.com\/index.php\/wp-json\/wp\/v2\/product\/4409","targetHints":{"allow":["GET"]}}],"collection":[{"href":"https:\/\/r2-toys.com\/index.php\/wp-json\/wp\/v2\/product"}],"about":[{"href":"https:\/\/r2-toys.com\/index.php\/wp-json\/wp\/v2\/types\/product"}],"replies":[{"embeddable":true,"href":"https:\/\/r2-toys.com\/index.php\/wp-json\/wp\/v2\/comments?post=4409"}],"wp:featuredmedia":[{"embeddable":true,"href":"https:\/\/r2-toys.com\/index.php\/wp-json\/wp\/v2\/media\/4401"}],"wp:attachment":[{"href":"https:\/\/r2-toys.com\/index.php\/wp-json\/wp\/v2\/media?parent=4409"}],"wp:term":[{"taxonomy":"product_brand","embeddable":true,"href":"https:\/\/r2-toys.com\/index.php\/wp-json\/wp\/v2\/product_brand?post=4409"},{"taxonomy":"product_cat","embeddable":true,"href":"https:\/\/r2-toys.com\/index.php\/wp-json\/wp\/v2\/product_cat?post=4409"},{"taxonomy":"product_tag","embeddable":true,"href":"https:\/\/r2-toys.com\/index.php\/wp-json\/wp\/v2\/product_tag?post=4409"}],"curies":[{"name":"wp","href":"https:\/\/api.w.org\/{rel}","templated":true}]}}