{"id":443,"date":"2021-08-09T07:51:16","date_gmt":"2021-08-09T01:51:16","guid":{"rendered":"https:\/\/r2-toys.com\/?post_type=product&#038;p=443"},"modified":"2026-01-10T03:18:27","modified_gmt":"2026-01-09T21:18:27","slug":"lando-calrissian-han-solo","status":"publish","type":"product","link":"https:\/\/r2-toys.com\/index.php\/product\/lando-calrissian-han-solo\/","title":{"rendered":"Lando Calrissian (Han Solo)"},"content":{"rendered":"<p>Suave y sofisticado, el Capit\u00e1n Lando Calrissian est\u00e1 listo para retirarse de la vida de un contrabandista y, en cambio, convertirse en un jugador de tiempo completo (o deportista, como \u00e9l lo llama), pasando de un juego de cartas a otro por toda la galaxia.<\/p>\n<p>Esta figura de Lando Calrissian a escala de 15 cm est\u00e1 cuidadosamente detallada para parecerse al personaje de Solo: A Star Wars Story. La figura presenta detalles premium y 9 puntos de articulaci\u00f3n.<\/p>\n<p>Dise\u00f1o y detalle premium<\/p>\n<p>Ampl\u00ede y mejore la colecci\u00f3n Star Wars (los productos adicionales se venden por separado)<\/p>\n<p>\u26a0\ufe0f ADVERTENCIA: PELIGRO DE ASFIXIA &#8211; Piezas peque\u00f1as. No apto para ni\u00f1os menores de 4 a\u00f1os.<\/p>\n<p>Los productos Star Wars son producidos por Hasbro bajo licencia de Lucasfilm Ltd.<\/p>\n<p>Hasbro y todos los t\u00e9rminos relacionados son marcas registradas de Hasbro.<\/p>\n<p>&nbsp;<\/p>\n<p>&nbsp;<\/p>\n","protected":false},"excerpt":{"rendered":"<p>Suave y sofisticado, el Capit\u00e1n Lando Calrissian est\u00e1 listo para retirarse de la vida de un contrabandista y, en cambio, convertirse en un jugador de tiempo completo (o deportista, como \u00e9l lo llama), pasando de un juego de cartas a otro por toda la galaxia.<\/p>\n","protected":false},"featured_media":2529,"comment_status":"open","ping_status":"closed","template":"","meta":[],"product_brand":[],"product_cat":[28],"product_tag":[],"class_list":{"0":"post-443","1":"product","2":"type-product","3":"status-publish","4":"has-post-thumbnail","6":"product_cat-black-series","8":"first","9":"instock","10":"taxable","11":"shipping-taxable","12":"purchasable","13":"product-type-simple"},"_links":{"self":[{"href":"https:\/\/r2-toys.com\/index.php\/wp-json\/wp\/v2\/product\/443","targetHints":{"allow":["GET"]}}],"collection":[{"href":"https:\/\/r2-toys.com\/index.php\/wp-json\/wp\/v2\/product"}],"about":[{"href":"https:\/\/r2-toys.com\/index.php\/wp-json\/wp\/v2\/types\/product"}],"replies":[{"embeddable":true,"href":"https:\/\/r2-toys.com\/index.php\/wp-json\/wp\/v2\/comments?post=443"}],"wp:featuredmedia":[{"embeddable":true,"href":"https:\/\/r2-toys.com\/index.php\/wp-json\/wp\/v2\/media\/2529"}],"wp:attachment":[{"href":"https:\/\/r2-toys.com\/index.php\/wp-json\/wp\/v2\/media?parent=443"}],"wp:term":[{"taxonomy":"product_brand","embeddable":true,"href":"https:\/\/r2-toys.com\/index.php\/wp-json\/wp\/v2\/product_brand?post=443"},{"taxonomy":"product_cat","embeddable":true,"href":"https:\/\/r2-toys.com\/index.php\/wp-json\/wp\/v2\/product_cat?post=443"},{"taxonomy":"product_tag","embeddable":true,"href":"https:\/\/r2-toys.com\/index.php\/wp-json\/wp\/v2\/product_tag?post=443"}],"curies":[{"name":"wp","href":"https:\/\/api.w.org\/{rel}","templated":true}]}}