{"id":4431,"date":"2022-06-13T05:59:10","date_gmt":"2022-06-12T23:59:10","guid":{"rendered":"https:\/\/r2-toys.com\/?post_type=product&#038;p=4431"},"modified":"2023-05-20T21:17:09","modified_gmt":"2023-05-20T15:17:09","slug":"wolverine-90s-animated-series","status":"publish","type":"product","link":"https:\/\/r2-toys.com\/index.php\/product\/wolverine-90s-animated-series\/","title":{"rendered":"Wolverine 90s Animated Series"},"content":{"rendered":"<p>Wolverine se une a la lucha por la causa del Profesor X; \u00a1cortando y deteniendo a los villanos con sus garras de adamantium!<\/p>\n<p>La figura de la serie animada, Wolverine de los a\u00f1os 90s a escala de 15cm presenta una decoraci\u00f3n \u00fanica, recreando el cl\u00e1sico uniforme amarillo y su feroz presencia.<\/p>\n<p>La figura de Wolverine incluye con manos con garras y sin garras, cabeza alterna con la caracter\u00edstica expresi\u00f3n facial de gru\u00f1ido, en un empaque coleccionable, inspirado en las cl\u00e1sicas cajas de casetes de VHS. Incluye Figura y 7 accesorios<\/p>\n<p>Con m\u00e1s de 80 a\u00f1os de historia del entretenimiento, Marvel se ha convertido en la piedra angular de las colecciones de fans de todo el mundo.<span class=\"Apple-converted-space\">\u00a0<\/span><\/p>\n<p>Edad recomendada: 4 a\u00f1os en adelante<\/p>\n<p>\u26a0\ufe0f ADVERTENCIA: PELIGRO DE ASFIXIA \u2013 Piezas peque\u00f1as. No apto para ni\u00f1os menores de 4 a\u00f1os.<\/p>\n<p>Los productos Star Wars son producidos por Hasbro bajo licencia de Marvel<\/p>\n<p>Hasbro, Marvel y<span class=\"Apple-converted-space\">\u00a0 <\/span>todos los t\u00e9rminos relacionados son marcas registradas de Hasbro y Marvel.<\/p>\n","protected":false},"excerpt":{"rendered":"<p>Wolverine se une a la lucha por la causa del Profesor X; \u00a1cortando y deteniendo a los villanos con sus garras de adamantium!<\/p>\n","protected":false},"featured_media":4524,"comment_status":"open","ping_status":"closed","template":"","meta":[],"product_brand":[],"product_cat":[21],"product_tag":[],"class_list":{"0":"post-4431","1":"product","2":"type-product","3":"status-publish","4":"has-post-thumbnail","6":"product_cat-retro","8":"first","9":"outofstock","10":"taxable","11":"shipping-taxable","12":"purchasable","13":"product-type-simple"},"_links":{"self":[{"href":"https:\/\/r2-toys.com\/index.php\/wp-json\/wp\/v2\/product\/4431","targetHints":{"allow":["GET"]}}],"collection":[{"href":"https:\/\/r2-toys.com\/index.php\/wp-json\/wp\/v2\/product"}],"about":[{"href":"https:\/\/r2-toys.com\/index.php\/wp-json\/wp\/v2\/types\/product"}],"replies":[{"embeddable":true,"href":"https:\/\/r2-toys.com\/index.php\/wp-json\/wp\/v2\/comments?post=4431"}],"wp:featuredmedia":[{"embeddable":true,"href":"https:\/\/r2-toys.com\/index.php\/wp-json\/wp\/v2\/media\/4524"}],"wp:attachment":[{"href":"https:\/\/r2-toys.com\/index.php\/wp-json\/wp\/v2\/media?parent=4431"}],"wp:term":[{"taxonomy":"product_brand","embeddable":true,"href":"https:\/\/r2-toys.com\/index.php\/wp-json\/wp\/v2\/product_brand?post=4431"},{"taxonomy":"product_cat","embeddable":true,"href":"https:\/\/r2-toys.com\/index.php\/wp-json\/wp\/v2\/product_cat?post=4431"},{"taxonomy":"product_tag","embeddable":true,"href":"https:\/\/r2-toys.com\/index.php\/wp-json\/wp\/v2\/product_tag?post=4431"}],"curies":[{"name":"wp","href":"https:\/\/api.w.org\/{rel}","templated":true}]}}