{"id":4437,"date":"2022-06-13T04:42:45","date_gmt":"2022-06-12T22:42:45","guid":{"rendered":"https:\/\/r2-toys.com\/?post_type=product&#038;p=4437"},"modified":"2022-09-17T20:52:20","modified_gmt":"2022-09-17T14:52:20","slug":"termo-metalico-de-r2-d2","status":"publish","type":"product","link":"https:\/\/r2-toys.com\/index.php\/product\/termo-metalico-de-r2-d2\/","title":{"rendered":"Termo Met\u00e1lico de R2-D2"},"content":{"rendered":"<p>R2-D2\u00a0y a menudo referido como\u00a0R2 (Artoo),\u00a0droide astromec\u00e1nico de la\u00a0serie R2\u00a0fabricado por\u00a0Industrial Automaton.\u00a0R2-D2,\u00a0un\u00a0droide\u00a0inteligente y valiente, nunca recibi\u00f3 un\u00a0borrado\u00a0completo de la\u00a0memoria y nunca recibi\u00f3 nueva programaci\u00f3n, con estos factores resultando en una actitud aventurera e independiente.<\/p>\n<p>Zak Termo met\u00e1lico<span class=\"Apple-converted-space\">\u00a0 <\/span>de R2-D2 con un dise\u00f1o que fascinara a todos, este termo est\u00e1 hecho de materiales de alta calidad y esta listo para acompa\u00f1ar tus ma\u00f1anas con bebidas calientes o para adornar tu repisa. Capacidad: 473ml<\/p>\n<p>Edad recomendada: 15 a\u00f1os en adelante<\/p>\n<p>\u26a0\ufe0fADVERTENCIA: PELIGRO DE ASFIXIA \u2013 Piezas peque\u00f1as. No apto para ni\u00f1os menores de 12 a\u00f1os.<\/p>\n<p>Los productos Star Wars son producidos bajo licencia de Lucasfilm Ltd. y Disney.<\/p>\n<p>ZAK y todos los t\u00e9rminos relacionados con este producto son marcas registradas de ZAK.<\/p>\n","protected":false},"excerpt":{"rendered":"<p>R2-D2\u00a0y a menudo referido como\u00a0R2 (Artoo),\u00a0droide astromec\u00e1nico de la\u00a0serie R2\u00a0fabricado por\u00a0Industrial Automaton.\u00a0R2-D2,\u00a0un\u00a0droide\u00a0inteligente y valiente, nunca recibi\u00f3 un\u00a0borrado\u00a0completo de la\u00a0memoria y nunca recibi\u00f3 nueva programaci\u00f3n, con estos factores resultando en una actitud aventurera e independiente.<\/p>\n","protected":false},"featured_media":4465,"comment_status":"open","ping_status":"closed","template":"","meta":[],"product_brand":[],"product_cat":[34],"product_tag":[],"class_list":{"0":"post-4437","1":"product","2":"type-product","3":"status-publish","4":"has-post-thumbnail","6":"product_cat-accesorios","8":"first","9":"instock","10":"taxable","11":"shipping-taxable","12":"purchasable","13":"product-type-simple"},"_links":{"self":[{"href":"https:\/\/r2-toys.com\/index.php\/wp-json\/wp\/v2\/product\/4437","targetHints":{"allow":["GET"]}}],"collection":[{"href":"https:\/\/r2-toys.com\/index.php\/wp-json\/wp\/v2\/product"}],"about":[{"href":"https:\/\/r2-toys.com\/index.php\/wp-json\/wp\/v2\/types\/product"}],"replies":[{"embeddable":true,"href":"https:\/\/r2-toys.com\/index.php\/wp-json\/wp\/v2\/comments?post=4437"}],"wp:featuredmedia":[{"embeddable":true,"href":"https:\/\/r2-toys.com\/index.php\/wp-json\/wp\/v2\/media\/4465"}],"wp:attachment":[{"href":"https:\/\/r2-toys.com\/index.php\/wp-json\/wp\/v2\/media?parent=4437"}],"wp:term":[{"taxonomy":"product_brand","embeddable":true,"href":"https:\/\/r2-toys.com\/index.php\/wp-json\/wp\/v2\/product_brand?post=4437"},{"taxonomy":"product_cat","embeddable":true,"href":"https:\/\/r2-toys.com\/index.php\/wp-json\/wp\/v2\/product_cat?post=4437"},{"taxonomy":"product_tag","embeddable":true,"href":"https:\/\/r2-toys.com\/index.php\/wp-json\/wp\/v2\/product_tag?post=4437"}],"curies":[{"name":"wp","href":"https:\/\/api.w.org\/{rel}","templated":true}]}}