{"id":4444,"date":"2022-06-12T07:56:32","date_gmt":"2022-06-12T01:56:32","guid":{"rendered":"https:\/\/r2-toys.com\/?post_type=product&#038;p=4444"},"modified":"2024-12-10T02:50:01","modified_gmt":"2024-12-09T20:50:01","slug":"survivor-multipack-gaming-greats","status":"publish","type":"product","link":"https:\/\/r2-toys.com\/index.php\/product\/survivor-multipack-gaming-greats\/","title":{"rendered":"Survivor Multipack Gaming Greats"},"content":{"rendered":"<p>Riot Scout Troopers, KX-series Security Droids y MagnaGuards son oponentes formidables en el videojuego Jedi: Survivor.<\/p>\n<p>Estas figuras<span class=\"Apple-converted-space\">\u00a0 <\/span>de 9,5 cm cuentan con un excelente<span class=\"Apple-converted-space\">\u00a0 <\/span>dise\u00f1o, en empaques inspirados en la l\u00ednea original e incluye 6 accesorios.<\/p>\n<p>Edad recomendada: 4 a\u00f1os en adelante<\/p>\n<p>\u26a0\ufe0fADVERTENCIA: PELIGRO DE ASFIXIA &#8211; Piezas peque\u00f1as. No apto para ni\u00f1os menores de 4 a\u00f1os.<\/p>\n<p>Los productos Star Wars son producidos por Hasbro bajo licencia de Lucasfilm Ltd.<\/p>\n<p>Hasbro y todos los t\u00e9rminos relacionados son marcas registradas de Hasbro.<\/p>\n","protected":false},"excerpt":{"rendered":"<p>Riot Scout Troopers, KX-series Security Droids y MagnaGuards son oponentes formidables en el videojuego Jedi: Survivor.<\/p>\n","protected":false},"featured_media":5271,"comment_status":"open","ping_status":"closed","template":"","meta":[],"product_brand":[],"product_cat":[29],"product_tag":[],"class_list":{"0":"post-4444","1":"product","2":"type-product","3":"status-publish","4":"has-post-thumbnail","6":"product_cat-vintage","8":"first","9":"instock","10":"taxable","11":"shipping-taxable","12":"purchasable","13":"product-type-simple"},"_links":{"self":[{"href":"https:\/\/r2-toys.com\/index.php\/wp-json\/wp\/v2\/product\/4444","targetHints":{"allow":["GET"]}}],"collection":[{"href":"https:\/\/r2-toys.com\/index.php\/wp-json\/wp\/v2\/product"}],"about":[{"href":"https:\/\/r2-toys.com\/index.php\/wp-json\/wp\/v2\/types\/product"}],"replies":[{"embeddable":true,"href":"https:\/\/r2-toys.com\/index.php\/wp-json\/wp\/v2\/comments?post=4444"}],"wp:featuredmedia":[{"embeddable":true,"href":"https:\/\/r2-toys.com\/index.php\/wp-json\/wp\/v2\/media\/5271"}],"wp:attachment":[{"href":"https:\/\/r2-toys.com\/index.php\/wp-json\/wp\/v2\/media?parent=4444"}],"wp:term":[{"taxonomy":"product_brand","embeddable":true,"href":"https:\/\/r2-toys.com\/index.php\/wp-json\/wp\/v2\/product_brand?post=4444"},{"taxonomy":"product_cat","embeddable":true,"href":"https:\/\/r2-toys.com\/index.php\/wp-json\/wp\/v2\/product_cat?post=4444"},{"taxonomy":"product_tag","embeddable":true,"href":"https:\/\/r2-toys.com\/index.php\/wp-json\/wp\/v2\/product_tag?post=4444"}],"curies":[{"name":"wp","href":"https:\/\/api.w.org\/{rel}","templated":true}]}}