{"id":4456,"date":"2022-09-01T06:08:57","date_gmt":"2022-09-01T00:08:57","guid":{"rendered":"https:\/\/r2-toys.com\/?post_type=product&#038;p=4456"},"modified":"2026-01-03T04:36:23","modified_gmt":"2026-01-02T22:36:23","slug":"fifth-brother-inquisitor","status":"publish","type":"product","link":"https:\/\/r2-toys.com\/index.php\/product\/fifth-brother-inquisitor\/","title":{"rendered":"FIFTH BROTHER INQUISITOR"},"content":{"rendered":"<p>Un ejecutor grande y corpulento, el Quinto Hermano Inquisidor estaba entre un grupo de Inquisidores utilizados por el Imperio para cazar a cualquier Jedi sobreviviente. Entrenado en el lado oscuro de la Fuerza, manejaba el mismo modelo de sable de luz de doble hoja que el Gran Inquisidor, disfrutando de la oportunidad de destruir a los rebeldes y a los que manejaban la Fuerza por igual. Junto con la S\u00e9ptima Hermana, Darth Vader lo envi\u00f3 para localizar a la tripulaci\u00f3n del Fantasma y llevarlos ante la justicia.<\/p>\n<p>Esta figura de 15cm presenta m\u00faltiples puntos de articulaci\u00f3n y dise\u00f1o incre\u00edble. Incluye accesorios.<\/p>\n<p>Edad recomendada: 4 a\u00f1os en adelante<\/p>\n<p>\u26a0\ufe0fADVERTENCIA: PELIGRO DE ASFIXIA &#8211; Piezas peque\u00f1as. No apto para ni\u00f1os menores de 4 a\u00f1os.<\/p>\n<p>Los productos Star Wars son producidos por Hasbro bajo licencia de Lucasfilm Ltd.<\/p>\n<p>Hasbro y todos los t\u00e9rminos relacionados son marcas registradas de Hasbro.<\/p>\n","protected":false},"excerpt":{"rendered":"<p>Un ejecutor grande y corpulento, el Quinto Hermano Inquisidor estaba entre un grupo de Inquisidores utilizados por el Imperio para cazar a cualquier Jedi sobreviviente. Entrenado en el lado oscuro de la Fuerza, manejaba el mismo modelo de sable de luz de doble hoja que el Gran Inquisidor, disfrutando de la oportunidad de destruir a los rebeldes y a los que manejaban la Fuerza por igual. Junto con la S\u00e9ptima Hermana, Darth Vader lo envi\u00f3 para localizar a la tripulaci\u00f3n del Fantasma y llevarlos ante la justicia.<\/p>\n","protected":false},"featured_media":4754,"comment_status":"open","ping_status":"closed","template":"","meta":[],"product_brand":[],"product_cat":[28],"product_tag":[],"class_list":{"0":"post-4456","1":"product","2":"type-product","3":"status-publish","4":"has-post-thumbnail","6":"product_cat-black-series","8":"first","9":"outofstock","10":"taxable","11":"shipping-taxable","12":"purchasable","13":"product-type-simple"},"_links":{"self":[{"href":"https:\/\/r2-toys.com\/index.php\/wp-json\/wp\/v2\/product\/4456","targetHints":{"allow":["GET"]}}],"collection":[{"href":"https:\/\/r2-toys.com\/index.php\/wp-json\/wp\/v2\/product"}],"about":[{"href":"https:\/\/r2-toys.com\/index.php\/wp-json\/wp\/v2\/types\/product"}],"replies":[{"embeddable":true,"href":"https:\/\/r2-toys.com\/index.php\/wp-json\/wp\/v2\/comments?post=4456"}],"wp:featuredmedia":[{"embeddable":true,"href":"https:\/\/r2-toys.com\/index.php\/wp-json\/wp\/v2\/media\/4754"}],"wp:attachment":[{"href":"https:\/\/r2-toys.com\/index.php\/wp-json\/wp\/v2\/media?parent=4456"}],"wp:term":[{"taxonomy":"product_brand","embeddable":true,"href":"https:\/\/r2-toys.com\/index.php\/wp-json\/wp\/v2\/product_brand?post=4456"},{"taxonomy":"product_cat","embeddable":true,"href":"https:\/\/r2-toys.com\/index.php\/wp-json\/wp\/v2\/product_cat?post=4456"},{"taxonomy":"product_tag","embeddable":true,"href":"https:\/\/r2-toys.com\/index.php\/wp-json\/wp\/v2\/product_tag?post=4456"}],"curies":[{"name":"wp","href":"https:\/\/api.w.org\/{rel}","templated":true}]}}