{"id":4578,"date":"2022-07-17T10:32:17","date_gmt":"2022-07-17T04:32:17","guid":{"rendered":"https:\/\/r2-toys.com\/?post_type=product&#038;p=4578"},"modified":"2023-12-10T11:58:09","modified_gmt":"2023-12-10T05:58:09","slug":"captain-cassian-andor-eadu-2","status":"publish","type":"product","link":"https:\/\/r2-toys.com\/index.php\/product\/captain-cassian-andor-eadu-2\/","title":{"rendered":"Captain Cassian Andor (EADU)"},"content":{"rendered":"<p>El Capit\u00e1n Cassian Andor se gana el respeto de sus tropas rebeldes con su habilidad para mantener la cabeza fr\u00eda bajo fuego y completar sus misiones con recursos m\u00ednimos.<\/p>\n<p>Un sistema de juego interactivo de Hasbro que brinda<span class=\"Apple-converted-space\">\u00a0 <\/span>efectos de sonido y<span class=\"Apple-converted-space\">\u00a0 <\/span>frases de las pel\u00edculas.<span class=\"Apple-converted-space\">\u00a0 <\/span>Use la tecnolog\u00eda port\u00e1til Wear Force Link (de venta por separado) para activar luces, sonidos y frases estas figura de 9.5cm, accesorios, veh\u00edculos y juegos activados por Force Link.<\/p>\n<p>Edad recomendada: 4 a\u00f1os en adelante<\/p>\n<p>\u26a0\ufe0fADVERTENCIA: PELIGRO DE ASFIXIA &#8211; Piezas peque\u00f1as. No apto para ni\u00f1os menores de 4 a\u00f1os.<\/p>\n<p>Los productos Star Wars son producidos por Hasbro bajo licencia de Lucasfilm Ltd.<\/p>\n<p>Hasbro y todos los t\u00e9rminos relacionados son marcas registradas de Hasbro.<\/p>\n","protected":false},"excerpt":{"rendered":"<p>El Capit\u00e1n Cassian Andor se gana el respeto de sus tropas rebeldes con su habilidad para mantener la cabeza fr\u00eda bajo fuego y completar sus misiones con recursos m\u00ednimos.<\/p>\n<p>&nbsp;<\/p>\n","protected":false},"featured_media":4551,"comment_status":"open","ping_status":"closed","template":"","meta":[],"product_brand":[],"product_cat":[19],"product_tag":[],"class_list":{"0":"post-4578","1":"product","2":"type-product","3":"status-publish","4":"has-post-thumbnail","6":"product_cat-star-wars","8":"first","9":"outofstock","10":"taxable","11":"shipping-taxable","12":"purchasable","13":"product-type-simple"},"_links":{"self":[{"href":"https:\/\/r2-toys.com\/index.php\/wp-json\/wp\/v2\/product\/4578","targetHints":{"allow":["GET"]}}],"collection":[{"href":"https:\/\/r2-toys.com\/index.php\/wp-json\/wp\/v2\/product"}],"about":[{"href":"https:\/\/r2-toys.com\/index.php\/wp-json\/wp\/v2\/types\/product"}],"replies":[{"embeddable":true,"href":"https:\/\/r2-toys.com\/index.php\/wp-json\/wp\/v2\/comments?post=4578"}],"wp:featuredmedia":[{"embeddable":true,"href":"https:\/\/r2-toys.com\/index.php\/wp-json\/wp\/v2\/media\/4551"}],"wp:attachment":[{"href":"https:\/\/r2-toys.com\/index.php\/wp-json\/wp\/v2\/media?parent=4578"}],"wp:term":[{"taxonomy":"product_brand","embeddable":true,"href":"https:\/\/r2-toys.com\/index.php\/wp-json\/wp\/v2\/product_brand?post=4578"},{"taxonomy":"product_cat","embeddable":true,"href":"https:\/\/r2-toys.com\/index.php\/wp-json\/wp\/v2\/product_cat?post=4578"},{"taxonomy":"product_tag","embeddable":true,"href":"https:\/\/r2-toys.com\/index.php\/wp-json\/wp\/v2\/product_tag?post=4578"}],"curies":[{"name":"wp","href":"https:\/\/api.w.org\/{rel}","templated":true}]}}