{"id":461,"date":"2021-08-09T07:59:50","date_gmt":"2021-08-09T01:59:50","guid":{"rendered":"https:\/\/r2-toys.com\/?post_type=product&#038;p=461"},"modified":"2024-02-21T00:47:02","modified_gmt":"2024-02-20T18:47:02","slug":"luke-skywalker-snowspeeder","status":"publish","type":"product","link":"https:\/\/r2-toys.com\/index.php\/product\/luke-skywalker-snowspeeder\/","title":{"rendered":"Luke Skywalker Snowspeeder"},"content":{"rendered":"<p>Durante la Batalla de Hoth, Luke Skywalker dirigi\u00f3 la defensa rebelde contra las fuerzas terrestres del Imperio, dando tiempo a la Alianza para evacuar el planeta.<\/p>\n<p>STAR WARS: THE EMPIRE STRIKES BACK: Los fan\u00e1ticos y coleccionistas pueden imaginar escenas de Star Wars Galaxy con este juguete premium de Luke Skywalker (Snowspeeder), inspirado en la pel\u00edcula Star Wars: The Empire Strikes Back. Esta figura de acci\u00f3n de Star Wars The Black Series viene con 2 accesorios inspirados en Luke Skywalker (Snowspeeder) que son excelentes adiciones a cualquier colecci\u00f3n de Star Wars.<\/p>\n<p>ARTICULACI\u00d3N Y DETALLES PREMIUM: los fan\u00e1ticos y coleccionistas de Star Wars pueden mostrar esta figura altamente articulada (4 extremidades completamente articuladas), con decoraci\u00f3n premium, en su figura de acci\u00f3n y colecci\u00f3n de veh\u00edculos.<\/p>\n<p>Incluye: figura y 2 accesorios.<\/p>\n<p>Escala de la figura: 6 pulgadas<\/p>\n<div>\n<p>Edad recomendada: 4 a\u00f1os en adelante<\/p>\n<\/div>\n<div>\n<p>\u26a0\ufe0f ADVERTENCIA: PELIGRO DE ASFIXIA &#8211; Piezas peque\u00f1as. No apto para ni\u00f1os menores de 4 a\u00f1os.<\/p>\n<\/div>\n<div>\n<p>Los juguetes de Hasbro de la L\u00ednea Star Wars Black Series son productos originales que traer\u00e1n horas de diversi\u00f3n a chicos y grandes, adem\u00e1s cuentan con licencias oficiales<\/p>\n<\/div>\n<div>\n<p>Los productos de Star Wars son producidos por Hasbro bajo licencia de Lucasfilm Ltd.<\/p>\n<\/div>\n","protected":false},"excerpt":{"rendered":"<p>Durante la Batalla de Hoth, Luke Skywalker dirigi\u00f3 la defensa rebelde contra las fuerzas terrestres del Imperio, dando tiempo a la Alianza para evacuar el planeta.<\/p>\n","protected":false},"featured_media":2538,"comment_status":"open","ping_status":"closed","template":"","meta":[],"product_brand":[],"product_cat":[28],"product_tag":[],"class_list":{"0":"post-461","1":"product","2":"type-product","3":"status-publish","4":"has-post-thumbnail","6":"product_cat-black-series","8":"first","9":"outofstock","10":"taxable","11":"shipping-taxable","12":"purchasable","13":"product-type-simple"},"_links":{"self":[{"href":"https:\/\/r2-toys.com\/index.php\/wp-json\/wp\/v2\/product\/461","targetHints":{"allow":["GET"]}}],"collection":[{"href":"https:\/\/r2-toys.com\/index.php\/wp-json\/wp\/v2\/product"}],"about":[{"href":"https:\/\/r2-toys.com\/index.php\/wp-json\/wp\/v2\/types\/product"}],"replies":[{"embeddable":true,"href":"https:\/\/r2-toys.com\/index.php\/wp-json\/wp\/v2\/comments?post=461"}],"wp:featuredmedia":[{"embeddable":true,"href":"https:\/\/r2-toys.com\/index.php\/wp-json\/wp\/v2\/media\/2538"}],"wp:attachment":[{"href":"https:\/\/r2-toys.com\/index.php\/wp-json\/wp\/v2\/media?parent=461"}],"wp:term":[{"taxonomy":"product_brand","embeddable":true,"href":"https:\/\/r2-toys.com\/index.php\/wp-json\/wp\/v2\/product_brand?post=461"},{"taxonomy":"product_cat","embeddable":true,"href":"https:\/\/r2-toys.com\/index.php\/wp-json\/wp\/v2\/product_cat?post=461"},{"taxonomy":"product_tag","embeddable":true,"href":"https:\/\/r2-toys.com\/index.php\/wp-json\/wp\/v2\/product_tag?post=461"}],"curies":[{"name":"wp","href":"https:\/\/api.w.org\/{rel}","templated":true}]}}