{"id":4623,"date":"2022-07-28T19:35:40","date_gmt":"2022-07-28T13:35:40","guid":{"rendered":"https:\/\/r2-toys.com\/?post_type=product&#038;p=4623"},"modified":"2025-12-10T14:04:20","modified_gmt":"2025-12-10T08:04:20","slug":"dark-trooper-credit-collection","status":"publish","type":"product","link":"https:\/\/r2-toys.com\/index.php\/product\/dark-trooper-credit-collection\/","title":{"rendered":"Dark Trooper  Credit Collection"},"content":{"rendered":"<p>Los gigantescos dro\u00eddes de combate imperiales con una brillante armadura negra y potentes botas jet, los Dark Troopers son un dise\u00f1o poderoso. Esta colecci\u00f3n distintiva presenta aplicaciones de decoraci\u00f3n inspiradas en las im\u00e1genes de cr\u00e9dito final de The Mandalorian, adem\u00e1s de 2 accesorios.<br \/>\nEsta figura de 15 cm de la colecci\u00f3n cuenta con un excelente<span class=\"Apple-converted-space\">\u00a0 <\/span>dise\u00f1o y vienen en empaques inspirados en la l\u00ednea original.<span class=\"Apple-converted-space\">\u00a0<\/span><\/p>\n<p>Edad recomendada: 4 a\u00f1os en adelante<\/p>\n<p>\u26a0\ufe0fADVERTENCIA: PELIGRO DE ASFIXIA &#8211; Piezas peque\u00f1as. No apto para ni\u00f1os menores de 4 a\u00f1os.<\/p>\n<p>Los productos Star Wars son producidos por Hasbro bajo licencia de Lucasfilm Ltd.<\/p>\n<p>Hasbro y todos los t\u00e9rminos relacionados son marcas registradas de Hasbro.<\/p>\n","protected":false},"excerpt":{"rendered":"<p>Los gigantescos dro\u00eddes de combate imperiales con una brillante armadura negra y potentes botas jet, los Dark Troopers son un dise\u00f1o poderoso.<\/p>\n","protected":false},"featured_media":5258,"comment_status":"open","ping_status":"closed","template":"","meta":[],"product_brand":[],"product_cat":[29],"product_tag":[],"class_list":{"0":"post-4623","1":"product","2":"type-product","3":"status-publish","4":"has-post-thumbnail","6":"product_cat-vintage","8":"first","9":"instock","10":"taxable","11":"shipping-taxable","12":"purchasable","13":"product-type-simple"},"_links":{"self":[{"href":"https:\/\/r2-toys.com\/index.php\/wp-json\/wp\/v2\/product\/4623","targetHints":{"allow":["GET"]}}],"collection":[{"href":"https:\/\/r2-toys.com\/index.php\/wp-json\/wp\/v2\/product"}],"about":[{"href":"https:\/\/r2-toys.com\/index.php\/wp-json\/wp\/v2\/types\/product"}],"replies":[{"embeddable":true,"href":"https:\/\/r2-toys.com\/index.php\/wp-json\/wp\/v2\/comments?post=4623"}],"wp:featuredmedia":[{"embeddable":true,"href":"https:\/\/r2-toys.com\/index.php\/wp-json\/wp\/v2\/media\/5258"}],"wp:attachment":[{"href":"https:\/\/r2-toys.com\/index.php\/wp-json\/wp\/v2\/media?parent=4623"}],"wp:term":[{"taxonomy":"product_brand","embeddable":true,"href":"https:\/\/r2-toys.com\/index.php\/wp-json\/wp\/v2\/product_brand?post=4623"},{"taxonomy":"product_cat","embeddable":true,"href":"https:\/\/r2-toys.com\/index.php\/wp-json\/wp\/v2\/product_cat?post=4623"},{"taxonomy":"product_tag","embeddable":true,"href":"https:\/\/r2-toys.com\/index.php\/wp-json\/wp\/v2\/product_tag?post=4623"}],"curies":[{"name":"wp","href":"https:\/\/api.w.org\/{rel}","templated":true}]}}