{"id":4632,"date":"2023-01-29T07:33:05","date_gmt":"2023-01-29T01:33:05","guid":{"rendered":"https:\/\/r2-toys.com\/?post_type=product&#038;p=4632"},"modified":"2023-01-29T07:33:05","modified_gmt":"2023-01-29T01:33:05","slug":"bounty-collection-series-l0-la59-lola","status":"publish","type":"product","link":"https:\/\/r2-toys.com\/index.php\/product\/bounty-collection-series-l0-la59-lola\/","title":{"rendered":"Bounty Collection Series L0-LA59 (Lola)"},"content":{"rendered":"<p>Lola, que fue propiedad de la joven princesa Leia Organa durante la Era Imperial, sol\u00eda acompa\u00f1ar a su due\u00f1a cuando jugaba en el Palacio Real en el planeta Alderaan. Frecuentemente manipulaba su carcasa de varias maneras para emocionarse, incluido el aleteo de los paneles decorativos de sus alas, as\u00ed como tambi\u00e9n respondiendo tanto a la conversaci\u00f3n como a los comandos directos a trav\u00e9s de un pitido. Pudo flotar y viajar lo suficientemente r\u00e1pido como para seguir el ritmo de un ni\u00f1o que corr\u00eda. Tambi\u00e9n ten\u00eda peque\u00f1as patas retr\u00e1ctiles y un bot\u00f3n de apagado en el medio de la parte superior de su caparaz\u00f3n<\/p>\n<p>Esta colecci\u00f3n de 5.5cm en diferentes posturas tienen detalles exclusivos e inspirados en la serie.<\/p>\n<p>Edad recomendada: 4 a\u00f1os en adelante<\/p>\n<p>\u26a0\ufe0f ADVERTENCIA: PELIGRO DE ASFIXIA &#8211; Piezas peque\u00f1as. No apto para ni\u00f1os menores de 4 a\u00f1os.<\/p>\n<p>Los productos Star Wars son producidos por Hasbro bajo licencia de Lucasfilm Ltd. y Disney<\/p>\n<p>Hasbro y todos los t\u00e9rminos relacionados son marcas registradas de Hasbro.<\/p>\n","protected":false},"excerpt":{"rendered":"<p>Lola, que fue propiedad de la joven princesa Leia Organa durante la Era Imperial, sol\u00eda acompa\u00f1ar a su due\u00f1a cuando jugaba en el Palacio Real en el planeta Alderaan. Frecuentemente manipulaba su carcasa de varias maneras para emocionarse, incluido el aleteo de los paneles decorativos de sus alas, as\u00ed como tambi\u00e9n respondiendo tanto a la conversaci\u00f3n como a los comandos directos a trav\u00e9s de un pitido. Pudo flotar y viajar lo suficientemente r\u00e1pido como para seguir el ritmo de un ni\u00f1o que corr\u00eda. Tambi\u00e9n ten\u00eda peque\u00f1as patas retr\u00e1ctiles y un bot\u00f3n de apagado en el medio de la parte superior de su caparaz\u00f3n<\/p>\n","protected":false},"featured_media":5613,"comment_status":"open","ping_status":"closed","template":"","meta":[],"product_brand":[],"product_cat":[33],"product_tag":[],"class_list":{"0":"post-4632","1":"product","2":"type-product","3":"status-publish","4":"has-post-thumbnail","6":"product_cat-otros","8":"first","9":"instock","10":"taxable","11":"shipping-taxable","12":"purchasable","13":"product-type-simple"},"_links":{"self":[{"href":"https:\/\/r2-toys.com\/index.php\/wp-json\/wp\/v2\/product\/4632","targetHints":{"allow":["GET"]}}],"collection":[{"href":"https:\/\/r2-toys.com\/index.php\/wp-json\/wp\/v2\/product"}],"about":[{"href":"https:\/\/r2-toys.com\/index.php\/wp-json\/wp\/v2\/types\/product"}],"replies":[{"embeddable":true,"href":"https:\/\/r2-toys.com\/index.php\/wp-json\/wp\/v2\/comments?post=4632"}],"wp:featuredmedia":[{"embeddable":true,"href":"https:\/\/r2-toys.com\/index.php\/wp-json\/wp\/v2\/media\/5613"}],"wp:attachment":[{"href":"https:\/\/r2-toys.com\/index.php\/wp-json\/wp\/v2\/media?parent=4632"}],"wp:term":[{"taxonomy":"product_brand","embeddable":true,"href":"https:\/\/r2-toys.com\/index.php\/wp-json\/wp\/v2\/product_brand?post=4632"},{"taxonomy":"product_cat","embeddable":true,"href":"https:\/\/r2-toys.com\/index.php\/wp-json\/wp\/v2\/product_cat?post=4632"},{"taxonomy":"product_tag","embeddable":true,"href":"https:\/\/r2-toys.com\/index.php\/wp-json\/wp\/v2\/product_tag?post=4632"}],"curies":[{"name":"wp","href":"https:\/\/api.w.org\/{rel}","templated":true}]}}