{"id":4634,"date":"2022-07-28T20:10:58","date_gmt":"2022-07-28T14:10:58","guid":{"rendered":"https:\/\/r2-toys.com\/?post_type=product&#038;p=4634"},"modified":"2026-01-18T06:06:37","modified_gmt":"2026-01-18T00:06:37","slug":"purge-trooper-phase-ii","status":"publish","type":"product","link":"https:\/\/r2-toys.com\/index.php\/product\/purge-trooper-phase-ii\/","title":{"rendered":"Purge Trooper Phase II"},"content":{"rendered":"<p>A\u00f1os despu\u00e9s de los dram\u00e1ticos eventos de La venganza de los Sith, donde Kenobi enfrent\u00f3 la corrupci\u00f3n de su amigo y aprendiz de Jedi, Anakin Skywalker, convertido en el Lord Sith Darth Vader.<span class=\"Apple-converted-space\">\u00a0<\/span><\/p>\n<p>Esta figura de 15cm presenta m\u00faltiples puntos de articulaci\u00f3n y dise\u00f1o incre\u00edble. Incluye accesorios.<\/p>\n<p>Edad recomendada: 4 a\u00f1os en adelante<\/p>\n<p>\u26a0\ufe0fADVERTENCIA: PELIGRO DE ASFIXIA &#8211; Piezas peque\u00f1as. No apto para ni\u00f1os menores de 4 a\u00f1os.<\/p>\n<p>Los productos Star Wars son producidos por Hasbro bajo licencia de Lucasfilm Ltd.<\/p>\n<p>Hasbro y todos los t\u00e9rminos relacionados son marcas registradas de Hasbro.<\/p>\n","protected":false},"excerpt":{"rendered":"<p>A\u00f1os despu\u00e9s de los dram\u00e1ticos eventos de La venganza de los Sith, donde Kenobi enfrent\u00f3 la corrupci\u00f3n de su amigo y aprendiz de Jedi, Anakin Skywalker, convertido en el Lord Sith Darth Vader.<\/p>\n","protected":false},"featured_media":5716,"comment_status":"open","ping_status":"closed","template":"","meta":[],"product_brand":[],"product_cat":[28],"product_tag":[],"class_list":{"0":"post-4634","1":"product","2":"type-product","3":"status-publish","4":"has-post-thumbnail","6":"product_cat-black-series","8":"first","9":"instock","10":"taxable","11":"shipping-taxable","12":"purchasable","13":"product-type-simple"},"_links":{"self":[{"href":"https:\/\/r2-toys.com\/index.php\/wp-json\/wp\/v2\/product\/4634","targetHints":{"allow":["GET"]}}],"collection":[{"href":"https:\/\/r2-toys.com\/index.php\/wp-json\/wp\/v2\/product"}],"about":[{"href":"https:\/\/r2-toys.com\/index.php\/wp-json\/wp\/v2\/types\/product"}],"replies":[{"embeddable":true,"href":"https:\/\/r2-toys.com\/index.php\/wp-json\/wp\/v2\/comments?post=4634"}],"wp:featuredmedia":[{"embeddable":true,"href":"https:\/\/r2-toys.com\/index.php\/wp-json\/wp\/v2\/media\/5716"}],"wp:attachment":[{"href":"https:\/\/r2-toys.com\/index.php\/wp-json\/wp\/v2\/media?parent=4634"}],"wp:term":[{"taxonomy":"product_brand","embeddable":true,"href":"https:\/\/r2-toys.com\/index.php\/wp-json\/wp\/v2\/product_brand?post=4634"},{"taxonomy":"product_cat","embeddable":true,"href":"https:\/\/r2-toys.com\/index.php\/wp-json\/wp\/v2\/product_cat?post=4634"},{"taxonomy":"product_tag","embeddable":true,"href":"https:\/\/r2-toys.com\/index.php\/wp-json\/wp\/v2\/product_tag?post=4634"}],"curies":[{"name":"wp","href":"https:\/\/api.w.org\/{rel}","templated":true}]}}