{"id":464,"date":"2021-08-09T08:05:26","date_gmt":"2021-08-09T02:05:26","guid":{"rendered":"https:\/\/r2-toys.com\/?post_type=product&#038;p=464"},"modified":"2026-01-10T04:25:16","modified_gmt":"2026-01-09T22:25:16","slug":"mandalorian-loyalist","status":"publish","type":"product","link":"https:\/\/r2-toys.com\/index.php\/product\/mandalorian-loyalist\/","title":{"rendered":"Mandalorian loyalist"},"content":{"rendered":"<p>Star Wars Mandalorian Loyalist; cuando Darth Maul traicion\u00f3 y derrot\u00f3 a Pre Vizsla, Death Watch se dividi\u00f3 en dos grupos. Aquellos que quisieron asumir el legado guerrero de Mandalore permanecieron leales a Maul.<\/p>\n<p>Fans y coleccionistas pueden imaginar escenas de la galaxia de Star Wars con esta figura premium de Mandalorian Super Commando, basada en la serie animada Star Wars: The Clone Wars.<\/p>\n<p>Esta figura de acci\u00f3n Star Wars The Black Series incluye 2 accesorios inspirados en los personajes de mandalorianos leales que hacen de la figura una adici\u00f3n fant\u00e1stica a toda colecci\u00f3n de Star Wars<\/p>\n<p>Tanto los fans como los coleccionistas de Star Wars pueden exhibir esta figura altamente articulada (4 extremidades totalmente articuladas) con dise\u00f1o premium, en su colecci\u00f3n de veh\u00edculos y figuras<\/p>\n<div>\n<p>Edad recomendada: 4 a\u00f1os en adelante<\/p>\n<\/div>\n<div><\/div>\n<div>\n<div>\n<p>\u26a0\ufe0f ADVERTENCIA: PELIGRO DE ASFIXIA &#8211; Piezas peque\u00f1as. No apto para ni\u00f1os menores de 4 a\u00f1os.<\/p>\n<\/div>\n<div>\n<p>Los productos Star Wars son producidos por Hasbro bajo licencia de Lucasfilm Ltd.<\/p>\n<\/div>\n<div>\n<p>Hasbro y todos los t\u00e9rminos relacionados son marcas registradas de Hasbro.<\/p>\n<\/div>\n<\/div>\n","protected":false},"excerpt":{"rendered":"<p>Star Wars Mandalorian Loyalist; cuando Darth Maul traicion\u00f3 y derrot\u00f3 a Pre Vizsla, Death Watch se dividi\u00f3 en dos grupos. Aquellos que quisieron asumir el legado guerrero de Mandalore permanecieron leales a Maul.<\/p>\n","protected":false},"featured_media":2541,"comment_status":"open","ping_status":"closed","template":"","meta":[],"product_brand":[],"product_cat":[28],"product_tag":[],"class_list":{"0":"post-464","1":"product","2":"type-product","3":"status-publish","4":"has-post-thumbnail","6":"product_cat-black-series","8":"first","9":"instock","10":"taxable","11":"shipping-taxable","12":"purchasable","13":"product-type-simple"},"_links":{"self":[{"href":"https:\/\/r2-toys.com\/index.php\/wp-json\/wp\/v2\/product\/464","targetHints":{"allow":["GET"]}}],"collection":[{"href":"https:\/\/r2-toys.com\/index.php\/wp-json\/wp\/v2\/product"}],"about":[{"href":"https:\/\/r2-toys.com\/index.php\/wp-json\/wp\/v2\/types\/product"}],"replies":[{"embeddable":true,"href":"https:\/\/r2-toys.com\/index.php\/wp-json\/wp\/v2\/comments?post=464"}],"wp:featuredmedia":[{"embeddable":true,"href":"https:\/\/r2-toys.com\/index.php\/wp-json\/wp\/v2\/media\/2541"}],"wp:attachment":[{"href":"https:\/\/r2-toys.com\/index.php\/wp-json\/wp\/v2\/media?parent=464"}],"wp:term":[{"taxonomy":"product_brand","embeddable":true,"href":"https:\/\/r2-toys.com\/index.php\/wp-json\/wp\/v2\/product_brand?post=464"},{"taxonomy":"product_cat","embeddable":true,"href":"https:\/\/r2-toys.com\/index.php\/wp-json\/wp\/v2\/product_cat?post=464"},{"taxonomy":"product_tag","embeddable":true,"href":"https:\/\/r2-toys.com\/index.php\/wp-json\/wp\/v2\/product_tag?post=464"}],"curies":[{"name":"wp","href":"https:\/\/api.w.org\/{rel}","templated":true}]}}