{"id":4649,"date":"2022-08-10T11:44:09","date_gmt":"2022-08-10T05:44:09","guid":{"rendered":"https:\/\/r2-toys.com\/?post_type=product&#038;p=4649"},"modified":"2022-08-10T11:44:09","modified_gmt":"2022-08-10T05:44:09","slug":"razor-crest-micro-galaxy-squadron","status":"publish","type":"product","link":"https:\/\/r2-toys.com\/index.php\/product\/razor-crest-micro-galaxy-squadron\/","title":{"rendered":"Razor Crest Micro Galaxy Squadron"},"content":{"rendered":"<p>Antigua nave militar utilizada para patrullar territorios locales en la \u00e9poca anterior al Imperio, el Razor Crest es el transporte y vivienda de el Mandalorian y el Ni\u00f1o, mientras viajan de un mundo a otro, manteni\u00e9ndose fuera del alcance del Remanente Imperial.<\/p>\n<p>Esta nave<span class=\"Apple-converted-space\">\u00a0 <\/span>a escala de 18 cm aproximadamente cuenta con gran detalle e incluye 3 figuras.<span class=\"Apple-converted-space\">\u00a0<\/span><\/p>\n<p>Edad recomendada: 3 a\u00f1os en adelante<\/p>\n<p>\u26a0\ufe0fADVERTENCIA: PELIGRO DE ASFIXIA &#8211; Piezas peque\u00f1as. No apto para ni\u00f1os menores de 3 a\u00f1os.<\/p>\n<p>Los productos Star Wars son producidos por Jazwares LLC bajo licencia de Lucasfilm Ltd y Disney.<\/p>\n<p>Jazwares LLC y todos los t\u00e9rminos relacionados son marcas registradas de Jazwares.<\/p>\n","protected":false},"excerpt":{"rendered":"<p>Antigua nave militar utilizada para patrullar territorios locales en la \u00e9poca anterior al Imperio, el Razor Crest es el transporte y vivienda de el Mandalorian y el Ni\u00f1o, mientras viajan de un mundo a otro, manteni\u00e9ndose fuera del alcance del Remanente Imperial.<\/p>\n","protected":false},"featured_media":4694,"comment_status":"open","ping_status":"closed","template":"","meta":[],"product_brand":[],"product_cat":[19],"product_tag":[],"class_list":{"0":"post-4649","1":"product","2":"type-product","3":"status-publish","4":"has-post-thumbnail","6":"product_cat-star-wars","8":"first","9":"instock","10":"taxable","11":"shipping-taxable","12":"purchasable","13":"product-type-simple"},"_links":{"self":[{"href":"https:\/\/r2-toys.com\/index.php\/wp-json\/wp\/v2\/product\/4649","targetHints":{"allow":["GET"]}}],"collection":[{"href":"https:\/\/r2-toys.com\/index.php\/wp-json\/wp\/v2\/product"}],"about":[{"href":"https:\/\/r2-toys.com\/index.php\/wp-json\/wp\/v2\/types\/product"}],"replies":[{"embeddable":true,"href":"https:\/\/r2-toys.com\/index.php\/wp-json\/wp\/v2\/comments?post=4649"}],"wp:featuredmedia":[{"embeddable":true,"href":"https:\/\/r2-toys.com\/index.php\/wp-json\/wp\/v2\/media\/4694"}],"wp:attachment":[{"href":"https:\/\/r2-toys.com\/index.php\/wp-json\/wp\/v2\/media?parent=4649"}],"wp:term":[{"taxonomy":"product_brand","embeddable":true,"href":"https:\/\/r2-toys.com\/index.php\/wp-json\/wp\/v2\/product_brand?post=4649"},{"taxonomy":"product_cat","embeddable":true,"href":"https:\/\/r2-toys.com\/index.php\/wp-json\/wp\/v2\/product_cat?post=4649"},{"taxonomy":"product_tag","embeddable":true,"href":"https:\/\/r2-toys.com\/index.php\/wp-json\/wp\/v2\/product_tag?post=4649"}],"curies":[{"name":"wp","href":"https:\/\/api.w.org\/{rel}","templated":true}]}}