{"id":4651,"date":"2022-08-10T11:41:42","date_gmt":"2022-08-10T05:41:42","guid":{"rendered":"https:\/\/r2-toys.com\/?post_type=product&#038;p=4651"},"modified":"2022-08-10T11:41:42","modified_gmt":"2022-08-10T05:41:42","slug":"millenium-falcon-micro-galaxy-squadron","status":"publish","type":"product","link":"https:\/\/r2-toys.com\/index.php\/product\/millenium-falcon-micro-galaxy-squadron\/","title":{"rendered":"Millenium Falcon Micro Galaxy Squadron"},"content":{"rendered":"<p>Carguero ligero corelliano<span class=\"Apple-converted-space\">\u00a0 <\/span>modificado, el Halc\u00f3n Milenario es una leyenda en los c\u00edrculos de contrabandistas. Considerado la chatarra m\u00e1s r\u00e1pido de la galaxia que hizo el Kessel Run en menos de 12 parsecs. Ha jugado un papel en algunas de las mayores victorias de la Alianza Rebelde y la Nueva Rep\u00fablica. A pesar de sus defectos, sus due\u00f1os la aman: Han Solo y Chewbacca pasaron a\u00f1os buscando en la galaxia la nave que alguna vez llamaron hogar, y se regocijaron cuando finalmente la recuperaron.<\/p>\n<p>Esta nave<span class=\"Apple-converted-space\">\u00a0 <\/span>a escala de 23 cm aproximadamente cuenta con gran detalle e incluye 2 figuras.<span class=\"Apple-converted-space\">\u00a0<\/span><\/p>\n<p>Edad recomendada: 3 a\u00f1os en adelante<\/p>\n<p>\u26a0\ufe0fADVERTENCIA: PELIGRO DE ASFIXIA &#8211; Piezas peque\u00f1as. No apto para ni\u00f1os menores de 3 a\u00f1os.<\/p>\n<p>Los productos Star Wars son producidos por Jazwares LLC bajo licencia de Lucasfilm Ltd y Disney.<\/p>\n<p>Jazwares LLC y todos los t\u00e9rminos relacionados son marcas registradas de Jazwares.<\/p>\n","protected":false},"excerpt":{"rendered":"<p>Carguero ligero corelliano<span class=\"Apple-converted-space\">\u00a0 <\/span>modificado, el Halc\u00f3n Milenario es una leyenda en los c\u00edrculos de contrabandistas. Considerado la chatarra m\u00e1s r\u00e1pido de la galaxia que hizo el Kessel Run en menos de 12 parsecs. Ha jugado un papel en algunas de las mayores victorias de la Alianza Rebelde y la Nueva Rep\u00fablica. A pesar de sus defectos, sus due\u00f1os la aman: Han Solo y Chewbacca pasaron a\u00f1os buscando en la galaxia la nave que alguna vez llamaron hogar, y se regocijaron cuando finalmente la recuperaron.<\/p>\n","protected":false},"featured_media":4691,"comment_status":"open","ping_status":"closed","template":"","meta":[],"product_brand":[],"product_cat":[19],"product_tag":[],"class_list":{"0":"post-4651","1":"product","2":"type-product","3":"status-publish","4":"has-post-thumbnail","6":"product_cat-star-wars","8":"first","9":"instock","10":"taxable","11":"shipping-taxable","12":"purchasable","13":"product-type-simple"},"_links":{"self":[{"href":"https:\/\/r2-toys.com\/index.php\/wp-json\/wp\/v2\/product\/4651","targetHints":{"allow":["GET"]}}],"collection":[{"href":"https:\/\/r2-toys.com\/index.php\/wp-json\/wp\/v2\/product"}],"about":[{"href":"https:\/\/r2-toys.com\/index.php\/wp-json\/wp\/v2\/types\/product"}],"replies":[{"embeddable":true,"href":"https:\/\/r2-toys.com\/index.php\/wp-json\/wp\/v2\/comments?post=4651"}],"wp:featuredmedia":[{"embeddable":true,"href":"https:\/\/r2-toys.com\/index.php\/wp-json\/wp\/v2\/media\/4691"}],"wp:attachment":[{"href":"https:\/\/r2-toys.com\/index.php\/wp-json\/wp\/v2\/media?parent=4651"}],"wp:term":[{"taxonomy":"product_brand","embeddable":true,"href":"https:\/\/r2-toys.com\/index.php\/wp-json\/wp\/v2\/product_brand?post=4651"},{"taxonomy":"product_cat","embeddable":true,"href":"https:\/\/r2-toys.com\/index.php\/wp-json\/wp\/v2\/product_cat?post=4651"},{"taxonomy":"product_tag","embeddable":true,"href":"https:\/\/r2-toys.com\/index.php\/wp-json\/wp\/v2\/product_tag?post=4651"}],"curies":[{"name":"wp","href":"https:\/\/api.w.org\/{rel}","templated":true}]}}