{"id":4734,"date":"2022-08-29T15:48:52","date_gmt":"2022-08-29T09:48:52","guid":{"rendered":"https:\/\/r2-toys.com\/?post_type=product&#038;p=4734"},"modified":"2022-09-24T02:01:20","modified_gmt":"2022-09-23T20:01:20","slug":"501st-legion-clone-trooper-caido","status":"publish","type":"product","link":"https:\/\/r2-toys.com\/index.php\/product\/501st-legion-clone-trooper-caido\/","title":{"rendered":"501st Legion Clone Trooper (Ca\u00eddo)"},"content":{"rendered":"<p>Una unidad de \u00e9lite de Clone Troopers, la Legi\u00f3n 501 patrullaba los terrenos despu\u00e9s del asedio del Templo Jedi en Coruscant.<\/p>\n<div>\n<p>Edad recomendada: 4 a\u00f1os en adelante<\/p>\n<\/div>\n<div>\n<p>\u26a0\ufe0f ADVERTENCIA: PELIGRO DE ASFIXIA &#8211; Piezas peque\u00f1as. No apto para ni\u00f1os menores de 4 a\u00f1os.<\/p>\n<\/div>\n<div>\n<p>Los productos Star Wars son producidos por Hasbro bajo licencia de Lucasfilm Ltd.<\/p>\n<\/div>\n<div>\n<p>Hasbro y todos los t\u00e9rminos relacionados son marcas de comercio de Hasbro.<\/p>\n<\/div>\n<p>Este producto tiene detalles en la \u00a0empaque visible en las fotos:<\/p>\n<p>A)Blister aplastado en la esquina inferior derecha.<\/p>\n<p>B) Dobles en la parte superior del cart\u00f3n.<\/p>\n<p>Adem\u00e1s podr\u00edan contener alg\u00fan otro detalle no descrito visualmente o en esta misma. Por lo que aplica lo descrito en la pol\u00edtica de garant\u00eda.<\/p>\n<p>TODOS LOS PRODUCTOS CONTENIDOS EN ESTA CATEGOR\u00cdA TIENEN DETALLES Y\/O DA\u00d1OS FISICOS; PRINCIPALMENTE EN EL EMPAQUE ORIGINAL, PUDIENDO SER EL C\u00c1SO DE ALGUNA IMPERFECCI\u00d3N EN EL ART\u00cdCULO CONTENIDO, S\u00cdENDO ESPECIFICADO EN LA DESCRIPCI\u00d3N PARTICULAR, POR LO CUAL EL CLIENTE ASUME\u00a0\u00a0LA RESPONSABILIDAD DE LAS CONDICIONES DESCRITAS Y GR\u00c1FICAS DE DICHO ART\u00cdCULO, AS\u00cd COMO LO EXPRESO\u00a0EN LA POL\u00cdTICA DE DEVOLUCI\u00d3N Y GARANT\u00cdA.<\/p>\n","protected":false},"excerpt":{"rendered":"<p>Una unidad de \u00e9lite de Clone Troopers, la Legi\u00f3n 501 patrullaba los terrenos despu\u00e9s del asedio del Templo Jedi en Coruscant.<\/p>\n","protected":false},"featured_media":4729,"comment_status":"open","ping_status":"closed","template":"","meta":[],"product_brand":[],"product_cat":[23],"product_tag":[],"class_list":{"0":"post-4734","1":"product","2":"type-product","3":"status-publish","4":"has-post-thumbnail","6":"product_cat-los-caidos","8":"first","9":"instock","10":"sale","11":"taxable","12":"shipping-taxable","13":"purchasable","14":"product-type-simple"},"_links":{"self":[{"href":"https:\/\/r2-toys.com\/index.php\/wp-json\/wp\/v2\/product\/4734","targetHints":{"allow":["GET"]}}],"collection":[{"href":"https:\/\/r2-toys.com\/index.php\/wp-json\/wp\/v2\/product"}],"about":[{"href":"https:\/\/r2-toys.com\/index.php\/wp-json\/wp\/v2\/types\/product"}],"replies":[{"embeddable":true,"href":"https:\/\/r2-toys.com\/index.php\/wp-json\/wp\/v2\/comments?post=4734"}],"wp:featuredmedia":[{"embeddable":true,"href":"https:\/\/r2-toys.com\/index.php\/wp-json\/wp\/v2\/media\/4729"}],"wp:attachment":[{"href":"https:\/\/r2-toys.com\/index.php\/wp-json\/wp\/v2\/media?parent=4734"}],"wp:term":[{"taxonomy":"product_brand","embeddable":true,"href":"https:\/\/r2-toys.com\/index.php\/wp-json\/wp\/v2\/product_brand?post=4734"},{"taxonomy":"product_cat","embeddable":true,"href":"https:\/\/r2-toys.com\/index.php\/wp-json\/wp\/v2\/product_cat?post=4734"},{"taxonomy":"product_tag","embeddable":true,"href":"https:\/\/r2-toys.com\/index.php\/wp-json\/wp\/v2\/product_tag?post=4734"}],"curies":[{"name":"wp","href":"https:\/\/api.w.org\/{rel}","templated":true}]}}