{"id":477,"date":"2022-03-24T07:33:13","date_gmt":"2022-03-24T01:33:13","guid":{"rendered":"https:\/\/r2-toys.com\/?post_type=product&#038;p=477"},"modified":"2025-12-31T23:34:59","modified_gmt":"2025-12-31T17:34:59","slug":"offworld-jawa","status":"publish","type":"product","link":"https:\/\/r2-toys.com\/index.php\/product\/offworld-jawa\/","title":{"rendered":"Offworld Jawa"},"content":{"rendered":"<p>Los barcos que viajan hacia y desde Tatooine han provocado que algunos Jawas abandonen su mundo natal en el desierto.<\/p>\n<p>Fan\u00e1ticos y coleccionistas pueden imaginar escenas de Star Wars Galaxy con este juguete premium Offworld Jawa, inspirado en la serie de televisi\u00f3n de acci\u00f3n en vivo The Mandalorian en Disney Plus.<\/p>\n<p>Esta figura de acci\u00f3n de Star Wars The Black Series viene con accesorios inspirados en Offworld Jawa que son una gran adici\u00f3n a cualquier colecci\u00f3n de Star Wars.<\/p>\n<p>Los fan\u00e1ticos y coleccionistas de Star Wars pueden mostrar esta figura altamente articulada (4 extremidades completamente articuladas), con decoraci\u00f3n premium, en su figura de acci\u00f3n y colecci\u00f3n de veh\u00edculos.<\/p>\n<p>Incluye: figura con tela y 2 accesorios.<\/p>\n<p>Escala de la figura: 15 cm<\/p>\n<p>Edad recomendada: 4 a\u00f1os en adelante<\/p>\n<div>\n<p>\u26a0\ufe0f ADVERTENCIA: PELIGRO DE ASFIXIA &#8211; Piezas peque\u00f1as. No apto para ni\u00f1os menores de 4 a\u00f1os.<\/p>\n<\/div>\n<div>\n<p>Los productos Star Wars son producidos por Hasbro bajo licencia de Lucasfilm Ltd.<\/p>\n<\/div>\n<div>\n<p>Hasbro y todos los t\u00e9rminos relacionados son marcas registradas de Hasbro.<\/p>\n<\/div>\n","protected":false},"excerpt":{"rendered":"<p>Los barcos que viajan hacia y desde Tatooine han provocado que algunos Jawas abandonen su mundo natal en el desierto.<\/p>\n","protected":false},"featured_media":2547,"comment_status":"open","ping_status":"closed","template":"","meta":[],"product_brand":[],"product_cat":[28],"product_tag":[],"class_list":{"0":"post-477","1":"product","2":"type-product","3":"status-publish","4":"has-post-thumbnail","6":"product_cat-black-series","8":"first","9":"instock","10":"taxable","11":"shipping-taxable","12":"purchasable","13":"product-type-simple"},"_links":{"self":[{"href":"https:\/\/r2-toys.com\/index.php\/wp-json\/wp\/v2\/product\/477","targetHints":{"allow":["GET"]}}],"collection":[{"href":"https:\/\/r2-toys.com\/index.php\/wp-json\/wp\/v2\/product"}],"about":[{"href":"https:\/\/r2-toys.com\/index.php\/wp-json\/wp\/v2\/types\/product"}],"replies":[{"embeddable":true,"href":"https:\/\/r2-toys.com\/index.php\/wp-json\/wp\/v2\/comments?post=477"}],"wp:featuredmedia":[{"embeddable":true,"href":"https:\/\/r2-toys.com\/index.php\/wp-json\/wp\/v2\/media\/2547"}],"wp:attachment":[{"href":"https:\/\/r2-toys.com\/index.php\/wp-json\/wp\/v2\/media?parent=477"}],"wp:term":[{"taxonomy":"product_brand","embeddable":true,"href":"https:\/\/r2-toys.com\/index.php\/wp-json\/wp\/v2\/product_brand?post=477"},{"taxonomy":"product_cat","embeddable":true,"href":"https:\/\/r2-toys.com\/index.php\/wp-json\/wp\/v2\/product_cat?post=477"},{"taxonomy":"product_tag","embeddable":true,"href":"https:\/\/r2-toys.com\/index.php\/wp-json\/wp\/v2\/product_tag?post=477"}],"curies":[{"name":"wp","href":"https:\/\/api.w.org\/{rel}","templated":true}]}}