{"id":4788,"date":"2022-09-09T21:53:27","date_gmt":"2022-09-09T15:53:27","guid":{"rendered":"https:\/\/r2-toys.com\/?post_type=product&#038;p=4788"},"modified":"2022-09-26T08:22:36","modified_gmt":"2022-09-26T02:22:36","slug":"vaso-para-cafe-grogu","status":"publish","type":"product","link":"https:\/\/r2-toys.com\/index.php\/product\/vaso-para-cafe-grogu\/","title":{"rendered":"Vaso para caf\u00e9 Grog\u00fa"},"content":{"rendered":"<p>Grogu, conocido como \u201cThe child\u201d fue\u00a0un\u00a0exp\u00f3sito\u00a0mandaloriano\u00a0sensible a la Fuerza\u00a0que pertenec\u00eda a la misma\u00a0especie\u00a0del\u00a0Gran Maestro\u00a0Jedi\u00a0Yoda, mientras era todav\u00eda un infante a la edad de cincuenta\u00a0a\u00f1os, \u00e9l fue\u00a0buscado, a petici\u00f3n del\u00a0Moff\u00a0Gideon y por un\u00a0Imperial\u00a0que contrat\u00f3 a un\u00a0cazarrecompensas\u00a0mandaloriano llamado\u00a0Din Djarin\u00a0para\u00a0recuperarlo.<\/p>\n<p>Zak Vaso para caf\u00e9 de Grogu tiene un dise\u00f1o que fascinara a todos, este vaso esta hecho de materiales de alta calidad y esta listo para acompa\u00f1ar tu d\u00eda con bebidas calientes o para adornar tu repisa. Capacidad: 600ml<\/p>\n<p>Edad recomendada: 15 a\u00f1os en adelante<\/p>\n<p>\u26a0\ufe0fADVERTENCIA: PELIGRO DE ASFIXIA \u2013 Piezas peque\u00f1as. No apto para ni\u00f1os menores de 12 a\u00f1os.<\/p>\n<p>Los productos Star Wars son producidos bajo licencia de Lucasfilm Ltd. y Disney.<\/p>\n<p>ZAK y todos los t\u00e9rminos relacionados con este producto son marcas registradas de ZAK.<\/p>\n","protected":false},"excerpt":{"rendered":"<p>Zak Vaso para caf\u00e9 de Grogu tiene un dise\u00f1o que fascinara a todos, este vaso esta hecho de materiales de alta calidad y esta listo para acompa\u00f1ar tu d\u00eda con bebidas calientes o para adornar tu repisa. Capacidad: 600ml<\/p>\n","protected":false},"featured_media":4796,"comment_status":"open","ping_status":"closed","template":"","meta":[],"product_brand":[],"product_cat":[34],"product_tag":[],"class_list":{"0":"post-4788","1":"product","2":"type-product","3":"status-publish","4":"has-post-thumbnail","6":"product_cat-accesorios","8":"first","9":"instock","10":"taxable","11":"shipping-taxable","12":"purchasable","13":"product-type-simple"},"_links":{"self":[{"href":"https:\/\/r2-toys.com\/index.php\/wp-json\/wp\/v2\/product\/4788","targetHints":{"allow":["GET"]}}],"collection":[{"href":"https:\/\/r2-toys.com\/index.php\/wp-json\/wp\/v2\/product"}],"about":[{"href":"https:\/\/r2-toys.com\/index.php\/wp-json\/wp\/v2\/types\/product"}],"replies":[{"embeddable":true,"href":"https:\/\/r2-toys.com\/index.php\/wp-json\/wp\/v2\/comments?post=4788"}],"wp:featuredmedia":[{"embeddable":true,"href":"https:\/\/r2-toys.com\/index.php\/wp-json\/wp\/v2\/media\/4796"}],"wp:attachment":[{"href":"https:\/\/r2-toys.com\/index.php\/wp-json\/wp\/v2\/media?parent=4788"}],"wp:term":[{"taxonomy":"product_brand","embeddable":true,"href":"https:\/\/r2-toys.com\/index.php\/wp-json\/wp\/v2\/product_brand?post=4788"},{"taxonomy":"product_cat","embeddable":true,"href":"https:\/\/r2-toys.com\/index.php\/wp-json\/wp\/v2\/product_cat?post=4788"},{"taxonomy":"product_tag","embeddable":true,"href":"https:\/\/r2-toys.com\/index.php\/wp-json\/wp\/v2\/product_tag?post=4788"}],"curies":[{"name":"wp","href":"https:\/\/api.w.org\/{rel}","templated":true}]}}