{"id":4803,"date":"2022-09-12T02:10:21","date_gmt":"2022-09-11T20:10:21","guid":{"rendered":"https:\/\/r2-toys.com\/?post_type=product&#038;p=4803"},"modified":"2022-09-12T02:10:21","modified_gmt":"2022-09-11T20:10:21","slug":"delorean-back-to-the-future-ii-escala-1-24-kit-de-plastico","status":"publish","type":"product","link":"https:\/\/r2-toys.com\/index.php\/product\/delorean-back-to-the-future-ii-escala-1-24-kit-de-plastico\/","title":{"rendered":"DeLorean Back to the Future II Escala 1\/24 Kit De Plastico"},"content":{"rendered":"<p>Este modelo a escala 1\/24 del DeLorean de Back to the Future II es un veh\u00edculo perfecto para los coleccionistas de veh\u00edculos cl\u00e1sicos de los a\u00f1os 80.<\/p>\n<p>Este modelo de pl\u00e1stico a escala 1:24 cuenta con gran detalle, de f\u00e1cil de armado. \u00a0Incluye instrucciones y calcoman\u00edas.<\/p>\n<p>Caracter\u00edsticas del producto<\/p>\n<ul>\n<li>Escala 1\/24<\/li>\n<li>Fabricado en PVC.<\/li>\n<li>Parte de la serie de Movie Mecha\u00a0<strong>Model Kits<\/strong><\/li>\n<li>Basado en la aparici\u00f3n del DeLorean en Volver al Futuro Parte II<\/li>\n<li>Nuevo y original<\/li>\n<\/ul>\n<p>Edad recomendada: 14 a\u00f1os en adelante<\/p>\n<p>\u26a0\ufe0fADVERTENCIA: PELIGRO DE ASFIXIA &#8211; Piezas peque\u00f1as. No apto para ni\u00f1os menores de 4 a\u00f1os.<\/p>\n<p>Este producto es producidos por\u00a0<strong>Miyuki Scale Figure.<\/strong><\/p>\n<p><strong>Miyuki Scale Figure\u00a0<\/strong>y todos los t\u00e9rminos relacionados son marcas registradas de <strong>Miyuki Scale Figure<\/strong>.<\/p>\n","protected":false},"excerpt":{"rendered":"<p>Este modelo a escala 1\/24 del DeLorean de Back to the Future II es un veh\u00edculo perfecto para los coleccionistas de veh\u00edculos cl\u00e1sicos de los a\u00f1os 80.<\/p>\n","protected":false},"featured_media":4793,"comment_status":"open","ping_status":"closed","template":"","meta":[],"product_brand":[],"product_cat":[25,21],"product_tag":[],"class_list":{"0":"post-4803","1":"product","2":"type-product","3":"status-publish","4":"has-post-thumbnail","6":"product_cat-armables","7":"product_cat-retro","9":"first","10":"instock","11":"taxable","12":"shipping-taxable","13":"purchasable","14":"product-type-simple"},"_links":{"self":[{"href":"https:\/\/r2-toys.com\/index.php\/wp-json\/wp\/v2\/product\/4803","targetHints":{"allow":["GET"]}}],"collection":[{"href":"https:\/\/r2-toys.com\/index.php\/wp-json\/wp\/v2\/product"}],"about":[{"href":"https:\/\/r2-toys.com\/index.php\/wp-json\/wp\/v2\/types\/product"}],"replies":[{"embeddable":true,"href":"https:\/\/r2-toys.com\/index.php\/wp-json\/wp\/v2\/comments?post=4803"}],"wp:featuredmedia":[{"embeddable":true,"href":"https:\/\/r2-toys.com\/index.php\/wp-json\/wp\/v2\/media\/4793"}],"wp:attachment":[{"href":"https:\/\/r2-toys.com\/index.php\/wp-json\/wp\/v2\/media?parent=4803"}],"wp:term":[{"taxonomy":"product_brand","embeddable":true,"href":"https:\/\/r2-toys.com\/index.php\/wp-json\/wp\/v2\/product_brand?post=4803"},{"taxonomy":"product_cat","embeddable":true,"href":"https:\/\/r2-toys.com\/index.php\/wp-json\/wp\/v2\/product_cat?post=4803"},{"taxonomy":"product_tag","embeddable":true,"href":"https:\/\/r2-toys.com\/index.php\/wp-json\/wp\/v2\/product_tag?post=4803"}],"curies":[{"name":"wp","href":"https:\/\/api.w.org\/{rel}","templated":true}]}}