{"id":481,"date":"2022-03-24T23:02:36","date_gmt":"2022-03-24T17:02:36","guid":{"rendered":"https:\/\/r2-toys.com\/?post_type=product&#038;p=481"},"modified":"2026-01-18T05:59:40","modified_gmt":"2026-01-17T23:59:40","slug":"princesa-leia-organa-endor","status":"publish","type":"product","link":"https:\/\/r2-toys.com\/index.php\/product\/princesa-leia-organa-endor\/","title":{"rendered":"Princesa Leia Organa Endor"},"content":{"rendered":"<p>La princesa Leia Organa ayud\u00f3 a los rebeldes a organizar un plan para destruir la nueva Estrella de la Muerte del Imperio: derribar el generador de escudos de la estaci\u00f3n espacial en Endor.<\/p>\n<p>Los fan\u00e1ticos y coleccionistas pueden imaginar escenas de la Galaxia de Star Wars con este juguete premium de la Princesa Leia Organa (Endor), inspirado en la pel\u00edcula Star Wars: El Regreso del Jedi.<\/p>\n<p>Esta figura de acci\u00f3n de Star Wars The Black Series viene con 2 accesorios inspirados en la Princesa Leia Organa (Endor) que son excelentes adiciones a cualquier colecci\u00f3n de Star Wars en una escala de 15 cm.<\/p>\n<p>Esta figura altamente articulada (4 extremidades completamente articuladas), con decoraci\u00f3n premium, en su figura de acci\u00f3n y colecci\u00f3n de veh\u00edculos.<\/p>\n<p>Edad recomendada: 4 a\u00f1os en adelante<\/p>\n<div>\n<p>\u26a0\ufe0f ADVERTENCIA: PELIGRO DE ASFIXIA &#8211; Piezas peque\u00f1as. No apto para ni\u00f1os menores de 4 a\u00f1os.<\/p>\n<\/div>\n<div>\n<p>Los productos Star Wars son producidos por Hasbro bajo licencia de Lucasfilm Ltd.<\/p>\n<\/div>\n<div>\n<p>Hasbro y todos los t\u00e9rminos relacionados son marcas registradas de Hasbro.<\/p>\n<\/div>\n","protected":false},"excerpt":{"rendered":"<p>La princesa Leia Organa ayud\u00f3 a los rebeldes a organizar un plan para destruir la nueva Estrella de la Muerte del Imperio: derribar el generador de escudos de la estaci\u00f3n espacial en Endor.<\/p>\n","protected":false},"featured_media":2558,"comment_status":"open","ping_status":"closed","template":"","meta":[],"product_brand":[],"product_cat":[28],"product_tag":[],"class_list":{"0":"post-481","1":"product","2":"type-product","3":"status-publish","4":"has-post-thumbnail","6":"product_cat-black-series","8":"first","9":"instock","10":"taxable","11":"shipping-taxable","12":"purchasable","13":"product-type-simple"},"_links":{"self":[{"href":"https:\/\/r2-toys.com\/index.php\/wp-json\/wp\/v2\/product\/481","targetHints":{"allow":["GET"]}}],"collection":[{"href":"https:\/\/r2-toys.com\/index.php\/wp-json\/wp\/v2\/product"}],"about":[{"href":"https:\/\/r2-toys.com\/index.php\/wp-json\/wp\/v2\/types\/product"}],"replies":[{"embeddable":true,"href":"https:\/\/r2-toys.com\/index.php\/wp-json\/wp\/v2\/comments?post=481"}],"wp:featuredmedia":[{"embeddable":true,"href":"https:\/\/r2-toys.com\/index.php\/wp-json\/wp\/v2\/media\/2558"}],"wp:attachment":[{"href":"https:\/\/r2-toys.com\/index.php\/wp-json\/wp\/v2\/media?parent=481"}],"wp:term":[{"taxonomy":"product_brand","embeddable":true,"href":"https:\/\/r2-toys.com\/index.php\/wp-json\/wp\/v2\/product_brand?post=481"},{"taxonomy":"product_cat","embeddable":true,"href":"https:\/\/r2-toys.com\/index.php\/wp-json\/wp\/v2\/product_cat?post=481"},{"taxonomy":"product_tag","embeddable":true,"href":"https:\/\/r2-toys.com\/index.php\/wp-json\/wp\/v2\/product_tag?post=481"}],"curies":[{"name":"wp","href":"https:\/\/api.w.org\/{rel}","templated":true}]}}