{"id":4829,"date":"2022-09-12T01:43:33","date_gmt":"2022-09-11T19:43:33","guid":{"rendered":"https:\/\/r2-toys.com\/?post_type=product&#038;p=4829"},"modified":"2025-12-10T13:52:39","modified_gmt":"2025-12-10T07:52:39","slug":"boba-fett-tatooine-deluxe","status":"publish","type":"product","link":"https:\/\/r2-toys.com\/index.php\/product\/boba-fett-tatooine-deluxe\/","title":{"rendered":"Boba Fett Tatooine Deluxe"},"content":{"rendered":"<p>Una vez considerado como uno de los cazarrecompensas m\u00e1s temibles y capaces de la galaxia, Boba Fett aparentemente muri\u00f3 en el pozo Sarlacc en Tatooine y cinco a\u00f1os despu\u00e9s de la ca\u00edda del Imperio, reaparece de las sombras en Tatooine para reclamar su lugar en la galaxia.<\/p>\n<p>Esta figura de 9,5 cm cuenta con un excelente<span class=\"Apple-converted-space\">\u00a0 <\/span>dise\u00f1o, en empaques inspirados en la l\u00ednea original e incluye 7 accesorios.<\/p>\n<p>Edad recomendada: 4 a\u00f1os en adelante<\/p>\n<p>\u26a0\ufe0fADVERTENCIA: PELIGRO DE ASFIXIA &#8211; Piezas peque\u00f1as. No apto para ni\u00f1os menores de 4 a\u00f1os.<\/p>\n<p>Los productos Star Wars son producidos por Hasbro bajo licencia de Lucasfilm Ltd.<\/p>\n<p>Hasbro y todos los t\u00e9rminos relacionados son marcas registradas de Hasbro.<\/p>\n","protected":false},"excerpt":{"rendered":"<p>Una vez considerado como uno de los cazarrecompensas m\u00e1s temibles y capaces de la galaxia, Boba Fett aparentemente muri\u00f3 en el pozo Sarlacc en Tatooine y cinco a\u00f1os despu\u00e9s de la ca\u00edda del Imperio, reaparece de las sombras en Tatooine para reclamar su lugar en la galaxia.<\/p>\n","protected":false},"featured_media":4823,"comment_status":"open","ping_status":"closed","template":"","meta":[],"product_brand":[],"product_cat":[29],"product_tag":[],"class_list":{"0":"post-4829","1":"product","2":"type-product","3":"status-publish","4":"has-post-thumbnail","6":"product_cat-vintage","8":"first","9":"instock","10":"taxable","11":"shipping-taxable","12":"purchasable","13":"product-type-simple"},"_links":{"self":[{"href":"https:\/\/r2-toys.com\/index.php\/wp-json\/wp\/v2\/product\/4829","targetHints":{"allow":["GET"]}}],"collection":[{"href":"https:\/\/r2-toys.com\/index.php\/wp-json\/wp\/v2\/product"}],"about":[{"href":"https:\/\/r2-toys.com\/index.php\/wp-json\/wp\/v2\/types\/product"}],"replies":[{"embeddable":true,"href":"https:\/\/r2-toys.com\/index.php\/wp-json\/wp\/v2\/comments?post=4829"}],"wp:featuredmedia":[{"embeddable":true,"href":"https:\/\/r2-toys.com\/index.php\/wp-json\/wp\/v2\/media\/4823"}],"wp:attachment":[{"href":"https:\/\/r2-toys.com\/index.php\/wp-json\/wp\/v2\/media?parent=4829"}],"wp:term":[{"taxonomy":"product_brand","embeddable":true,"href":"https:\/\/r2-toys.com\/index.php\/wp-json\/wp\/v2\/product_brand?post=4829"},{"taxonomy":"product_cat","embeddable":true,"href":"https:\/\/r2-toys.com\/index.php\/wp-json\/wp\/v2\/product_cat?post=4829"},{"taxonomy":"product_tag","embeddable":true,"href":"https:\/\/r2-toys.com\/index.php\/wp-json\/wp\/v2\/product_tag?post=4829"}],"curies":[{"name":"wp","href":"https:\/\/api.w.org\/{rel}","templated":true}]}}