{"id":4834,"date":"2022-09-12T01:54:48","date_gmt":"2022-09-11T19:54:48","guid":{"rendered":"https:\/\/r2-toys.com\/?post_type=product&#038;p=4834"},"modified":"2022-10-10T02:02:46","modified_gmt":"2022-10-09T20:02:46","slug":"playera-anakin-vs-obi-wan-s","status":"publish","type":"product","link":"https:\/\/r2-toys.com\/index.php\/product\/playera-anakin-vs-obi-wan-s\/","title":{"rendered":"Playera Anakin vs Obi-Wan (S)"},"content":{"rendered":"<p>Alguna vez heroico Caballero Jedi, Darth Vader fue encaminado al lado oscuro de la Fuerza, se convirti\u00f3 en un Se\u00f1or Sith y lider\u00f3 la erradicaci\u00f3n de la Orden Jedi por parte del Imperio. Permaneci\u00f3 al servicio del Emperador, el malvado Darth Sidious.<\/p>\n<p>A\u00f1os despu\u00e9s de los dram\u00e1ticos eventos de La venganza de los Sith, donde Kenobi enfrent\u00f3 la corrupci\u00f3n de su amigo y aprendiz de Jedi, Anakin Skywalker, convertido en el Lord Sith Darth Vader.<span class=\"Apple-converted-space\">\u00a0<\/span><\/p>\n<p>Desde 1977 la saga de Star Wars ha sido un movimiento revolucionario de la cultura pop generaci\u00f3n tras generaci\u00f3n, reclutando fans y seguidores, creando para ellos diversas producciones del amplio universo. Gracias a FunkoPop podemos tener incre\u00edbles figuras de tus personajes favoritos con incre\u00edbles dise\u00f1os.<\/p>\n<p>La l\u00ednea de Playeras de Funko Boxed Tee\u00a0trae a tus personajes favoritos de Star Wars de una manera estilizada e incre\u00edble, impresos a detalle con la m\u00e1s alta calidad, para que lleves tu pasi\u00f3n a donde quieras.<\/p>\n<p>Contenido Playera Talla M<\/p>\n<p>Fabricado en tela.<\/p>\n<p>Basado en Star Wars.<\/p>\n<p>Empaque con incre\u00edble dise\u00f1o.<\/p>\n<p>\u26a0\ufe0fADVERTENCIA: PELIGRO DE ASFIXIA &#8211; Piezas peque\u00f1as. No apto para ni\u00f1os menores de 4 a\u00f1os.<\/p>\n<p>Las consideraciones al\u00e9rgicas a materiales de fabricaci\u00f3n son responsabilidad del comprador o consumidor.<\/p>\n<p>Los productos Star Wars son producidos por FUNKO bajo licencia de Lucasfilm Ltd. y Disney<\/p>\n<p>FUNKO y todos los t\u00e9rminos relacionados son marcas registradas Funko.<\/p>\n","protected":false},"excerpt":{"rendered":"<p>Alguna vez heroico Caballero Jedi, Darth Vader fue encaminado al lado oscuro de la Fuerza, se convirti\u00f3 en un Se\u00f1or<\/p>\n","protected":false},"featured_media":4811,"comment_status":"open","ping_status":"closed","template":"","meta":[],"product_brand":[],"product_cat":[20],"product_tag":[],"class_list":{"0":"post-4834","1":"product","2":"type-product","3":"status-publish","4":"has-post-thumbnail","6":"product_cat-funko1","8":"first","9":"instock","10":"taxable","11":"shipping-taxable","12":"purchasable","13":"product-type-simple"},"_links":{"self":[{"href":"https:\/\/r2-toys.com\/index.php\/wp-json\/wp\/v2\/product\/4834","targetHints":{"allow":["GET"]}}],"collection":[{"href":"https:\/\/r2-toys.com\/index.php\/wp-json\/wp\/v2\/product"}],"about":[{"href":"https:\/\/r2-toys.com\/index.php\/wp-json\/wp\/v2\/types\/product"}],"replies":[{"embeddable":true,"href":"https:\/\/r2-toys.com\/index.php\/wp-json\/wp\/v2\/comments?post=4834"}],"wp:featuredmedia":[{"embeddable":true,"href":"https:\/\/r2-toys.com\/index.php\/wp-json\/wp\/v2\/media\/4811"}],"wp:attachment":[{"href":"https:\/\/r2-toys.com\/index.php\/wp-json\/wp\/v2\/media?parent=4834"}],"wp:term":[{"taxonomy":"product_brand","embeddable":true,"href":"https:\/\/r2-toys.com\/index.php\/wp-json\/wp\/v2\/product_brand?post=4834"},{"taxonomy":"product_cat","embeddable":true,"href":"https:\/\/r2-toys.com\/index.php\/wp-json\/wp\/v2\/product_cat?post=4834"},{"taxonomy":"product_tag","embeddable":true,"href":"https:\/\/r2-toys.com\/index.php\/wp-json\/wp\/v2\/product_tag?post=4834"}],"curies":[{"name":"wp","href":"https:\/\/api.w.org\/{rel}","templated":true}]}}