{"id":4841,"date":"2022-09-26T12:10:03","date_gmt":"2022-09-26T06:10:03","guid":{"rendered":"https:\/\/r2-toys.com\/?post_type=product&#038;p=4841"},"modified":"2026-01-19T23:08:58","modified_gmt":"2026-01-19T17:08:58","slug":"shoretrooper-exclusivo","status":"publish","type":"product","link":"https:\/\/r2-toys.com\/index.php\/product\/shoretrooper-exclusivo\/","title":{"rendered":"Shoretrooper (Exclusivo)"},"content":{"rendered":"<p>Soldados de asalto especialistas apostados en la base militar imperial secreta en Scarif, los Shoretroopers patrullan las playas y b\u00fankeres de la instalaci\u00f3n planetaria.<\/p>\n<p>En una era llena de peligros, enga\u00f1os e intrigas, Cassian Andor emprende un camino que lo convertir\u00e1 en el h\u00e9roe rebelde que desafiar\u00e1 al malvado Imperio Gal\u00e1ctico.<\/p>\n<p>Figura de acci\u00f3n de 15cm, cuenta con m\u00faltiples puntos de articulaci\u00f3n y accesorio de combate.<\/p>\n<p>Edad recomendada: 4 a\u00f1os en adelante<\/p>\n<p>\u26a0\ufe0fADVERTENCIA: PELIGRO DE ASFIXIA &#8211; Piezas peque\u00f1as. No apto para ni\u00f1os menores de 4 a\u00f1os.<\/p>\n<p>Los productos Star Wars son producidos por Hasbro bajo licencia de Lucasfilm Ltd.<\/p>\n<p>Hasbro y todos los t\u00e9rminos relacionados son marcas registradas de Hasbro.<\/p>\n","protected":false},"excerpt":{"rendered":"<p>En una era llena de peligros, enga\u00f1os e intrigas, Cassian Andor emprende un camino que lo convertir\u00e1 en el h\u00e9roe rebelde que desafiar\u00e1 al malvado Imperio Gal\u00e1ctico.<\/p>\n","protected":false},"featured_media":5329,"comment_status":"open","ping_status":"closed","template":"","meta":[],"product_brand":[],"product_cat":[28],"product_tag":[],"class_list":{"0":"post-4841","1":"product","2":"type-product","3":"status-publish","4":"has-post-thumbnail","6":"product_cat-black-series","8":"first","9":"instock","10":"taxable","11":"shipping-taxable","12":"purchasable","13":"product-type-simple"},"_links":{"self":[{"href":"https:\/\/r2-toys.com\/index.php\/wp-json\/wp\/v2\/product\/4841","targetHints":{"allow":["GET"]}}],"collection":[{"href":"https:\/\/r2-toys.com\/index.php\/wp-json\/wp\/v2\/product"}],"about":[{"href":"https:\/\/r2-toys.com\/index.php\/wp-json\/wp\/v2\/types\/product"}],"replies":[{"embeddable":true,"href":"https:\/\/r2-toys.com\/index.php\/wp-json\/wp\/v2\/comments?post=4841"}],"wp:featuredmedia":[{"embeddable":true,"href":"https:\/\/r2-toys.com\/index.php\/wp-json\/wp\/v2\/media\/5329"}],"wp:attachment":[{"href":"https:\/\/r2-toys.com\/index.php\/wp-json\/wp\/v2\/media?parent=4841"}],"wp:term":[{"taxonomy":"product_brand","embeddable":true,"href":"https:\/\/r2-toys.com\/index.php\/wp-json\/wp\/v2\/product_brand?post=4841"},{"taxonomy":"product_cat","embeddable":true,"href":"https:\/\/r2-toys.com\/index.php\/wp-json\/wp\/v2\/product_cat?post=4841"},{"taxonomy":"product_tag","embeddable":true,"href":"https:\/\/r2-toys.com\/index.php\/wp-json\/wp\/v2\/product_tag?post=4841"}],"curies":[{"name":"wp","href":"https:\/\/api.w.org\/{rel}","templated":true}]}}