{"id":4844,"date":"2022-09-26T13:43:30","date_gmt":"2022-09-26T07:43:30","guid":{"rendered":"https:\/\/r2-toys.com\/?post_type=product&#038;p=4844"},"modified":"2026-01-10T07:16:18","modified_gmt":"2026-01-10T01:16:18","slug":"ben-kenobi-tibidon-station-action-figure-target-exclusive","status":"publish","type":"product","link":"https:\/\/r2-toys.com\/index.php\/product\/ben-kenobi-tibidon-station-action-figure-target-exclusive\/","title":{"rendered":"Ben Kenobi (Tibidon Station)"},"content":{"rendered":"<p>Obi-Wan Kenobi se desarrolla a\u00f1os despu\u00e9s de los dram\u00e1ticos eventos de Star Wars: La venganza de los Sith, donde Kenobi enfrent\u00f3 la corrupci\u00f3n de su amigo y aprendiz de Jedi, Anakin Skywalker convertido en Lord Sith Darth Vader.<\/p>\n<p>Esta figura de 15cm presenta m\u00faltiples puntos de articulaci\u00f3n y dise\u00f1o incre\u00edble. Incluye 1 accesorio.<\/p>\n<p>Edad recomendada: 4 a\u00f1os en adelante<\/p>\n<p>\u26a0\ufe0fADVERTENCIA: PELIGRO DE ASFIXIA &#8211; Piezas peque\u00f1as. No apto para ni\u00f1os menores de 4 a\u00f1os.<\/p>\n<p>Los productos Star Wars son producidos por Hasbro bajo licencia de Lucasfilm Ltd.<\/p>\n<p>Hasbro y todos los t\u00e9rminos relacionados son marcas registradas de Hasbro.<\/p>\n","protected":false},"excerpt":{"rendered":"<p>Obi-Wan Kenobi se desarrolla a\u00f1os despu\u00e9s de los dram\u00e1ticos eventos de Star Wars: La venganza de los Sith, donde Kenobi enfrent\u00f3 la corrupci\u00f3n de su amigo y aprendiz de Jedi, Anakin Skywalker convertido en Lord Sith Darth Vader.<\/p>\n","protected":false},"featured_media":5322,"comment_status":"open","ping_status":"closed","template":"","meta":[],"product_brand":[],"product_cat":[28],"product_tag":[],"class_list":{"0":"post-4844","1":"product","2":"type-product","3":"status-publish","4":"has-post-thumbnail","6":"product_cat-black-series","8":"first","9":"instock","10":"taxable","11":"shipping-taxable","12":"purchasable","13":"product-type-simple"},"_links":{"self":[{"href":"https:\/\/r2-toys.com\/index.php\/wp-json\/wp\/v2\/product\/4844","targetHints":{"allow":["GET"]}}],"collection":[{"href":"https:\/\/r2-toys.com\/index.php\/wp-json\/wp\/v2\/product"}],"about":[{"href":"https:\/\/r2-toys.com\/index.php\/wp-json\/wp\/v2\/types\/product"}],"replies":[{"embeddable":true,"href":"https:\/\/r2-toys.com\/index.php\/wp-json\/wp\/v2\/comments?post=4844"}],"wp:featuredmedia":[{"embeddable":true,"href":"https:\/\/r2-toys.com\/index.php\/wp-json\/wp\/v2\/media\/5322"}],"wp:attachment":[{"href":"https:\/\/r2-toys.com\/index.php\/wp-json\/wp\/v2\/media?parent=4844"}],"wp:term":[{"taxonomy":"product_brand","embeddable":true,"href":"https:\/\/r2-toys.com\/index.php\/wp-json\/wp\/v2\/product_brand?post=4844"},{"taxonomy":"product_cat","embeddable":true,"href":"https:\/\/r2-toys.com\/index.php\/wp-json\/wp\/v2\/product_cat?post=4844"},{"taxonomy":"product_tag","embeddable":true,"href":"https:\/\/r2-toys.com\/index.php\/wp-json\/wp\/v2\/product_tag?post=4844"}],"curies":[{"name":"wp","href":"https:\/\/api.w.org\/{rel}","templated":true}]}}