{"id":4849,"date":"2022-09-26T13:21:12","date_gmt":"2022-09-26T07:21:12","guid":{"rendered":"https:\/\/r2-toys.com\/?post_type=product&#038;p=4849"},"modified":"2026-01-18T09:36:46","modified_gmt":"2026-01-18T03:36:46","slug":"rocket-launcher-trooper","status":"publish","type":"product","link":"https:\/\/r2-toys.com\/index.php\/product\/rocket-launcher-trooper\/","title":{"rendered":"ROCKET LAUNCHER TROOPER"},"content":{"rendered":"<p>Los Rocket Launcher Troopers son Stormtroopers especializados que sirven en la campa\u00f1a del Imperio Gal\u00e1ctico sobre la galaxia. Est\u00e1n armados con un lanzacohetes inteligente RPS-6, un arma de largo alcance incre\u00edblemente dif\u00edcil de desviar.<\/p>\n<p>Figura de acci\u00f3n de 15cm, cuenta con m\u00faltiples puntos de articulaci\u00f3n y 2 accesorios.<\/p>\n<p>Edad recomendada: 4 a\u00f1os en adelante<\/p>\n<p>\u26a0\ufe0fADVERTENCIA: PELIGRO DE ASFIXIA &#8211; Piezas peque\u00f1as. No apto para ni\u00f1os menores de 4 a\u00f1os.<\/p>\n<p>Los productos Star Wars son producidos por Hasbro bajo licencia de Lucasfilm Ltd.<\/p>\n<p>Hasbro y todos los t\u00e9rminos relacionados son marcas registradas de Hasbro.<\/p>\n","protected":false},"excerpt":{"rendered":"<p>Los Rocket Launcher Troopers son Stormtroopers especializados que sirven en la campa\u00f1a del Imperio Gal\u00e1ctico sobre la galaxia. Est\u00e1n armados con un lanzacohetes inteligente RPS-6, un arma de largo alcance incre\u00edblemente dif\u00edcil de desviar.<\/p>\n","protected":false},"featured_media":5792,"comment_status":"open","ping_status":"closed","template":"","meta":[],"product_brand":[],"product_cat":[28],"product_tag":[],"class_list":{"0":"post-4849","1":"product","2":"type-product","3":"status-publish","4":"has-post-thumbnail","6":"product_cat-black-series","8":"first","9":"instock","10":"taxable","11":"shipping-taxable","12":"purchasable","13":"product-type-simple"},"_links":{"self":[{"href":"https:\/\/r2-toys.com\/index.php\/wp-json\/wp\/v2\/product\/4849","targetHints":{"allow":["GET"]}}],"collection":[{"href":"https:\/\/r2-toys.com\/index.php\/wp-json\/wp\/v2\/product"}],"about":[{"href":"https:\/\/r2-toys.com\/index.php\/wp-json\/wp\/v2\/types\/product"}],"replies":[{"embeddable":true,"href":"https:\/\/r2-toys.com\/index.php\/wp-json\/wp\/v2\/comments?post=4849"}],"wp:featuredmedia":[{"embeddable":true,"href":"https:\/\/r2-toys.com\/index.php\/wp-json\/wp\/v2\/media\/5792"}],"wp:attachment":[{"href":"https:\/\/r2-toys.com\/index.php\/wp-json\/wp\/v2\/media?parent=4849"}],"wp:term":[{"taxonomy":"product_brand","embeddable":true,"href":"https:\/\/r2-toys.com\/index.php\/wp-json\/wp\/v2\/product_brand?post=4849"},{"taxonomy":"product_cat","embeddable":true,"href":"https:\/\/r2-toys.com\/index.php\/wp-json\/wp\/v2\/product_cat?post=4849"},{"taxonomy":"product_tag","embeddable":true,"href":"https:\/\/r2-toys.com\/index.php\/wp-json\/wp\/v2\/product_tag?post=4849"}],"curies":[{"name":"wp","href":"https:\/\/api.w.org\/{rel}","templated":true}]}}