{"id":4855,"date":"2022-09-28T11:30:45","date_gmt":"2022-09-28T05:30:45","guid":{"rendered":"https:\/\/r2-toys.com\/?post_type=product&#038;p=4855"},"modified":"2026-01-03T04:35:22","modified_gmt":"2026-01-02T22:35:22","slug":"fennec-shand-2","status":"publish","type":"product","link":"https:\/\/r2-toys.com\/index.php\/product\/fennec-shand-2\/","title":{"rendered":"Fennec Shand"},"content":{"rendered":"<p>Asesina, mercenaria y cazarrecompensas humana que trabaj\u00f3 para los principales sindicatos criminales durante la era del Imperio Gal\u00e1ctico. H\u00e1bil y despiadada, se abri\u00f3 camino criminal durante el comienzo del reinado del Imperio, adquiriendo renombre y ganando reputaci\u00f3n como una mercenaria astuta y de \u00e9lite.<\/p>\n<p>Esta figura de 15cm presenta m\u00faltiples puntos de articulaci\u00f3n y dise\u00f1o incre\u00edble. Incluye accesorios.<\/p>\n<p>Edad recomendada: 4 a\u00f1os en adelante<\/p>\n<p>\u26a0\ufe0fADVERTENCIA: PELIGRO DE ASFIXIA &#8211; Piezas peque\u00f1as. No apto para ni\u00f1os menores de 4 a\u00f1os.<\/p>\n<p>Los productos Star Wars son producidos por Hasbro bajo licencia de Lucasfilm Ltd.<\/p>\n<p>Hasbro y todos los t\u00e9rminos relacionados son marcas registradas de Hasbro.<\/p>\n","protected":false},"excerpt":{"rendered":"<p>Asesina, mercenaria y cazarrecompensas humana que trabaj\u00f3 para los principales sindicatos criminales durante la era del Imperio Gal\u00e1ctico. H\u00e1bil y despiadada, se abri\u00f3 camino criminal durante el comienzo del reinado del Imperio, adquiriendo renombre y ganando reputaci\u00f3n como una mercenaria astuta y de \u00e9lite.<\/p>\n<p>&nbsp;<\/p>\n","protected":false},"featured_media":4868,"comment_status":"open","ping_status":"closed","template":"","meta":[],"product_brand":[],"product_cat":[28],"product_tag":[],"class_list":{"0":"post-4855","1":"product","2":"type-product","3":"status-publish","4":"has-post-thumbnail","6":"product_cat-black-series","8":"first","9":"instock","10":"taxable","11":"shipping-taxable","12":"purchasable","13":"product-type-simple"},"_links":{"self":[{"href":"https:\/\/r2-toys.com\/index.php\/wp-json\/wp\/v2\/product\/4855","targetHints":{"allow":["GET"]}}],"collection":[{"href":"https:\/\/r2-toys.com\/index.php\/wp-json\/wp\/v2\/product"}],"about":[{"href":"https:\/\/r2-toys.com\/index.php\/wp-json\/wp\/v2\/types\/product"}],"replies":[{"embeddable":true,"href":"https:\/\/r2-toys.com\/index.php\/wp-json\/wp\/v2\/comments?post=4855"}],"wp:featuredmedia":[{"embeddable":true,"href":"https:\/\/r2-toys.com\/index.php\/wp-json\/wp\/v2\/media\/4868"}],"wp:attachment":[{"href":"https:\/\/r2-toys.com\/index.php\/wp-json\/wp\/v2\/media?parent=4855"}],"wp:term":[{"taxonomy":"product_brand","embeddable":true,"href":"https:\/\/r2-toys.com\/index.php\/wp-json\/wp\/v2\/product_brand?post=4855"},{"taxonomy":"product_cat","embeddable":true,"href":"https:\/\/r2-toys.com\/index.php\/wp-json\/wp\/v2\/product_cat?post=4855"},{"taxonomy":"product_tag","embeddable":true,"href":"https:\/\/r2-toys.com\/index.php\/wp-json\/wp\/v2\/product_tag?post=4855"}],"curies":[{"name":"wp","href":"https:\/\/api.w.org\/{rel}","templated":true}]}}