{"id":4857,"date":"2022-09-28T11:28:38","date_gmt":"2022-09-28T05:28:38","guid":{"rendered":"https:\/\/r2-toys.com\/?post_type=product&#038;p=4857"},"modified":"2026-03-22T04:34:37","modified_gmt":"2026-03-21T22:34:37","slug":"imperial-gunner","status":"publish","type":"product","link":"https:\/\/r2-toys.com\/index.php\/product\/imperial-gunner\/","title":{"rendered":"Imperial Gunner"},"content":{"rendered":"<p>Tripulaciones de artilleros de la Estrella de la Muerte sirvieron a bordo de ambas estaciones de batalla imperiales, manejando sus turbol\u00e1seres pesados. Los artilleros de \u00e9lite operaron el superl\u00e1ser de la Estrella de la Muerte, conscientes de que el poder en la punta de sus dedos podr\u00eda destruir un planeta.<\/p>\n<p>Esta figura de 9,5 cm cuenta con un excelente<span class=\"Apple-converted-space\">\u00a0 <\/span>dise\u00f1o, en empaques inspirados en la l\u00ednea original e incluye 1 accesorio.<\/p>\n<p>Edad recomendada: 4 a\u00f1os en adelante<\/p>\n<p>\u26a0\ufe0fADVERTENCIA: PELIGRO DE ASFIXIA &#8211; Piezas peque\u00f1as. No apto para ni\u00f1os menores de 4 a\u00f1os.<\/p>\n<p>Los productos Star Wars son producidos por Hasbro bajo licencia de Lucasfilm Ltd.<\/p>\n<p>Hasbro y todos los t\u00e9rminos relacionados son marcas registradas de Hasbro.<\/p>\n","protected":false},"excerpt":{"rendered":"<p>Tripulaciones de artilleros de la Estrella de la Muerte sirvieron a bordo de ambas estaciones de batalla imperiales, manejando sus turbol\u00e1seres pesados. Los artilleros de \u00e9lite operaron el superl\u00e1ser de la Estrella de la Muerte, conscientes de que el poder en la punta de sus dedos podr\u00eda destruir un planeta.<\/p>\n<p>&nbsp;<\/p>\n","protected":false},"featured_media":4883,"comment_status":"open","ping_status":"closed","template":"","meta":[],"product_brand":[],"product_cat":[29],"product_tag":[],"class_list":{"0":"post-4857","1":"product","2":"type-product","3":"status-publish","4":"has-post-thumbnail","6":"product_cat-vintage","8":"first","9":"outofstock","10":"taxable","11":"shipping-taxable","12":"purchasable","13":"product-type-simple"},"_links":{"self":[{"href":"https:\/\/r2-toys.com\/index.php\/wp-json\/wp\/v2\/product\/4857","targetHints":{"allow":["GET"]}}],"collection":[{"href":"https:\/\/r2-toys.com\/index.php\/wp-json\/wp\/v2\/product"}],"about":[{"href":"https:\/\/r2-toys.com\/index.php\/wp-json\/wp\/v2\/types\/product"}],"replies":[{"embeddable":true,"href":"https:\/\/r2-toys.com\/index.php\/wp-json\/wp\/v2\/comments?post=4857"}],"wp:featuredmedia":[{"embeddable":true,"href":"https:\/\/r2-toys.com\/index.php\/wp-json\/wp\/v2\/media\/4883"}],"wp:attachment":[{"href":"https:\/\/r2-toys.com\/index.php\/wp-json\/wp\/v2\/media?parent=4857"}],"wp:term":[{"taxonomy":"product_brand","embeddable":true,"href":"https:\/\/r2-toys.com\/index.php\/wp-json\/wp\/v2\/product_brand?post=4857"},{"taxonomy":"product_cat","embeddable":true,"href":"https:\/\/r2-toys.com\/index.php\/wp-json\/wp\/v2\/product_cat?post=4857"},{"taxonomy":"product_tag","embeddable":true,"href":"https:\/\/r2-toys.com\/index.php\/wp-json\/wp\/v2\/product_tag?post=4857"}],"curies":[{"name":"wp","href":"https:\/\/api.w.org\/{rel}","templated":true}]}}