{"id":488,"date":"2022-03-24T23:07:24","date_gmt":"2022-03-24T17:07:24","guid":{"rendered":"https:\/\/r2-toys.com\/?post_type=product&#038;p=488"},"modified":"2026-01-18T06:44:28","modified_gmt":"2026-01-18T00:44:28","slug":"range-trooper-frontalier","status":"publish","type":"product","link":"https:\/\/r2-toys.com\/index.php\/product\/range-trooper-frontalier\/","title":{"rendered":"Range Trooper Frontalier"},"content":{"rendered":"<p>La expansi\u00f3n imperial requiere el establecimiento de operaciones vitales en mundos de avanzada remotos. Estos Stormtroopers fronterizos forman la columna vertebral de una defensa obstinada contra posibles ladrones y piratas.<\/p>\n<p>Esta figura de Range Trooper de 15 cm est\u00e1 cuidadosamente detallada para parecerse a los personajes de Solo: A Star Wars Story. La figura presenta detalles premium y 9 puntos de articulaci\u00f3n.<\/p>\n<p>Incluye: figura y accesorio.<\/p>\n<p>Edad recomendada: 4 a\u00f1os en adelante<\/p>\n<div>\n<p>\u26a0\ufe0f ADVERTENCIA: PELIGRO DE ASFIXIA &#8211; Piezas peque\u00f1as. No apto para ni\u00f1os menores de 4 a\u00f1os.<\/p>\n<\/div>\n<div>\n<p>Los productos Star Wars son producidos por Hasbro bajo licencia de Lucasfilm Ltd.<\/p>\n<\/div>\n<div>\n<p>Hasbro y todos los t\u00e9rminos relacionados son marcas registradas de Hasbro.<\/p>\n<\/div>\n","protected":false},"excerpt":{"rendered":"<p>La expansi\u00f3n imperial requiere el establecimiento de operaciones vitales en mundos de avanzada remotos. Estos Stormtroopers fronterizos forman la columna vertebral de una defensa obstinada contra posibles ladrones y piratas.<\/p>\n","protected":false},"featured_media":2566,"comment_status":"open","ping_status":"closed","template":"","meta":[],"product_brand":[],"product_cat":[28],"product_tag":[],"class_list":{"0":"post-488","1":"product","2":"type-product","3":"status-publish","4":"has-post-thumbnail","6":"product_cat-black-series","8":"first","9":"instock","10":"taxable","11":"shipping-taxable","12":"purchasable","13":"product-type-simple"},"_links":{"self":[{"href":"https:\/\/r2-toys.com\/index.php\/wp-json\/wp\/v2\/product\/488","targetHints":{"allow":["GET"]}}],"collection":[{"href":"https:\/\/r2-toys.com\/index.php\/wp-json\/wp\/v2\/product"}],"about":[{"href":"https:\/\/r2-toys.com\/index.php\/wp-json\/wp\/v2\/types\/product"}],"replies":[{"embeddable":true,"href":"https:\/\/r2-toys.com\/index.php\/wp-json\/wp\/v2\/comments?post=488"}],"wp:featuredmedia":[{"embeddable":true,"href":"https:\/\/r2-toys.com\/index.php\/wp-json\/wp\/v2\/media\/2566"}],"wp:attachment":[{"href":"https:\/\/r2-toys.com\/index.php\/wp-json\/wp\/v2\/media?parent=488"}],"wp:term":[{"taxonomy":"product_brand","embeddable":true,"href":"https:\/\/r2-toys.com\/index.php\/wp-json\/wp\/v2\/product_brand?post=488"},{"taxonomy":"product_cat","embeddable":true,"href":"https:\/\/r2-toys.com\/index.php\/wp-json\/wp\/v2\/product_cat?post=488"},{"taxonomy":"product_tag","embeddable":true,"href":"https:\/\/r2-toys.com\/index.php\/wp-json\/wp\/v2\/product_tag?post=488"}],"curies":[{"name":"wp","href":"https:\/\/api.w.org\/{rel}","templated":true}]}}