{"id":4891,"date":"2022-09-28T11:50:50","date_gmt":"2022-09-28T05:50:50","guid":{"rendered":"https:\/\/r2-toys.com\/?post_type=product&#038;p=4891"},"modified":"2023-09-12T10:18:42","modified_gmt":"2023-09-12T04:18:42","slug":"padme-amidala-pop-soda","status":"publish","type":"product","link":"https:\/\/r2-toys.com\/index.php\/product\/padme-amidala-pop-soda\/","title":{"rendered":"Padme Amidala Pop Soda"},"content":{"rendered":"<p>A pesar de sus ideales y de todo lo que hizo por la causa de la paz, su secreto, el matrimonio prohibido de Padm\u00e9 Amidala con el Jedi Anakin Skywalker, tendr\u00eda terribles consecuencias para la galaxia. Padm\u00e9 Amidala fue una l\u00edder valiente y esperanzada, que sirvi\u00f3 como reina y luego como senadora de Naboo, y tambi\u00e9n era h\u00e1bil con un bl\u00e1ster.<span class=\"Apple-converted-space\">\u00a0<\/span><\/p>\n<p>Celebra una lejana galaxia de personajes estelares con esta figura exclusiva. Hay una probabilidad de 1 en 6 de que puedas encontrar la variante de Padme Amidala. Solo se fabricaron 12.500 de este coleccionable.<\/p>\n<p>Desde 1977 la saga de Star Wars ha sido un movimiento revolucionario de la cultura pop generaci\u00f3n tras generaci\u00f3n, reclutando fans y seguidores, creando para ellos diversas producciones del amplio universo. Gracias a FunkoPop podemos tener incre\u00edbles figuras de tus personajes favoritos con incre\u00edbles dise\u00f1os.<\/p>\n<p>Empaque con ventana para su exhibici\u00f3n<\/p>\n<p>Fabricados en Vinyl<\/p>\n<p>Edad recomendada: 4 a\u00f1os en adelante<\/p>\n<p>\u26a0\ufe0fADVERTENCIA: PELIGRO DE ASFIXIA &#8211; Piezas peque\u00f1as. No apto para ni\u00f1os menores de 4 a\u00f1os.<\/p>\n<p>Los productos Star Wars son producidos por FUNKO bajo licencia de Lucasfilm Ltd. y Disney<\/p>\n<p>FUNKO y todos los t\u00e9rminos relacionados son marcas registradas de Funko.<\/p>\n","protected":false},"excerpt":{"rendered":"<p>A pesar de sus ideales y de todo lo que hizo por la causa de la paz, su secreto, el matrimonio prohibido de Padm\u00e9 Amidala con el Jedi Anakin Skywalker, tendr\u00eda terribles consecuencias para la galaxia. Padm\u00e9 Amidala fue una l\u00edder valiente y esperanzada, que sirvi\u00f3 como reina y luego como senadora de Naboo, y tambi\u00e9n era h\u00e1bil con un bl\u00e1ster.<\/p>\n<p>&nbsp;<\/p>\n","protected":false},"featured_media":6264,"comment_status":"open","ping_status":"closed","template":"","meta":[],"product_brand":[],"product_cat":[20],"product_tag":[],"class_list":{"0":"post-4891","1":"product","2":"type-product","3":"status-publish","4":"has-post-thumbnail","6":"product_cat-funko1","8":"first","9":"instock","10":"taxable","11":"shipping-taxable","12":"purchasable","13":"product-type-simple"},"_links":{"self":[{"href":"https:\/\/r2-toys.com\/index.php\/wp-json\/wp\/v2\/product\/4891","targetHints":{"allow":["GET"]}}],"collection":[{"href":"https:\/\/r2-toys.com\/index.php\/wp-json\/wp\/v2\/product"}],"about":[{"href":"https:\/\/r2-toys.com\/index.php\/wp-json\/wp\/v2\/types\/product"}],"replies":[{"embeddable":true,"href":"https:\/\/r2-toys.com\/index.php\/wp-json\/wp\/v2\/comments?post=4891"}],"wp:featuredmedia":[{"embeddable":true,"href":"https:\/\/r2-toys.com\/index.php\/wp-json\/wp\/v2\/media\/6264"}],"wp:attachment":[{"href":"https:\/\/r2-toys.com\/index.php\/wp-json\/wp\/v2\/media?parent=4891"}],"wp:term":[{"taxonomy":"product_brand","embeddable":true,"href":"https:\/\/r2-toys.com\/index.php\/wp-json\/wp\/v2\/product_brand?post=4891"},{"taxonomy":"product_cat","embeddable":true,"href":"https:\/\/r2-toys.com\/index.php\/wp-json\/wp\/v2\/product_cat?post=4891"},{"taxonomy":"product_tag","embeddable":true,"href":"https:\/\/r2-toys.com\/index.php\/wp-json\/wp\/v2\/product_tag?post=4891"}],"curies":[{"name":"wp","href":"https:\/\/api.w.org\/{rel}","templated":true}]}}