{"id":4896,"date":"2022-10-08T21:46:14","date_gmt":"2022-10-08T15:46:14","guid":{"rendered":"https:\/\/r2-toys.com\/?post_type=product&#038;p=4896"},"modified":"2022-10-10T11:10:12","modified_gmt":"2022-10-10T05:10:12","slug":"tarro-de-ceramica-grogu-con-tapa","status":"publish","type":"product","link":"https:\/\/r2-toys.com\/index.php\/product\/tarro-de-ceramica-grogu-con-tapa\/","title":{"rendered":"Tarro De Ceramica Grog\u00fa con tapa"},"content":{"rendered":"<p>Zak Tarro De Ceramica de Grrog\u00fa<span class=\"Apple-converted-space\">\u00a0 <\/span>con tapa,The Force is Strong with this little one<span class=\"Apple-converted-space\">\u00a0 <\/span>con un dise\u00f1o que fascinar\u00e1 a todos, este tarro est\u00e1 hecho de cer\u00e1mica de alta calidad y esta listo para acompa\u00f1ar tus ma\u00f1anas en el desayuno o para adornar tu repisa, ademas este tarro cuenta con un asa resistente. Capacidad: 385ml<\/p>\n<p>Edad recomendada: 12 a\u00f1os en adelante<\/p>\n<p>\u26a0\ufe0fADVERTENCIA: PELIGRO DE ASFIXIA \u2013 Piezas peque\u00f1as. No apto para ni\u00f1os menores de 12 a\u00f1os.<\/p>\n<p>Los productos Star Wars son producidos bajo licencia de Lucasfilm Ltd. y Disney.<\/p>\n<p>ZAK y todos los t\u00e9rminos relacionados con este producto son marcas registradas de ZAK.<\/p>\n","protected":false},"excerpt":{"rendered":"<p>Zak Tarro De Ceramica de Grrog\u00fa<span class=\"Apple-converted-space\">\u00a0 <\/span>con tapa,The Force is Strong with this little one<span class=\"Apple-converted-space\">\u00a0 <\/span>con un dise\u00f1o que fascinar\u00e1 a todos, este tarro est\u00e1 hecho de cer\u00e1mica de alta calidad y esta listo para acompa\u00f1ar tus ma\u00f1anas en el desayuno o para adornar tu repisa, ademas este tarro cuenta con un asa resistente. Capacidad: 385ml<\/p>\n","protected":false},"featured_media":4973,"comment_status":"open","ping_status":"closed","template":"","meta":[],"product_brand":[],"product_cat":[34],"product_tag":[],"class_list":{"0":"post-4896","1":"product","2":"type-product","3":"status-publish","4":"has-post-thumbnail","6":"product_cat-accesorios","8":"first","9":"instock","10":"taxable","11":"shipping-taxable","12":"purchasable","13":"product-type-simple"},"_links":{"self":[{"href":"https:\/\/r2-toys.com\/index.php\/wp-json\/wp\/v2\/product\/4896","targetHints":{"allow":["GET"]}}],"collection":[{"href":"https:\/\/r2-toys.com\/index.php\/wp-json\/wp\/v2\/product"}],"about":[{"href":"https:\/\/r2-toys.com\/index.php\/wp-json\/wp\/v2\/types\/product"}],"replies":[{"embeddable":true,"href":"https:\/\/r2-toys.com\/index.php\/wp-json\/wp\/v2\/comments?post=4896"}],"wp:featuredmedia":[{"embeddable":true,"href":"https:\/\/r2-toys.com\/index.php\/wp-json\/wp\/v2\/media\/4973"}],"wp:attachment":[{"href":"https:\/\/r2-toys.com\/index.php\/wp-json\/wp\/v2\/media?parent=4896"}],"wp:term":[{"taxonomy":"product_brand","embeddable":true,"href":"https:\/\/r2-toys.com\/index.php\/wp-json\/wp\/v2\/product_brand?post=4896"},{"taxonomy":"product_cat","embeddable":true,"href":"https:\/\/r2-toys.com\/index.php\/wp-json\/wp\/v2\/product_cat?post=4896"},{"taxonomy":"product_tag","embeddable":true,"href":"https:\/\/r2-toys.com\/index.php\/wp-json\/wp\/v2\/product_tag?post=4896"}],"curies":[{"name":"wp","href":"https:\/\/api.w.org\/{rel}","templated":true}]}}