{"id":4897,"date":"2022-10-08T13:04:18","date_gmt":"2022-10-08T07:04:18","guid":{"rendered":"https:\/\/r2-toys.com\/?post_type=product&#038;p=4897"},"modified":"2022-10-10T11:04:55","modified_gmt":"2022-10-10T05:04:55","slug":"vajilla-de-bambu-the-mandalorian-set-de-12-piezas","status":"publish","type":"product","link":"https:\/\/r2-toys.com\/index.php\/product\/vajilla-de-bambu-the-mandalorian-set-de-12-piezas\/","title":{"rendered":"Vajilla De Bamb\u00fa: The Mandalorian Set De 12 Piezas"},"content":{"rendered":"<p>Una nueva colecci\u00f3n de vajilla de bamb\u00fa inspirada en tus personajes favoritos. Edici\u00f3n especial de 12 piezas, perfecta para 4 personas, amantes de esta maravillosa serie, dando un toque de diversi\u00f3n a sus comidas. Es ideal para uso diario, como colecci\u00f3n.<\/p>\n<p>Incluye: 4 Tazones, 4 Platos y 4 vasos. Hechos de Bamb\u00fa.<\/p>\n<p>Edad recomendada: 15 a\u00f1os en adelante<\/p>\n<p>\u26a0\ufe0fADVERTENCIA: PELIGRO DE ASFIXIA \u2013 Piezas peque\u00f1as. No apto para ni\u00f1os menores de 15 a\u00f1os.<\/p>\n<p>Los productos Star Wars son producidos bajo licencia de Lucasfilm Ltd. y Disney.<\/p>\n<p>ZAK y todos los t\u00e9rminos relacionados con este producto son marcas registradas de ZAK.<\/p>\n","protected":false},"excerpt":{"rendered":"<p>Una nueva colecci\u00f3n de vajilla de bamb\u00fa inspirada en tus personajes favoritos. Edici\u00f3n especial de 12 piezas, perfecta para 4 personas, amantes de esta maravillosa serie, dando un toque de diversi\u00f3n a sus comidas. Es ideal para uso diario, como colecci\u00f3n.<\/p>\n","protected":false},"featured_media":4948,"comment_status":"open","ping_status":"closed","template":"","meta":[],"product_brand":[],"product_cat":[34],"product_tag":[],"class_list":{"0":"post-4897","1":"product","2":"type-product","3":"status-publish","4":"has-post-thumbnail","6":"product_cat-accesorios","8":"first","9":"instock","10":"taxable","11":"shipping-taxable","12":"purchasable","13":"product-type-simple"},"_links":{"self":[{"href":"https:\/\/r2-toys.com\/index.php\/wp-json\/wp\/v2\/product\/4897","targetHints":{"allow":["GET"]}}],"collection":[{"href":"https:\/\/r2-toys.com\/index.php\/wp-json\/wp\/v2\/product"}],"about":[{"href":"https:\/\/r2-toys.com\/index.php\/wp-json\/wp\/v2\/types\/product"}],"replies":[{"embeddable":true,"href":"https:\/\/r2-toys.com\/index.php\/wp-json\/wp\/v2\/comments?post=4897"}],"wp:featuredmedia":[{"embeddable":true,"href":"https:\/\/r2-toys.com\/index.php\/wp-json\/wp\/v2\/media\/4948"}],"wp:attachment":[{"href":"https:\/\/r2-toys.com\/index.php\/wp-json\/wp\/v2\/media?parent=4897"}],"wp:term":[{"taxonomy":"product_brand","embeddable":true,"href":"https:\/\/r2-toys.com\/index.php\/wp-json\/wp\/v2\/product_brand?post=4897"},{"taxonomy":"product_cat","embeddable":true,"href":"https:\/\/r2-toys.com\/index.php\/wp-json\/wp\/v2\/product_cat?post=4897"},{"taxonomy":"product_tag","embeddable":true,"href":"https:\/\/r2-toys.com\/index.php\/wp-json\/wp\/v2\/product_tag?post=4897"}],"curies":[{"name":"wp","href":"https:\/\/api.w.org\/{rel}","templated":true}]}}