{"id":4900,"date":"2022-10-08T12:58:22","date_gmt":"2022-10-08T06:58:22","guid":{"rendered":"https:\/\/r2-toys.com\/?post_type=product&#038;p=4900"},"modified":"2023-09-06T21:56:46","modified_gmt":"2023-09-06T15:56:46","slug":"leon-o-hook-mountain-ice-thunder-cats-sdcc-2022","status":"publish","type":"product","link":"https:\/\/r2-toys.com\/index.php\/product\/leon-o-hook-mountain-ice-thunder-cats-sdcc-2022\/","title":{"rendered":"Leon-O Hook Mountain Ice Thunder Cats SDCC 2022"},"content":{"rendered":"<p>Le\u00f3n-O es el hijo de Claudus, y es el l\u00edder y Se\u00f1or de los ThunderCats. La serie muestra sus aventuras desde su infancia hasta la edad adolescente\/adulta en el Tercer Planeta\u00a0y en Nueva Thundera, junto a sus amigos y fieles seguidores, los ThunderCats.<\/p>\n<p>La nueva incorporaci\u00f3n para una exclusiva de SDCC 2022, Lion-O Hook Mountain Ice. Es una escultura de ojos cerrados que cambiar\u00e1 los colores de un tono azul fr\u00edo a colores normales cuando se expone a la luz solar, cambiando de color de piel regular a piel azul y viceversa.<\/p>\n<p>Esta figura de 15cm presenta m\u00faltiples puntos de articulaci\u00f3n y dise\u00f1o incre\u00edble. Incluye 12 accesorios.<\/p>\n<p><span class=\"Apple-converted-space\">\u00a0<\/span><\/p>\n<p>Edad recomendada: 4 a\u00f1os en adelante<\/p>\n<p>\u26a0\ufe0fADVERTENCIA: PELIGRO DE ASFIXIA &#8211; Piezas peque\u00f1as. No apto para ni\u00f1os menores de 4 a\u00f1os.<\/p>\n<p>Los productos ThunderCats son producidos por Super 7 bajo licencia autorizada de WB.<\/p>\n<p>Super 7 , WB y todos los t\u00e9rminos relacionados son marcas registradas de Super 7 y WB.<\/p>\n","protected":false},"excerpt":{"rendered":"<p>Le\u00f3n-O es el hijo de Claudus, y es el l\u00edder y Se\u00f1or de los ThunderCats. La serie muestra sus aventuras desde su infancia hasta la edad adolescente\/adulta en el Tercer Planeta\u00a0y en Nueva Thundera, junto a sus amigos y fieles seguidores, los ThunderCats.<\/p>\n","protected":false},"featured_media":4952,"comment_status":"open","ping_status":"closed","template":"","meta":[],"product_brand":[],"product_cat":[21],"product_tag":[],"class_list":{"0":"post-4900","1":"product","2":"type-product","3":"status-publish","4":"has-post-thumbnail","6":"product_cat-retro","8":"first","9":"outofstock","10":"taxable","11":"shipping-taxable","12":"purchasable","13":"product-type-simple"},"_links":{"self":[{"href":"https:\/\/r2-toys.com\/index.php\/wp-json\/wp\/v2\/product\/4900","targetHints":{"allow":["GET"]}}],"collection":[{"href":"https:\/\/r2-toys.com\/index.php\/wp-json\/wp\/v2\/product"}],"about":[{"href":"https:\/\/r2-toys.com\/index.php\/wp-json\/wp\/v2\/types\/product"}],"replies":[{"embeddable":true,"href":"https:\/\/r2-toys.com\/index.php\/wp-json\/wp\/v2\/comments?post=4900"}],"wp:featuredmedia":[{"embeddable":true,"href":"https:\/\/r2-toys.com\/index.php\/wp-json\/wp\/v2\/media\/4952"}],"wp:attachment":[{"href":"https:\/\/r2-toys.com\/index.php\/wp-json\/wp\/v2\/media?parent=4900"}],"wp:term":[{"taxonomy":"product_brand","embeddable":true,"href":"https:\/\/r2-toys.com\/index.php\/wp-json\/wp\/v2\/product_brand?post=4900"},{"taxonomy":"product_cat","embeddable":true,"href":"https:\/\/r2-toys.com\/index.php\/wp-json\/wp\/v2\/product_cat?post=4900"},{"taxonomy":"product_tag","embeddable":true,"href":"https:\/\/r2-toys.com\/index.php\/wp-json\/wp\/v2\/product_tag?post=4900"}],"curies":[{"name":"wp","href":"https:\/\/api.w.org\/{rel}","templated":true}]}}